{"id":233990,"date":"2026-04-10T14:43:00","date_gmt":"2026-04-10T12:43:00","guid":{"rendered":"https:\/\/oxyski.com\/rejoindre-lequipe-oxyski\/"},"modified":"2026-04-10T14:48:57","modified_gmt":"2026-04-10T12:48:57","slug":"rejoindre-lequipe-oxyski","status":"publish","type":"page","link":"https:\/\/oxyski.com\/fr\/rejoindre-lequipe-oxyski\/","title":{"rendered":"Rejoindre l&#8217;\u00e9quipe Oxyski"},"content":{"rendered":"<p>[vc_row][vc_column][vc_single_image image=&#8221;233986&#8243; img_size=&#8221;2000&#215;600&#8243; el_class=&#8221;image-headband-frontpage-main&#8221;][\/vc_column][\/vc_row][vc_row][vc_column][vc_empty_space height=&#8221;20px&#8221;][\/vc_column][\/vc_row][vc_row][vc_column][vc_column_text]<\/p>\n<p>[\/vc_column_text][\/vc_column][\/vc_row][vc_row css=&#8221;.vc_custom_1723108676047{margin-right: 5% !important;margin-left: 5% !important;}&#8221;][vc_column][vc_column_text]<\/p>\n<h1 style=\"text-align: center;\"><strong><span style=\"color: #00adef;\">\u00c9COLE DE SKI &amp; SNOWBOARD OXYSKI, TRAVAILLEZ AVEC NOUS !<\/span><\/strong><\/h1>\n<p>[\/vc_column_text][vc_empty_space height=&#8221;15px&#8221;][vc_column_text]<\/p>\n<p style=\"text-align: center;\" data-start=\"0\" data-end=\"308\">Bienvenue chez Oxyski, une \u00e9cole de ski et de snowboard reconnue, forte de plus de 30 ans d\u2019exp\u00e9rience. Situ\u00e9e en Haute-Savoie, au c\u0153ur des magnifiques stations de Meg\u00e8ve, Le Grand-Bornand et Chamonix, nous sommes chaque saison \u00e0 la recherche de personnes passionn\u00e9es et motiv\u00e9es pour rejoindre notre \u00e9quipe.<\/p>\n<p style=\"text-align: center;\" data-start=\"310\" data-end=\"415\" data-is-last-node=\"\" data-is-only-node=\"\">Si vous \u00eates pr\u00eat(e) \u00e0 vivre une nouvelle aventure en montagne, nous serions ravis d\u2019\u00e9changer avec vous !<\/p>\n<p>[\/vc_column_text][vc_empty_space height=&#8221;15px&#8221;][\/vc_column][\/vc_row][vc_row css=&#8221;.vc_custom_1719836046889{padding-bottom: 50px !important;}&#8221;][vc_column][vc_row_inner type=&#8221;boxed&#8221;][vc_column_inner width=&#8221;1\/2&#8243;][vc_single_image image=&#8221;5126&#8243; img_size=&#8221;100&#215;100&#8243; alignment=&#8221;center&#8221; css_animation=&#8221;top-to-bottom&#8221;][vc_column_text css=&#8221;.vc_custom_1755602454242{padding-top: 0px !important;padding-bottom: 0px !important;}&#8221;]<\/p>\n<div class=\"wpb_text_column wpb_content_element vc_custom_1714138607196\">\n<div class=\"wpb_wrapper\">\n<h3 style=\"text-align: center;\"><span style=\"color: #00adef;\">ESPRIT D&#8217;\u00c9QUIPE<\/span><\/h3>\n<\/div>\n<\/div>\n<p>[\/vc_column_text][vc_column_text css=&#8221;.vc_custom_1729068633671{padding-top: 0px !important;padding-right: 5% !important;padding-bottom: 0px !important;}&#8221;]<\/p>\n<p style=\"text-align: center;\">Rejoignez une \u00e9quipe dynamique, soud\u00e9e et internationale. Nous sommes reconnus pour notre convivialit\u00e9, notre enthousiaste et notre \u00e9coute de nos clients et partenaires. Si cela vous correspond et vous donne envie de nous rencontrer, contactez-nous.<\/p>\n<p>[\/vc_column_text][\/vc_column_inner][vc_column_inner width=&#8221;1\/2&#8243;][vc_single_image image=&#8221;233975&#8243; img_size=&#8221;50&#215;50&#8243; alignment=&#8221;center&#8221; css_animation=&#8221;top-to-bottom&#8221; css=&#8221;.vc_custom_1775821919169{padding-top: 30px !important;}&#8221;][vc_column_text css=&#8221;.vc_custom_1774260411296{padding-top: 0px !important;padding-bottom: 0px !important;}&#8221;]<\/p>\n<div class=\"wpb_text_column wpb_content_element vc_custom_1714138607196\">\n<div class=\"wpb_wrapper\">\n<h3 style=\"text-align: center;\"><span style=\"color: #00adef;\">VOUS PARLEZ ANGLAIS ?<\/span><\/h3>\n<\/div>\n<\/div>\n<div id=\"gtx-trans\" style=\"position: absolute; left: 31px; top: -3.82812px;\">\n<div class=\"gtx-trans-icon\"><\/div>\n<\/div>\n<p>[\/vc_column_text][vc_column_text css=&#8221;.vc_custom_1752059998021{padding-top: 0px !important;padding-bottom: 0px !important;padding-left: 5% !important;}&#8221;]<\/p>\n<p style=\"text-align: center;\">Parce qu\u2019une grande partie de notre client\u00e8le est internationale, nous recherchons des collaborateurs bilingues fran\u00e7ais\/anglais. Si vous \u00eates motiv\u00e9(e), dynamique, passionn\u00e9(e) par les sports d\u2019hiver et pr\u00eat \u00e0 vous investir, rejoignez notre \u00e9quipe ! Nous serions ravis de faire votre connaissance.<\/p>\n<p>[\/vc_column_text][\/vc_column_inner][\/vc_row_inner][vc_empty_space height=&#8221;75px&#8221;][vc_row_inner type=&#8221;boxed&#8221;][vc_column_inner][vc_column_text css=&#8221;.vc_custom_1739788541670{padding-top: 0px !important;padding-bottom: 0px !important;}&#8221;]<\/p>\n<div class=\"wpb_text_column wpb_content_element vc_custom_1714138607196\">\n<div class=\"wpb_wrapper\">\n<h4 style=\"text-align: center; color: #00adef;\">POSTULEZ !<\/h4>\n<\/div>\n<\/div>\n<div id=\"gtx-trans\" style=\"position: absolute; left: 298px; top: -3.82812px;\">\n<div class=\"gtx-trans-icon\"><\/div>\n<\/div>\n<p>[\/vc_column_text][vc_column_text css=&#8221;.vc_custom_1775815837570{padding-top: 0px !important;padding-bottom: 0px !important;}&#8221;]<\/p>\n<p style=\"text-align: center;\">Nous proposons des postes saisonniers \u00e0 Meg\u00e8ve et au Grand-Bornand.<\/p>\n<p style=\"text-align: center;\">Envoyez-nous\u00a0votre CV et votre lettre de motivation.<\/p>\n<p>[\/vc_column_text][\/vc_column_inner][\/vc_row_inner][vc_empty_space height=&#8221;50px&#8221;][\/vc_column][\/vc_row][vc_row css=&#8221;.vc_custom_1775822969692{margin-right: 5% !important;margin-left: 5% !important;}&#8221;][vc_column width=&#8221;1\/2&#8243; el_class=&#8221;image-column-remove-padding image-headband&#8221;][vc_single_image image=&#8221;233955&#8243; img_size=&#8221;full&#8221; style=&#8221;vc_box_rounded&#8221; el_class=&#8221;image-headband-frontpage-main&#8221;][\/vc_column][vc_column width=&#8221;1\/2&#8243;][vc_row_inner css=&#8221;.vc_custom_1721031945722{margin-right: 10% !important;}&#8221;][vc_column_inner][vc_column_text]<\/p>\n<h5><b>H\u00d4TE\/H\u00d4TESSE\u200c \u200cDE\u200c \u200cVENTE\u200c \u200c\u200c- MEG\u00c8VE<\/b><\/h5>\n<p>Vous aimez le ski, mais pr\u00e9f\u00e9rez travailler au chaud dans un bureau ? Parfait. Nous avons besoin de personnes chaleureuses, habitu\u00e9es \u00e0 l\u2019outil informatique et tr\u00e8s organis\u00e9es pour rejoindre nos \u00e9quipes de r\u00e9servation et de vente en station cet hiver. En charge des r\u00e9servations des cours, des emails et de t\u00e2ches administratives vari\u00e9es, ce poste majoritairement hivernal est id\u00e9al pour ceux qui souhaitent vivre et travailler en montagne, mais dans un bureau chaleureux, l\u00e0 o\u00f9 il fait bon d\u00e9guster un bon th\u00e9 ou caf\u00e9 en admirant les pistes de ski au loin.<\/p>\n<p>Nous demandons :<\/p>\n<ul>\n<li>disponibilit\u00e9 de fin novembre \u00e0 fin avril<\/li>\n<li>une personnalit\u00e9 chaleureuse et sociable, une bonne pr\u00e9sentation<\/li>\n<li>d\u2019excellentes qualit\u00e9s organisationnelles et relationnelles<\/li>\n<li>exp\u00e9riment\u00e9(e) en relation client<\/li>\n<li>un niveau courant en anglais et fran\u00e7ais<\/li>\n<li>le permis de conduire est un plus<\/li>\n<\/ul>\n<p>Nous proposons :<\/p>\n<ul>\n<li>logement en station<\/li>\n<li>bonne r\u00e9mun\u00e9ration de base<\/li>\n<li>une superbe ambiance de travail<\/li>\n<\/ul>\n<p>Pour postuler, envoyez-nous votre CV et votre lettre de motivation.[\/vc_column_text][\/vc_column_inner][\/vc_row_inner][vc_btn title=&#8221;POSTULER&#8221; link=&#8221;url:mailto%3Ajobs%40oxygene.ski.com%3Fsubject%3DCandidature%2520h%C3%B4te.esse%2520vente%2520Meg%C3%A8ve|target:_blank&#8221;][\/vc_column][\/vc_row][vc_row][vc_column][vc_empty_space height=&#8221;50px&#8221;][\/vc_column][\/vc_row][vc_row equal_height=&#8221;yes&#8221; css=&#8221;.vc_custom_1775822979714{margin-right: 5% !important;margin-left: 5% !important;}&#8221;][vc_column width=&#8221;1\/2&#8243; el_class=&#8221;image-column-remove-padding image-headband&#8221;][vc_single_image image=&#8221;233971&#8243; img_size=&#8221;full&#8221; style=&#8221;vc_box_rounded&#8221; el_class=&#8221;image-headband-frontpage-main&#8221;][\/vc_column][vc_column width=&#8221;1\/2&#8243;][vc_row_inner css=&#8221;.vc_custom_1721031945722{margin-right: 10% !important;}&#8221;][vc_column_inner][vc_column_text]<\/p>\n<h5><b>COMMERCIAL(E) EN STATION \u2013 MEG\u00c8VE<\/b><\/h5>\n<p>\u00cates-vous chaleureux(se), souriant(e), \u00e0 l\u2019aff\u00fbt de la moindre occasion de vous socialiser et d\u2019\u00e9changer ? Devenez le visage d\u2019Oxyski en station. Le poste de commercial(e) en station est l\u2019\u00e9quilibre parfait entre travail et divertissement. En charge de toutes les communications en station et des relations avec les tour-operateurs, clients et moniteurs, ce poste vari\u00e9 est id\u00e9al pour un individu extraverti qui aime le contact humain.<\/p>\n<p>Nous demandons :<\/p>\n<ul>\n<li>disponibilit\u00e9 de novembre \u00e0 fin avril<\/li>\n<li>personne souriante et d\u2019apparence tr\u00e8s soign\u00e9e<\/li>\n<li>flexible et dynamique, dot\u00e9e d\u2019une excellente capacit\u00e9 de communication<\/li>\n<li>exp\u00e9riment\u00e9e dans la relation client et de pr\u00e9f\u00e9rence avec une connaissance des saisons au ski et une exp\u00e9rience avec les Tour-Op\u00e9rateurs<\/li>\n<li>un bon niveau d\u2019anglais et de fran\u00e7ais<\/li>\n<li>de pr\u00e9f\u00e9rence avec un permis de conduire<\/li>\n<\/ul>\n<p>Nous proposons :<\/p>\n<ul>\n<li>logement en station<\/li>\n<li>bonne r\u00e9mun\u00e9ration de base plus bonus.<\/li>\n<\/ul>\n<p>Pour postuler, envoyez-nous votre CV et votre lettre de motivation.[\/vc_column_text][\/vc_column_inner][\/vc_row_inner][vc_btn title=&#8221;POSTULER&#8221; link=&#8221;url:mailto%3Ajobs%40oxygene.ski.com%3Fsubject%3DCommercial.e%2520station%2520vente%2520Meg%C3%A8ve|target:_blank&#8221;][\/vc_column][\/vc_row][vc_row][vc_column][vc_empty_space height=&#8221;30px&#8221;][\/vc_column][\/vc_row]<\/p>\n","protected":false},"excerpt":{"rendered":"<p>[vc_row][vc_column][vc_single_image image=&#8221;233986&#8243; img_size=&#8221;2000&#215;600&#8243; el_class=&#8221;image-headband-frontpage-main&#8221;][\/vc_column][\/vc_row][vc_row][vc_column][vc_empty_space height=&#8221;20px&#8221;][\/vc_column][\/vc_row][vc_row][vc_column][vc_column_text] [\/vc_column_text][\/vc_column][\/vc_row][vc_row css=&#8221;.vc_custom_1723108676047{margin-right: 5% !important;margin-left: 5% !important;}&#8221;][vc_column][vc_column_text] \u00c9COLE DE SKI &amp; SNOWBOARD OXYSKI, TRAVAILLEZ AVEC NOUS ! [\/vc_column_text][vc_empty_space height=&#8221;15px&#8221;][vc_column_text] Bienvenue chez Oxyski, une \u00e9cole de ski et de snowboard reconnue, forte de plus de 30 ans d\u2019exp\u00e9rience. Situ\u00e9e en Haute-Savoie, au c\u0153ur des magnifiques stations de Meg\u00e8ve, Le Grand-Bornand et Chamonix, [&hellip;]<\/p>\n","protected":false},"author":5660,"featured_media":0,"parent":0,"menu_order":0,"comment_status":"closed","ping_status":"closed","template":"page-full-width.php","meta":[],"yoast_head":"<!-- This site is optimized with the Yoast SEO plugin v17.6 - https:\/\/yoast.com\/wordpress\/plugins\/seo\/ -->\n<title>Rejoindre l&#039;\u00e9quipe Oxyski | Oxyski \u00c9cole de Ski &amp; Snowboard<\/title>\n<meta name=\"description\" content=\"Envie de rejoindre l&#039;\u00e9quipe Oxyski, nous vous offrons des opportunit\u00e9s dans les plus belles stations des Alpes o\u00f9 nous sommes.\" \/>\n<meta name=\"robots\" content=\"index, follow, max-snippet:-1, max-image-preview:large, max-video-preview:-1\" \/>\n<link rel=\"canonical\" href=\"https:\/\/oxyski.com\/fr\/rejoindre-lequipe-oxyski\/\" \/>\n<meta property=\"og:locale\" content=\"fr_FR\" \/>\n<meta property=\"og:type\" content=\"article\" \/>\n<meta property=\"og:title\" content=\"Rejoindre l&#039;\u00e9quipe Oxyski | Oxyski \u00c9cole de Ski &amp; Snowboard\" \/>\n<meta property=\"og:description\" content=\"Envie de rejoindre l&#039;\u00e9quipe Oxyski, nous vous offrons des opportunit\u00e9s dans les plus belles stations des Alpes o\u00f9 nous sommes.\" \/>\n<meta property=\"og:url\" content=\"https:\/\/oxyski.com\/fr\/rejoindre-lequipe-oxyski\/\" \/>\n<meta property=\"og:site_name\" content=\"Oxyski\" \/>\n<meta property=\"article:publisher\" content=\"https:\/\/www.facebook.com\/OxygeneSki\" \/>\n<meta property=\"article:modified_time\" content=\"2026-04-10T12:48:57+00:00\" \/>\n<meta name=\"twitter:card\" content=\"summary\" \/>\n<meta name=\"twitter:site\" content=\"@Oxygene_Ski\" \/>\n<meta name=\"twitter:label1\" content=\"Est. reading time\" \/>\n\t<meta name=\"twitter:data1\" content=\"3 minutes\" \/>\n<script type=\"application\/ld+json\" class=\"yoast-schema-graph\">{\"@context\":\"https:\/\/schema.org\",\"@graph\":[{\"@type\":\"WebSite\",\"@id\":\"https:\/\/oxyski.com\/#website\",\"url\":\"https:\/\/oxyski.com\/\",\"name\":\"Oxyski\",\"description\":\"\",\"potentialAction\":[{\"@type\":\"SearchAction\",\"target\":{\"@type\":\"EntryPoint\",\"urlTemplate\":\"https:\/\/oxyski.com\/?s={search_term_string}\"},\"query-input\":\"required name=search_term_string\"}],\"inLanguage\":\"fr\"},{\"@type\":\"WebPage\",\"@id\":\"https:\/\/oxyski.com\/fr\/rejoindre-lequipe-oxyski\/#webpage\",\"url\":\"https:\/\/oxyski.com\/fr\/rejoindre-lequipe-oxyski\/\",\"name\":\"Rejoindre l'\\u00e9quipe Oxyski | Oxyski \\u00c9cole de Ski & Snowboard\",\"isPartOf\":{\"@id\":\"https:\/\/oxyski.com\/#website\"},\"datePublished\":\"2026-04-10T12:43:00+00:00\",\"dateModified\":\"2026-04-10T12:48:57+00:00\",\"description\":\"Envie de rejoindre l'\\u00e9quipe Oxyski, nous vous offrons des opportunit\\u00e9s dans les plus belles stations des Alpes o\\u00f9 nous sommes.\",\"breadcrumb\":{\"@id\":\"https:\/\/oxyski.com\/fr\/rejoindre-lequipe-oxyski\/#breadcrumb\"},\"inLanguage\":\"fr\",\"potentialAction\":[{\"@type\":\"ReadAction\",\"target\":[\"https:\/\/oxyski.com\/fr\/rejoindre-lequipe-oxyski\/\"]}]},{\"@type\":\"BreadcrumbList\",\"@id\":\"https:\/\/oxyski.com\/fr\/rejoindre-lequipe-oxyski\/#breadcrumb\",\"itemListElement\":[{\"@type\":\"ListItem\",\"position\":1,\"name\":\"Home\",\"item\":\"https:\/\/oxyski.com\/fr\/accueil\/\"},{\"@type\":\"ListItem\",\"position\":2,\"name\":\"Rejoindre l&#8217;\\u00e9quipe Oxyski\"}]}]}<\/script>\n<!-- \/ Yoast SEO plugin. -->","yoast_head_json":{"title":"Rejoindre l'\u00e9quipe Oxyski | Oxyski \u00c9cole de Ski & Snowboard","description":"Envie de rejoindre l'\u00e9quipe Oxyski, nous vous offrons des opportunit\u00e9s dans les plus belles stations des Alpes o\u00f9 nous sommes.","robots":{"index":"index","follow":"follow","max-snippet":"max-snippet:-1","max-image-preview":"max-image-preview:large","max-video-preview":"max-video-preview:-1"},"canonical":"https:\/\/oxyski.com\/fr\/rejoindre-lequipe-oxyski\/","og_locale":"fr_FR","og_type":"article","og_title":"Rejoindre l'\u00e9quipe Oxyski | Oxyski \u00c9cole de Ski & Snowboard","og_description":"Envie de rejoindre l'\u00e9quipe Oxyski, nous vous offrons des opportunit\u00e9s dans les plus belles stations des Alpes o\u00f9 nous sommes.","og_url":"https:\/\/oxyski.com\/fr\/rejoindre-lequipe-oxyski\/","og_site_name":"Oxyski","article_publisher":"https:\/\/www.facebook.com\/OxygeneSki","article_modified_time":"2026-04-10T12:48:57+00:00","twitter_card":"summary","twitter_site":"@Oxygene_Ski","twitter_misc":{"Est. reading time":"3 minutes"},"schema":{"@context":"https:\/\/schema.org","@graph":[{"@type":"WebSite","@id":"https:\/\/oxyski.com\/#website","url":"https:\/\/oxyski.com\/","name":"Oxyski","description":"","potentialAction":[{"@type":"SearchAction","target":{"@type":"EntryPoint","urlTemplate":"https:\/\/oxyski.com\/?s={search_term_string}"},"query-input":"required name=search_term_string"}],"inLanguage":"fr"},{"@type":"WebPage","@id":"https:\/\/oxyski.com\/fr\/rejoindre-lequipe-oxyski\/#webpage","url":"https:\/\/oxyski.com\/fr\/rejoindre-lequipe-oxyski\/","name":"Rejoindre l'\u00e9quipe Oxyski | Oxyski \u00c9cole de Ski & Snowboard","isPartOf":{"@id":"https:\/\/oxyski.com\/#website"},"datePublished":"2026-04-10T12:43:00+00:00","dateModified":"2026-04-10T12:48:57+00:00","description":"Envie de rejoindre l'\u00e9quipe Oxyski, nous vous offrons des opportunit\u00e9s dans les plus belles stations des Alpes o\u00f9 nous sommes.","breadcrumb":{"@id":"https:\/\/oxyski.com\/fr\/rejoindre-lequipe-oxyski\/#breadcrumb"},"inLanguage":"fr","potentialAction":[{"@type":"ReadAction","target":["https:\/\/oxyski.com\/fr\/rejoindre-lequipe-oxyski\/"]}]},{"@type":"BreadcrumbList","@id":"https:\/\/oxyski.com\/fr\/rejoindre-lequipe-oxyski\/#breadcrumb","itemListElement":[{"@type":"ListItem","position":1,"name":"Home","item":"https:\/\/oxyski.com\/fr\/accueil\/"},{"@type":"ListItem","position":2,"name":"Rejoindre l&#8217;\u00e9quipe Oxyski"}]}]}},"_links":{"self":[{"href":"https:\/\/oxyski.com\/fr\/wp-json\/wp\/v2\/pages\/233990"}],"collection":[{"href":"https:\/\/oxyski.com\/fr\/wp-json\/wp\/v2\/pages"}],"about":[{"href":"https:\/\/oxyski.com\/fr\/wp-json\/wp\/v2\/types\/page"}],"author":[{"embeddable":true,"href":"https:\/\/oxyski.com\/fr\/wp-json\/wp\/v2\/users\/5660"}],"replies":[{"embeddable":true,"href":"https:\/\/oxyski.com\/fr\/wp-json\/wp\/v2\/comments?post=233990"}],"version-history":[{"count":8,"href":"https:\/\/oxyski.com\/fr\/wp-json\/wp\/v2\/pages\/233990\/revisions"}],"predecessor-version":[{"id":233998,"href":"https:\/\/oxyski.com\/fr\/wp-json\/wp\/v2\/pages\/233990\/revisions\/233998"}],"wp:attachment":[{"href":"https:\/\/oxyski.com\/fr\/wp-json\/wp\/v2\/media?parent=233990"}],"curies":[{"name":"wp","href":"https:\/\/api.w.org\/{rel}","templated":true}]}}