{"id":233006,"date":"2025-11-25T21:56:31","date_gmt":"2025-11-25T20:56:31","guid":{"rendered":"https:\/\/oxyski.com\/notre-ecole-2\/"},"modified":"2026-01-27T16:25:08","modified_gmt":"2026-01-27T15:25:08","slug":"notre-ecole","status":"publish","type":"page","link":"https:\/\/oxyski.com\/fr\/notre-ecole\/","title":{"rendered":"Notre Ecole"},"content":{"rendered":"<p>[vc_row][vc_column][vc_single_image image=&#8221;232685&#8243; img_size=&#8221;2000&#215;600&#8243; el_class=&#8221;image-headband-frontpage-main&#8221;][\/vc_column][\/vc_row][vc_row css=&#8221;.vc_custom_1763670951108{border-right-width: 5% !important;border-left-width: 5% !important;}&#8221;][vc_column][vc_empty_space height=&#8221;20px&#8221;][vc_column_text css=&#8221;.vc_custom_1763671134415{margin-right: 10% !important;margin-left: 10% !important;}&#8221;]<\/p>\n<h1 style=\"text-align: center;\"><span style=\"color: #00adef;\">N\u00c9S DANS LES MONTAGNES. GUID\u00c9S PAR LA PASSION. D\u00c9DI\u00c9S \u00c0 CHACUN DE VOUS.<\/span><\/h1>\n<p>[\/vc_column_text][vc_column_text css=&#8221;.vc_custom_1763671013689{margin-right: 10% !important;margin-left: 10% !important;}&#8221;]<\/p>\n<p style=\"text-align: center;\" data-start=\"370\" data-end=\"608\">Oxyski est la rencontre de deux \u00e9coles de ski visionnaires, n\u00e9es sur des versants diff\u00e9rents des Alpes fran\u00e7aises mais anim\u00e9es par la m\u00eame conviction : rendre le ski et le snowboard accessibles, passionnants et inoubliables pour tous.<\/p>\n<p style=\"text-align: center;\" data-start=\"610\" data-end=\"1036\">Avec des racines remontant \u00e0 1986 avec Starski au Grand-Bornand, et \u00e0 1992 avec Oxyg\u00e8ne \u00e0 La Plagne, nous sommes aujourd\u2019hui une \u00e9cole de ski et de snowboard ind\u00e9pendante et internationale pr\u00e9sente dans certaines des stations les plus embl\u00e9matiques des Alpes. Ce qui nous unit ? Une v\u00e9rit\u00e9 simple : la montagne appartient \u00e0 tout le monde, et un bon enseignement peut transformer une journ\u00e9e, un s\u00e9jour\u2026 ou une vie.<\/p>\n<p>[\/vc_column_text][vc_empty_space height=&#8221;10px&#8221;][vc_row_inner type=&#8221;boxed&#8221;][vc_column_inner width=&#8221;1\/2&#8243;][vc_single_image image=&#8221;5117&#8243; img_size=&#8221;100&#215;100&#8243; alignment=&#8221;center&#8221; css_animation=&#8221;top-to-bottom&#8221;][vc_column_text]<\/p>\n<div class=\"wpb_text_column wpb_content_element vc_custom_1714138607196\">\n<div class=\"wpb_wrapper\">\n<h2 style=\"text-align: center;\"><span style=\"color: #00adef;\"><strong><span style=\"font-size: 22px;\">UN ESPRIT D\u2019AVENTURE PARTAG\u00c9<\/span><\/strong><\/span><\/h2>\n<\/div>\n<\/div>\n<div id=\"gtx-trans\" style=\"position: absolute; left: 120px; top: -3.82812px;\">\n<div class=\"gtx-trans-icon\"><\/div>\n<\/div>\n<p>[\/vc_column_text][vc_column_text css=&#8221;.vc_custom_1763670329172{margin-right: 20px !important;}&#8221;]<\/p>\n<div class=\"wpb_text_column wpb_content_element vc_custom_1714138607196\">\n<div class=\"wpb_wrapper\">\n<p style=\"text-align: center;\" data-start=\"1080\" data-end=\"1396\">Depuis leurs d\u00e9buts, ont \u00e9t\u00e9 guid\u00e9s par l\u2019aventure, la d\u00e9termination et le plaisir d\u2019enseigner la glisse.<br data-start=\"1207\" data-end=\"1210\" \/>Nos cours reposent sur la confiance, les progr\u00e8s partag\u00e9s et le rire : des moments o\u00f9 l\u2019on se d\u00e9passe, o\u00f9 des amiti\u00e9s naissent et o\u00f9 se cr\u00e9ent les souvenirs qui donnent envie de revenir. Que vous enfiliez vos premi\u00e8res chaussures de ski ou que vous partiez explorer la poudreuse hors-piste, nos moniteurs sont l\u00e0 pour vous accompagner, vous inspirer et vous aider \u00e0 aller plus loin que vous ne l\u2019auriez imagin\u00e9\u2014tout en savourant chaque virage.<\/p>\n<\/div>\n<\/div>\n<p>[\/vc_column_text][\/vc_column_inner][vc_column_inner width=&#8221;1\/2&#8243;][vc_single_image image=&#8221;5113&#8243; img_size=&#8221;100&#215;100&#8243; alignment=&#8221;center&#8221; css_animation=&#8221;top-to-bottom&#8221;][vc_column_text]<\/p>\n<div class=\"wpb_text_column wpb_content_element vc_custom_1714138607196\">\n<div class=\"wpb_wrapper\">\n<h2 style=\"text-align: center;\"><span style=\"color: #00adef;\"><strong><span style=\"font-size: 22px;\">UNE HISTOIRE DE FAMILLE DEVENUE UNE COMMUNAUT\u00c9<\/span><\/strong><\/span><\/h2>\n<\/div>\n<\/div>\n<p>[\/vc_column_text][vc_column_text css=&#8221;.vc_custom_1763670369626{margin-right: 20px !important;}&#8221;]<\/p>\n<div class=\"wpb_text_column wpb_content_element vc_custom_1714138607196\">\n<div class=\"wpb_wrapper\">\n<div class=\"wpb_text_column wpb_content_element vc_custom_1714138607196\">\n<div class=\"wpb_wrapper\">\n<p style=\"text-align: center;\">Oxyski est fi\u00e8rement ancr\u00e9 dans de fortes traditions familiales. Une \u00e9cole de ski fran\u00e7aise familiale\u2026 mais avec une touche en plus. Parce que voil\u00e0 : nous aimons nos clients. \u00c0 la fin des ann\u00e9es 80 et au d\u00e9but des ann\u00e9es 90, pendant que beaucoup d\u2019entre vous chantaient les Spice Girls et arboraient le double denim, nous \u00e9tions occup\u00e9s \u00e0 construire une \u00e9cole de ski pens\u00e9e pour tout le monde. Petits et grands, d\u00e9butants et confirm\u00e9s ; Fran\u00e7ais comme internationaux. Plus de 30 ans plus tard, nous avons laiss\u00e9 tomber le denim, mais gard\u00e9 le bleu ! Avec une \u00e9quipe chaleureuse et 300 moniteurs r\u00e9partis dans 16 stations des Alpes fran\u00e7aises, nous sommes une \u00e9cole de ski assez grande pour inspirer confiance, mais assez proche de vous pour vraiment prendre soin de chacun.<\/p>\n<\/div>\n<\/div>\n<\/div>\n<\/div>\n<p>[\/vc_column_text][\/vc_column_inner][\/vc_row_inner][\/vc_column][\/vc_row][vc_row css=&#8221;.vc_custom_1723142607460{margin-right: 5% !important;margin-left: 5% !important;}&#8221;][vc_column width=&#8221;1\/2&#8243; el_class=&#8221;image-column-remove-padding image-headband&#8221;][vc_single_image image=&#8221;58107&#8243; img_size=&#8221;500&#215;500&#8243; alignment=&#8221;center&#8221; style=&#8221;vc_box_rounded&#8221; el_class=&#8221;image-headband-frontpage&#8221;][\/vc_column][vc_column width=&#8221;1\/2&#8243;][vc_column_text]<\/p>\n<div class=\"wpb_text_column wpb_content_element vc_custom_1714138607196\">\n<div class=\"wpb_wrapper\">\n<h2 style=\"text-align: center;\"><span style=\"color: #00adef;\"><strong><span style=\"font-size: 22px;\">FIERS DE NOS FORTES TRADITIONS FAMILIALES<\/span><\/strong><\/span><\/h2>\n<\/div>\n<\/div>\n<p>[\/vc_column_text][vc_row_inner][vc_column_inner][vc_column_text]<\/p>\n<p data-start=\"40\" data-end=\"605\">Oxyg\u00e8ne a \u00e9t\u00e9 cr\u00e9\u00e9 par les fr\u00e8res de Monvallier \u2013 Pierre, Julien et Bertrand \u2013 qui ont fond\u00e9 une \u00e9cole de ski au style chaleureux, personnel et profond\u00e9ment attentif \u00e0 chaque client. Au fil des d\u00e9cennies, leur passion s\u2019est d\u00e9ploy\u00e9e \u00e0 travers la Tarentaise et bien au-del\u00e0, apportant des innovations dans de nouvelles disciplines, le ski adapt\u00e9, le service de chalet-fitting, les partenariats avec Burton, ainsi que l\u2019ouverture de nouvelles \u00e9coles dans des stations telles que Val d\u2019Is\u00e8re, Courchevel, M\u00e9ribel, La Tania, Val Thorens, Les Menuires, Meg\u00e8ve et Tignes.<\/p>\n<p data-start=\"607\" data-end=\"1074\">Starski a \u00e9t\u00e9 fond\u00e9e par deux moniteurs de ski, R\u00e9mi Lemaitre et Dominique Marie, avec une philosophie simple : ne rentrez pas les skieurs dans une case \u2013 cr\u00e9ez-en une nouvelle pour eux ! Leur approche personnalis\u00e9e et flexible est rapidement devenue une signature de l\u2019exp\u00e9rience au Grand-Bornand. En 2016, les fils de Dominique, J\u00e9r\u00e9my et J\u00e9r\u00f4me, ont poursuivi l\u2019h\u00e9ritage familial, renfor\u00e7ant l\u2019expertise de l\u2019\u00e9cole tant dans l\u2019enseignement que dans l\u2019organisation.<\/p>\n<p data-start=\"1076\" data-end=\"1257\" data-is-last-node=\"\" data-is-only-node=\"\">En 2019, Starski a rejoint le groupe Oxyg\u00e8ne, construisant un avenir commun tout en pr\u00e9servant son authenticit\u00e9 locale. Aujourd\u2019hui, cette union constitue l\u2019un des piliers d\u2019Oxyski.<\/p>\n<p>[\/vc_column_text][\/vc_column_inner][\/vc_row_inner][\/vc_column][\/vc_row][vc_row][vc_column][vc_empty_space height=&#8221;20px&#8221;][\/vc_column][\/vc_row][vc_row css=&#8221;.vc_custom_1723142607460{margin-right: 5% !important;margin-left: 5% !important;}&#8221;][vc_column width=&#8221;1\/2&#8243; el_class=&#8221;image-column-remove-padding image-headband&#8221;][vc_column_text]<\/p>\n<div class=\"wpb_text_column wpb_content_element vc_custom_1714138607196\">\n<div class=\"wpb_wrapper\">\n<h2 style=\"text-align: center;\"><span style=\"color: #00adef;\"><strong><span style=\"font-size: 22px;\">UNE CROISSANCE GUID\u00c9E PAR LA PASSION<\/span><\/strong><\/span><\/h2>\n<\/div>\n<\/div>\n<p>[\/vc_column_text][vc_row_inner][vc_column_inner][vc_column_text]<\/p>\n<p data-start=\"2938\" data-end=\"3116\">Depuis plus de 30 ans, la famille Oxyski grandit avec un seul objectif : proposer un ski plus humain, plus inclusif et plus adapt\u00e9 aux besoins de chacun. Parmi les \u00e9tapes cl\u00e9s :<\/p>\n<ul data-start=\"3118\" data-end=\"3579\">\n<li data-start=\"3118\" data-end=\"3222\">\n<p data-start=\"3120\" data-end=\"3222\"><strong data-start=\"3120\" data-end=\"3135\">1992\u20132000 :<\/strong> naissance de l\u2019\u00e9cole \u00e0 La Plagne, ouverture \u00e0 Val d\u2019Is\u00e8re et lancement du ski adapt\u00e9<\/p>\n<\/li>\n<li data-start=\"3223\" data-end=\"3348\">\n<p data-start=\"3225\" data-end=\"3348\"><strong data-start=\"3225\" data-end=\"3240\">2011\u20132017 :<\/strong> Burton Experience Centre, service de fitting en chalet, int\u00e9gration de Magic in Motion dans les 3 Vall\u00e9es<\/p>\n<\/li>\n<li data-start=\"3349\" data-end=\"3456\">\n<p data-start=\"3351\" data-end=\"3456\"><strong data-start=\"3351\" data-end=\"3366\">2018\u20132022 :<\/strong> arriv\u00e9e \u00e0 Meg\u00e8ve, Grand-Bornand (Starski), Ubaye, Tignes, Serre-Chevalier et La Rosi\u00e8re<\/p>\n<\/li>\n<li data-start=\"3457\" data-end=\"3579\">\n<p data-start=\"3459\" data-end=\"3579\"><strong data-start=\"3459\" data-end=\"3478\">2024 et apr\u00e8s :<\/strong> ouverture d\u2019une \u00e9cole 100% hors-piste dans la vall\u00e9e de Chamonix, port\u00e9e par des guides passionn\u00e9s<\/p>\n<\/li>\n<\/ul>\n<p data-start=\"3581\" data-end=\"3777\">Cette expansion est toujours n\u00e9e de l\u2019\u00e9nergie des femmes et des hommes qui composent nos \u00e9quipes : moniteurs, experts locaux, passionn\u00e9s de montagne qui apportent leur personnalit\u00e9 \u00e0 chaque cours.<\/p>\n<p>[\/vc_column_text][\/vc_column_inner][\/vc_row_inner][\/vc_column][vc_column width=&#8221;1\/2&#8243;][vc_single_image image=&#8221;232408&#8243; img_size=&#8221;500&#215;500&#8243; alignment=&#8221;center&#8221; style=&#8221;vc_box_rounded&#8221; el_class=&#8221;image-headband-frontpage&#8221;][\/vc_column][\/vc_row][vc_row][vc_column][vc_empty_space height=&#8221;30px&#8221;][\/vc_column][\/vc_row][vc_row css=&#8221;.vc_custom_1723142607460{margin-right: 5% !important;margin-left: 5% !important;}&#8221;][vc_column width=&#8221;1\/2&#8243; el_class=&#8221;image-column-remove-padding image-headband&#8221;][vc_single_image image=&#8221;233556&#8243; img_size=&#8221;500&#215;500&#8243; alignment=&#8221;center&#8221; style=&#8221;vc_box_rounded&#8221; el_class=&#8221;image-headband-frontpage&#8221;][\/vc_column][vc_column width=&#8221;1\/2&#8243;][vc_column_text]<\/p>\n<div class=\"wpb_text_column wpb_content_element vc_custom_1714138607196\">\n<div class=\"wpb_wrapper\">\n<h2 style=\"text-align: center;\"><span style=\"color: #00adef;\"><strong><span style=\"font-size: 22px;\">POURQUOI CHOISIR OXYSKI<\/span><\/strong><\/span><\/h2>\n<\/div>\n<\/div>\n<p>[\/vc_column_text][vc_row_inner][vc_column_inner][vc_column_text]<\/p>\n<p data-start=\"3816\" data-end=\"3990\">Oxyski, c\u2019est une \u00e9cole de ski assez grande pour offrir le meilleur, mais assez proche de vous pour rester attentive, disponible et humaine.<br data-start=\"3956\" data-end=\"3959\" \/>Avec nous, vous b\u00e9n\u00e9ficiez de :<\/p>\n<ul data-start=\"3992\" data-end=\"4392\">\n<li data-start=\"3992\" data-end=\"4056\">\n<p data-start=\"3994\" data-end=\"4056\">Un service personnalis\u00e9 du premier contact au dernier virage<\/p>\n<\/li>\n<li data-start=\"4057\" data-end=\"4099\">\n<p data-start=\"4059\" data-end=\"4099\">Des cours collectifs en petits groupes<\/p>\n<\/li>\n<li data-start=\"4100\" data-end=\"4162\">\n<p data-start=\"4102\" data-end=\"4162\">Aucun probl\u00e8me de langue : notre \u00e9quipe est internationale<\/p>\n<\/li>\n<li data-start=\"4163\" data-end=\"4241\">\n<p data-start=\"4165\" data-end=\"4241\">Des moniteurs hautement qualifi\u00e9s et form\u00e9s aux m\u00e9thodes les plus r\u00e9centes<\/p>\n<\/li>\n<li data-start=\"4242\" data-end=\"4308\">\n<p data-start=\"4244\" data-end=\"4308\">Un engagement total pour votre s\u00e9curit\u00e9 sur et hors des pistes<\/p>\n<\/li>\n<li data-start=\"4309\" data-end=\"4392\">\n<p data-start=\"4311\" data-end=\"4392\">Un accueil chaleureux pour tous les niveaux, tous les \u00e2ges et toutes les envies<\/p>\n<\/li>\n<\/ul>\n<p data-start=\"4394\" data-end=\"4561\">Chez Oxyski, vous n\u2019\u00eates jamais un simple \u00e9l\u00e8ve. Vous rejoignez une communaut\u00e9.<br data-start=\"4473\" data-end=\"4476\" \/>Nous enseignons avec c\u0153ur, nous accueillons avec chaleur et nous skions avec passion.<\/p>\n<p data-start=\"4563\" data-end=\"4656\"><strong data-start=\"4563\" data-end=\"4656\">Rejoignez la famille Oxyski et red\u00e9couvrez la montagne comme vous ne l\u2019avez jamais v\u00e9cue.<\/strong><\/p>\n<p>[\/vc_column_text][\/vc_column_inner][\/vc_row_inner][\/vc_column][\/vc_row][vc_row][vc_column][vc_empty_space height=&#8221;30px&#8221;][\/vc_column][\/vc_row]<\/p>\n","protected":false},"excerpt":{"rendered":"<p>[vc_row][vc_column][vc_single_image image=&#8221;232685&#8243; img_size=&#8221;2000&#215;600&#8243; el_class=&#8221;image-headband-frontpage-main&#8221;][\/vc_column][\/vc_row][vc_row css=&#8221;.vc_custom_1763670951108{border-right-width: 5% !important;border-left-width: 5% !important;}&#8221;][vc_column][vc_empty_space height=&#8221;20px&#8221;][vc_column_text css=&#8221;.vc_custom_1763671134415{margin-right: 10% !important;margin-left: 10% !important;}&#8221;] N\u00c9S DANS LES MONTAGNES. GUID\u00c9S PAR LA PASSION. D\u00c9DI\u00c9S \u00c0 CHACUN DE VOUS. [\/vc_column_text][vc_column_text css=&#8221;.vc_custom_1763671013689{margin-right: 10% !important;margin-left: 10% !important;}&#8221;] Oxyski est la rencontre de deux \u00e9coles de ski visionnaires, n\u00e9es sur des versants diff\u00e9rents des Alpes fran\u00e7aises mais anim\u00e9es par [&hellip;]<\/p>\n","protected":false},"author":6243,"featured_media":0,"parent":0,"menu_order":6,"comment_status":"closed","ping_status":"closed","template":"page-full-width.php","meta":[],"yoast_head":"<!-- This site is optimized with the Yoast SEO plugin v17.6 - https:\/\/yoast.com\/wordpress\/plugins\/seo\/ -->\n<title>Notre histoire | Oxyski \u00c9cole de ski &amp; snowboard<\/title>\n<meta name=\"description\" content=\"Voici notre histoire ! Curieux de savoir qui nous sommes et de mieux nous conna\u00eetre, Oxyski vous d\u00e9voile tout.\" \/>\n<meta name=\"robots\" content=\"index, follow, max-snippet:-1, max-image-preview:large, max-video-preview:-1\" \/>\n<link rel=\"canonical\" href=\"https:\/\/oxyski.com\/fr\/notre-ecole\/\" \/>\n<meta property=\"og:locale\" content=\"fr_FR\" \/>\n<meta property=\"og:type\" content=\"article\" \/>\n<meta property=\"og:title\" content=\"Notre histoire | Oxyski \u00c9cole de ski &amp; snowboard\" \/>\n<meta property=\"og:description\" content=\"Voici notre histoire ! Curieux de savoir qui nous sommes et de mieux nous conna\u00eetre, Oxyski vous d\u00e9voile tout.\" \/>\n<meta property=\"og:url\" content=\"https:\/\/oxyski.com\/fr\/notre-ecole\/\" \/>\n<meta property=\"og:site_name\" content=\"Oxyski\" \/>\n<meta property=\"article:publisher\" content=\"https:\/\/www.facebook.com\/OxygeneSki\" \/>\n<meta property=\"article:modified_time\" content=\"2026-01-27T15:25:08+00:00\" \/>\n<meta name=\"twitter:card\" content=\"summary\" \/>\n<meta name=\"twitter:site\" content=\"@Oxygene_Ski\" \/>\n<meta name=\"twitter:label1\" content=\"Est. reading time\" \/>\n\t<meta name=\"twitter:data1\" content=\"6 minutes\" \/>\n<script type=\"application\/ld+json\" class=\"yoast-schema-graph\">{\"@context\":\"https:\/\/schema.org\",\"@graph\":[{\"@type\":\"WebSite\",\"@id\":\"https:\/\/oxyski.com\/#website\",\"url\":\"https:\/\/oxyski.com\/\",\"name\":\"Oxyski\",\"description\":\"\",\"potentialAction\":[{\"@type\":\"SearchAction\",\"target\":{\"@type\":\"EntryPoint\",\"urlTemplate\":\"https:\/\/oxyski.com\/?s={search_term_string}\"},\"query-input\":\"required name=search_term_string\"}],\"inLanguage\":\"fr\"},{\"@type\":\"WebPage\",\"@id\":\"https:\/\/oxyski.com\/fr\/notre-ecole\/#webpage\",\"url\":\"https:\/\/oxyski.com\/fr\/notre-ecole\/\",\"name\":\"Notre histoire | Oxyski \\u00c9cole de ski & snowboard\",\"isPartOf\":{\"@id\":\"https:\/\/oxyski.com\/#website\"},\"datePublished\":\"2025-11-25T20:56:31+00:00\",\"dateModified\":\"2026-01-27T15:25:08+00:00\",\"description\":\"Voici notre histoire ! Curieux de savoir qui nous sommes et de mieux nous conna\\u00eetre, Oxyski vous d\\u00e9voile tout.\",\"breadcrumb\":{\"@id\":\"https:\/\/oxyski.com\/fr\/notre-ecole\/#breadcrumb\"},\"inLanguage\":\"fr\",\"potentialAction\":[{\"@type\":\"ReadAction\",\"target\":[\"https:\/\/oxyski.com\/fr\/notre-ecole\/\"]}]},{\"@type\":\"BreadcrumbList\",\"@id\":\"https:\/\/oxyski.com\/fr\/notre-ecole\/#breadcrumb\",\"itemListElement\":[{\"@type\":\"ListItem\",\"position\":1,\"name\":\"Home\",\"item\":\"https:\/\/oxyski.com\/fr\/accueil\/\"},{\"@type\":\"ListItem\",\"position\":2,\"name\":\"Notre Ecole\"}]}]}<\/script>\n<!-- \/ Yoast SEO plugin. -->","yoast_head_json":{"title":"Notre histoire | Oxyski \u00c9cole de ski & snowboard","description":"Voici notre histoire ! Curieux de savoir qui nous sommes et de mieux nous conna\u00eetre, Oxyski vous d\u00e9voile tout.","robots":{"index":"index","follow":"follow","max-snippet":"max-snippet:-1","max-image-preview":"max-image-preview:large","max-video-preview":"max-video-preview:-1"},"canonical":"https:\/\/oxyski.com\/fr\/notre-ecole\/","og_locale":"fr_FR","og_type":"article","og_title":"Notre histoire | Oxyski \u00c9cole de ski & snowboard","og_description":"Voici notre histoire ! Curieux de savoir qui nous sommes et de mieux nous conna\u00eetre, Oxyski vous d\u00e9voile tout.","og_url":"https:\/\/oxyski.com\/fr\/notre-ecole\/","og_site_name":"Oxyski","article_publisher":"https:\/\/www.facebook.com\/OxygeneSki","article_modified_time":"2026-01-27T15:25:08+00:00","twitter_card":"summary","twitter_site":"@Oxygene_Ski","twitter_misc":{"Est. reading time":"6 minutes"},"schema":{"@context":"https:\/\/schema.org","@graph":[{"@type":"WebSite","@id":"https:\/\/oxyski.com\/#website","url":"https:\/\/oxyski.com\/","name":"Oxyski","description":"","potentialAction":[{"@type":"SearchAction","target":{"@type":"EntryPoint","urlTemplate":"https:\/\/oxyski.com\/?s={search_term_string}"},"query-input":"required name=search_term_string"}],"inLanguage":"fr"},{"@type":"WebPage","@id":"https:\/\/oxyski.com\/fr\/notre-ecole\/#webpage","url":"https:\/\/oxyski.com\/fr\/notre-ecole\/","name":"Notre histoire | Oxyski \u00c9cole de ski & snowboard","isPartOf":{"@id":"https:\/\/oxyski.com\/#website"},"datePublished":"2025-11-25T20:56:31+00:00","dateModified":"2026-01-27T15:25:08+00:00","description":"Voici notre histoire ! Curieux de savoir qui nous sommes et de mieux nous conna\u00eetre, Oxyski vous d\u00e9voile tout.","breadcrumb":{"@id":"https:\/\/oxyski.com\/fr\/notre-ecole\/#breadcrumb"},"inLanguage":"fr","potentialAction":[{"@type":"ReadAction","target":["https:\/\/oxyski.com\/fr\/notre-ecole\/"]}]},{"@type":"BreadcrumbList","@id":"https:\/\/oxyski.com\/fr\/notre-ecole\/#breadcrumb","itemListElement":[{"@type":"ListItem","position":1,"name":"Home","item":"https:\/\/oxyski.com\/fr\/accueil\/"},{"@type":"ListItem","position":2,"name":"Notre Ecole"}]}]}},"_links":{"self":[{"href":"https:\/\/oxyski.com\/fr\/wp-json\/wp\/v2\/pages\/233006"}],"collection":[{"href":"https:\/\/oxyski.com\/fr\/wp-json\/wp\/v2\/pages"}],"about":[{"href":"https:\/\/oxyski.com\/fr\/wp-json\/wp\/v2\/types\/page"}],"author":[{"embeddable":true,"href":"https:\/\/oxyski.com\/fr\/wp-json\/wp\/v2\/users\/6243"}],"replies":[{"embeddable":true,"href":"https:\/\/oxyski.com\/fr\/wp-json\/wp\/v2\/comments?post=233006"}],"version-history":[{"count":13,"href":"https:\/\/oxyski.com\/fr\/wp-json\/wp\/v2\/pages\/233006\/revisions"}],"predecessor-version":[{"id":233862,"href":"https:\/\/oxyski.com\/fr\/wp-json\/wp\/v2\/pages\/233006\/revisions\/233862"}],"wp:attachment":[{"href":"https:\/\/oxyski.com\/fr\/wp-json\/wp\/v2\/media?parent=233006"}],"curies":[{"name":"wp","href":"https:\/\/api.w.org\/{rel}","templated":true}]}}