{"id":232986,"date":"2025-11-25T21:18:45","date_gmt":"2025-11-25T20:18:45","guid":{"rendered":"https:\/\/oxyski.com\/private-lessons\/"},"modified":"2026-01-28T08:54:37","modified_gmt":"2026-01-28T07:54:37","slug":"cours-prives","status":"publish","type":"page","link":"https:\/\/oxyski.com\/fr\/cours-prives\/","title":{"rendered":"Cours priv\u00e9s"},"content":{"rendered":"<p>[vc_row][vc_column][vc_single_image image=&#8221;233381&#8243; img_size=&#8221;2000&#215;600&#8243;][\/vc_column][\/vc_row][vc_row][vc_column][vc_empty_space height=&#8221;20px&#8221;][\/vc_column][\/vc_row][vc_row css=&#8221;.vc_custom_1721295204059{margin-right: 5% !important;margin-left: 5% !important;}&#8221;][vc_column width=&#8221;1\/2&#8243;][vc_empty_space height=&#8221;20px&#8221;][vc_column_text]<\/p>\n<h1 style=\"text-align: left;\"><span style=\"color: #00adef;\">COURS PRIV\u00c9S<\/span><\/h1>\n<p>[\/vc_column_text][vc_column_text css=&#8221;.vc_custom_1763647321166{margin-right: 25% !important;}&#8221;]En t\u00eate-\u00e0-t\u00eate avec un moniteur Oxyski, faites passer votre niveau de ski ou de snowboard \u00e0 un tout autre niveau. Les cours priv\u00e9s sont disponibles pour toutes les disciplines dans chacune de nos stations des Alpes fran\u00e7aises. Progressez en solo ou partagez cette exp\u00e9rience unique avec vos amis et votre famille.<\/p>\n<p>Profitez pleinement de la neige et osez essayer quelque chose de diff\u00e9rent cet hiver. T\u00e9l\u00e9mark, ski de fond, hors-piste, snowboard, freestyle ou freeride : la montagne devient votre terrain de jeu.[\/vc_column_text][\/vc_column][vc_column width=&#8221;1\/2&#8243;][vc_row_inner gap=&#8221;35&#8243;][vc_column_inner width=&#8221;1\/2&#8243; css=&#8221;.vc_custom_1757186587682{background-position: center !important;background-repeat: no-repeat !important;background-size: cover !important;}&#8221;][vc_single_image image=&#8221;204256&#8243; img_size=&#8221;335&#215;500&#8243; style=&#8221;vc_box_rounded&#8221;][\/vc_column_inner][vc_column_inner width=&#8221;1\/2&#8243; css=&#8221;.vc_custom_1757186580440{background-position: center !important;background-repeat: no-repeat !important;background-size: cover !important;}&#8221;][vc_single_image image=&#8221;232461&#8243; img_size=&#8221;335&#215;500&#8243; style=&#8221;vc_box_rounded&#8221;][\/vc_column_inner][\/vc_row_inner][\/vc_column][\/vc_row][vc_row css=&#8221;.vc_custom_1763639619186{margin-right: 2% !important;margin-left: 5% !important;}&#8221;][vc_column][vc_empty_space height=&#8221;75px&#8221;][vc_column_text]<\/p>\n<h2 style=\"text-align: left;\"><span style=\"color: #00adef;\">CLIQUEZ SUR LE LOGO DE VOTRE STATION POUR R\u00c9SERVER<\/span><\/h2>\n<p>[\/vc_column_text][\/vc_column][\/vc_row][vc_row][vc_column][vc_empty_space height=&#8221;20px&#8221;][\/vc_column][\/vc_row][vc_row css=&#8221;.vc_custom_1753884951892{margin-right: 5% !important;margin-left: 5% !important;}&#8221;][vc_column width=&#8221;1\/3&#8243;][vc_single_image image=&#8221;232451&#8243; img_size=&#8221;100&#215;100&#8243; alignment=&#8221;center&#8221;][vc_btn title=&#8221;CHAMONIX&#8221; style=&#8221;outline&#8221; color=&#8221;sky&#8221; align=&#8221;center&#8221; link=&#8221;url:https%3A%2F%2Fbooking.yoplanning.pro%2F8b3e5c28-dc43-4e97-8536-60df53768f16%2F%3Ftag%3D4c13e04a-e976-4e74-ab3e-ce47f1d22e44|title:Cours%20priv%C3%A9s%20Chamonix|target:_blank|&#8221; css=&#8221;.vc_custom_1764678989321{margin-top: -25px !important;}&#8221;][\/vc_column][vc_column width=&#8221;1\/3&#8243;][vc_single_image image=&#8221;233722&#8243; img_size=&#8221;110&#215;110&#8243; alignment=&#8221;center&#8221;][vc_btn title=&#8221;LE GRAND-BORNAND&#8221; style=&#8221;outline&#8221; color=&#8221;sky&#8221; align=&#8221;center&#8221; link=&#8221;url:https%3A%2F%2Fbooking.yoplanning.pro%2F3f746c36-9bf8-4836-bf19-dba6e428ef77%2F|title:Cours%20priv%C3%A9s%20Grand%20Bornand|target:_blank|&#8221; css=&#8221;.vc_custom_1769503277149{margin-top: -25px !important;}&#8221;][\/vc_column][vc_column width=&#8221;1\/3&#8243;][vc_single_image image=&#8221;232451&#8243; img_size=&#8221;100&#215;100&#8243; alignment=&#8221;center&#8221;][vc_btn title=&#8221;MEG\u00c8VE&#8221; style=&#8221;outline&#8221; color=&#8221;sky&#8221; align=&#8221;center&#8221; link=&#8221;url:https%3A%2F%2Fbooking.yoplanning.pro%2F3e1c56a8-789e-480c-9cd1-5375ac708380%2F%3Ftag%3Dd3f4fe27-8f7b-4f13-9730-37d814abff85%26_gl%3D1%2Airadlq%2A_gcl_au%2AMTE1Njc3OTY0Mi4xNzYyMjYwMzEy%2A_ga%2ANzkzNjUwMzI0LjE3NjIyNjAzMTM.%2A_ga_4249YQ7MD7%2AczE3NjQwMTM3MzYkbzI1JGcxJHQxNzY0MDE3MDQ5JGo2MCRsMCRoMA..|title:Cours%20priv%C3%A9s%20Meg%C3%A8ve|target:_blank|&#8221; css=&#8221;.vc_custom_1764017229673{margin-top: -25px !important;}&#8221;][\/vc_column][\/vc_row][vc_row][vc_column][vc_empty_space height=&#8221;75px&#8221;][\/vc_column][\/vc_row][vc_row][vc_column][vc_column_text css=&#8221;.vc_custom_1755179382524{margin-left: 5% !important;}&#8221;]<\/p>\n<h3 style=\"text-align: left;\"><span style=\"color: #00adef;\">LES DISCIPLINES DISPONIBLES EN COURS PRIV\u00c9S<\/span><\/h3>\n<p>[\/vc_column_text][vc_row_inner css=&#8221;.vc_custom_1720518778751{margin-left: 4% !important;}&#8221;][vc_column_inner width=&#8221;1\/3&#8243;][vc_single_image image=&#8221;232490&#8243; img_size=&#8221;400&#215;250&#8243; style=&#8221;vc_box_rounded&#8221; css=&#8221;.vc_custom_1763649606767{background-position: center !important;background-repeat: no-repeat !important;background-size: cover !important;}&#8221;][vc_column_text css=&#8221;.vc_custom_1763648200385{margin-right: 20% !important;}&#8221;]<span style=\"color: #00adef;\"><strong>Le ski alpin<\/strong><\/span><\/p>\n<p>Que vous soyez d\u00e9butant, interm\u00e9diaire ou un expert qui veut apprendre \u00e0 carver, nos moniteurs sont l\u00e0 pour \u00e7a. Les cours particuliers sont propos\u00e9s pour les skieurs de tous niveaux \u2013 vous pouvez choisir d\u2019apprendre \u00e0 votre rythme avec un moniteur Oxyski.[\/vc_column_text][\/vc_column_inner][vc_column_inner width=&#8221;1\/3&#8243;][vc_single_image image=&#8221;232394&#8243; img_size=&#8221;400&#215;250&#8243; style=&#8221;vc_box_rounded&#8221; onclick=&#8221;custom_link&#8221; img_link_target=&#8221;_blank&#8221; css=&#8221;.vc_custom_1764102964997{background-position: center !important;background-repeat: no-repeat !important;background-size: cover !important;}&#8221;][vc_column_text css=&#8221;.vc_custom_1763648477417{margin-right: 20% !important;}&#8221;]<span style=\"color: #00adef;\"><strong>Snowboard<\/strong><\/span><\/p>\n<p>Vous pouvez essayer le snowboard comme une alternative au ski, ou bien sauter sur une planche pour votre premi\u00e8re exp\u00e9rience sur la neige. Quel que soit votre \u00e2ge, le snowboard vous fera vivre une exp\u00e9rience unique sur la neige et vous rendra compl\u00e8tement accro.[\/vc_column_text][\/vc_column_inner][vc_column_inner width=&#8221;1\/3&#8243;][vc_single_image image=&#8221;232627&#8243; img_size=&#8221;400&#215;250&#8243; style=&#8221;vc_box_rounded&#8221; onclick=&#8221;custom_link&#8221; img_link_target=&#8221;_blank&#8221; css=&#8221;.vc_custom_1764102972851{background-position: center !important;background-repeat: no-repeat !important;background-size: cover !important;}&#8221;][vc_column_text css=&#8221;.vc_custom_1763648802846{margin-right: 20% !important;}&#8221;]<span style=\"color: #00adef;\"><strong>Le ski de fond<\/strong><\/span><\/p>\n<p>Pour ceux qui veulent voir la montagne diff\u00e9remment, le ski de fond est la discipline id\u00e9ale pour am\u00e9liorer votre condition physique ou tout simplement d\u00e9couvrir la montagne dans toute sa splendeur et en toute s\u00e9r\u00e9nit\u00e9. C\u2019est \u00e0 la fois sportif et relaxant.[\/vc_column_text][\/vc_column_inner][\/vc_row_inner][vc_row_inner css=&#8221;.vc_custom_1720518778751{margin-left: 4% !important;}&#8221;][vc_column_inner width=&#8221;1\/3&#8243;][vc_single_image image=&#8221;232629&#8243; img_size=&#8221;400&#215;250&#8243; style=&#8221;vc_box_rounded&#8221; onclick=&#8221;custom_link&#8221; img_link_target=&#8221;_blank&#8221; css=&#8221;.vc_custom_1764102981417{background-position: center !important;background-repeat: no-repeat !important;background-size: cover !important;}&#8221;][vc_column_text css=&#8221;.vc_custom_1763649066854{margin-right: 20% !important;}&#8221;]<span style=\"color: #00adef;\"><strong>Ski de randonn\u00e9e<\/strong><\/span><\/p>\n<p>En ski de randonn\u00e9e, vous gravissez la montagne puis la redescendez sans enlever vos skis. Gr\u00e2ce \u00e0 des peaux de phoques coll\u00e9es sous les spatules, vos skis accrochent la neige et vous emp\u00eachent de glisser lors de la mont\u00e9e. La descente peut se faire sur piste ou en hors-piste, histoire de vivre un moment unique en montagne.[\/vc_column_text][\/vc_column_inner][vc_column_inner width=&#8221;1\/3&#8243;][vc_single_image image=&#8221;232639&#8243; img_size=&#8221;400&#215;250&#8243; style=&#8221;vc_box_rounded&#8221; css=&#8221;.vc_custom_1763649763177{background-position: center !important;background-repeat: no-repeat !important;background-size: cover !important;}&#8221;][vc_column_text css=&#8221;.vc_custom_1763649496156{margin-right: 20% !important;}&#8221;]<span style=\"color: #00adef;\"><strong>Handiski<\/strong><\/span><\/p>\n<p>Le ski assis est destin\u00e9 aux personnes en fauteuil roulant ou ayant des difficult\u00e9s de coordination des membres inf\u00e9rieurs. Vous pourrez profiter des pistes, faire du hors-piste et utiliser pleinement les remont\u00e9es m\u00e9caniques.[\/vc_column_text][\/vc_column_inner][vc_column_inner width=&#8221;1\/3&#8243;][vc_single_image image=&#8221;232631&#8243; img_size=&#8221;400&#215;250&#8243; style=&#8221;vc_box_rounded&#8221; css=&#8221;.vc_custom_1764103012079{background-position: center !important;background-repeat: no-repeat !important;background-size: cover !important;}&#8221;][vc_column_text css=&#8221;.vc_custom_1763648920924{margin-right: 20% !important;}&#8221;]<span style=\"color: #00adef;\"><strong>Le t\u00e9l\u00e9mark<\/strong><\/span><\/p>\n<p>Essayez le t\u00e9l\u00e9mark pour un ultime d\u00e9fi technique et pour vivre l\u2019exp\u00e9rience d\u2019un ski de tradition. Originaire d\u2019Europe du Nord, le t\u00e9l\u00e9mark demande un tr\u00e8s bon niveau technique et une bonne condition physique. Une fois ma\u00eetris\u00e9, il offre une sensation unique cr\u00e9ant un mix parfait entre le style et la vitesse de glisse.<br \/>\n[\/vc_column_text][\/vc_column_inner][\/vc_row_inner][\/vc_column][\/vc_row][vc_row css=&#8221;.vc_custom_1763639619186{margin-right: 2% !important;margin-left: 5% !important;}&#8221;][vc_column][vc_empty_space height=&#8221;75px&#8221;][vc_column_text]<\/p>\n<h2 style=\"text-align: left;\"><span style=\"color: #00adef;\">POURQUOI CHOISIR OXYSKI ?<\/span><\/h2>\n<p>[\/vc_column_text][\/vc_column][\/vc_row][vc_row][vc_column][vc_row_inner][vc_column_inner width=&#8221;1\/2&#8243; css=&#8221;.vc_custom_1741855943731{padding-right: 10% !important;padding-left: 10% !important;}&#8221;][vc_single_image image=&#8221;65598&#8243; img_size=&#8221;500&#215;335&#8243; alignment=&#8221;center&#8221; style=&#8221;vc_box_rounded&#8221;][vc_column_text]<\/p>\n<div class=\"wpb_text_column wpb_content_element \">\n<div class=\"wpb_wrapper\">\n<p style=\"text-align: center;\"><span style=\"color: #00adef;\"><strong>PROGRESSION OPTIMALE<\/strong><\/span><\/p>\n<p style=\"text-align: center;\">Nous offrons une grande vari\u00e9t\u00e9 d\u2019activit\u00e9s dans nos 16 stations, sous la houlette d\u2019une \u00e9quipe passionn\u00e9e et toujours de bonne humeur. Venez rider avec Oxyski, nous nous adaptons : l\u2019enseignement est organis\u00e9 en fonction de vos objectifs et de votre niveau. Les cours priv\u00e9s permettent une progression optimale et rapide.<\/p>\n<\/div>\n<\/div>\n<p>[\/vc_column_text][\/vc_column_inner][vc_column_inner width=&#8221;1\/2&#8243; css=&#8221;.vc_custom_1741855963398{padding-right: 10% !important;padding-left: 10% !important;}&#8221;][vc_single_image image=&#8221;232581&#8243; img_size=&#8221;500&#215;335&#8243; alignment=&#8221;center&#8221; style=&#8221;vc_box_rounded&#8221;][vc_column_text]<\/p>\n<div class=\"wpb_text_column wpb_content_element \">\n<div class=\"wpb_wrapper\">\n<p style=\"text-align: center;\"><span style=\"color: #00adef;\"><strong>C\u2019EST VOUS QUI D\u00c9CIDEZ<\/strong><\/span><\/p>\n<p style=\"text-align: center;\">Nos cours particuliers ski ou snowboard sont adaptables et peuvent commencer par des cr\u00e9neaux d\u2019une heure, s\u2019\u00e9tendre \u00e0 toute la matin\u00e9e, couvrir un apr\u00e8s-midi entier, une journ\u00e9e enti\u00e8re et m\u00eame toute une semaine. C\u2019est vous qui choisissez. S\u00e9lectionnez votre discipline et tenez-vous pr\u00eats \u00e0 progresser comme jamais. Vous nous remercierez apr\u00e8s.<\/p>\n<\/div>\n<\/div>\n<p>[\/vc_column_text][\/vc_column_inner][\/vc_row_inner][vc_empty_space height=&#8221;75px&#8221;][\/vc_column][\/vc_row][vc_row css=&#8221;.vc_custom_1723624984231{margin-right: 5% !important;margin-left: 5% !important;}&#8221;][vc_column width=&#8221;1\/2&#8243;][vc_column_text css=&#8221;.vc_custom_1763650969458{margin-right: 10% !important;}&#8221;]<\/p>\n<h3><span style=\"color: #00adef;\">TOUT EST POSSIBLE<\/span><\/h3>\n<p>&nbsp;<\/p>\n<div class=\"wpb_text_column wpb_content_element vc_custom_1755179399313\">\n<div class=\"wpb_wrapper\">\n<p>Que vous souhaitiez apprendre ou am\u00e9liorer votre technique en ski alpin, en ski de fond, en ski de randonn\u00e9e, en snowboard ou en t\u00e9l\u00e9mark, vous trouverez chaussure \u00e0 votre pied.<\/p>\n<p>Dites-nous ce que vous voulez, ce que vous voulez vraiment. Tout est possible. Parlez-en \u00e0 votre moniteur, et il vous accompagnera pour vous aider \u00e0 atteindre votre objectif.<\/p>\n<\/div>\n<\/div>\n<div class=\"wpb_text_column wpb_content_element \">\n<div class=\"wpb_wrapper\">\n<p>\u00cates-vous pr\u00eats pour une nouvelle aventure ?<\/p>\n<\/div>\n<\/div>\n<p>[\/vc_column_text][\/vc_column][vc_column width=&#8221;1\/2&#8243; css=&#8221;.vc_custom_1757186660263{background-position: center !important;background-repeat: no-repeat !important;background-size: cover !important;}&#8221; el_class=&#8221;image-column-remove-padding image-headband&#8221;][vc_single_image image=&#8221;9818&#8243; img_size=&#8221;full&#8221; style=&#8221;vc_box_rounded&#8221; el_class=&#8221;image-headband-frontpage&#8221;][\/vc_column][\/vc_row][vc_row][vc_column][vc_empty_space height=&#8221;30px&#8221;][\/vc_column][\/vc_row][vc_row css=&#8221;.vc_custom_1489493682930{padding-top: 50px !important;padding-bottom: 50px !important;}&#8221;][vc_column][vc_column_text css_animation=&#8221;none&#8221;]<\/p>\n<h3 style=\"text-align: center;\"><span style=\"color: #00adef;\"><strong>DES QUESTIONS ? CONTACTEZ-NOUS<\/strong><\/span><\/h3>\n<p>[\/vc_column_text][vc_column_text css=&#8221;.vc_custom_1763995927421{padding-top: 0px !important;padding-right: 10% !important;padding-bottom: 0px !important;padding-left: 10% !important;}&#8221;]<\/p>\n<p style=\"text-align: center;\">Besoin de plus d\u2019informations ? Contactez directement nos stations en utilisant les coordonn\u00e9es ci-dessous. Notre \u00e9quipe de r\u00e9servation est disponible toute l\u2019ann\u00e9e et se fera un plaisir de vous aider !<\/p>\n<p>[\/vc_column_text][vc_row_inner type=&#8221;boxed&#8221;][vc_column_inner width=&#8221;1\/3&#8243;][vc_empty_space height=&#8221;30px&#8221;][vc_single_image image=&#8221;232447&#8243; alignment=&#8221;center&#8221; css_animation=&#8221;none&#8221;][vc_column_text]<\/p>\n<h5 style=\"text-align: center;\">CHAMONIX<\/h5>\n<p>[\/vc_column_text][vc_column_text css=&#8221;.vc_custom_1764015482043{padding-top: 0px !important;padding-bottom: 0px !important;}&#8221;]<\/p>\n<p style=\"text-align: center;\">\u00c9cole de Ski et Snowboard Oxyski <strong>Chamonix<\/strong><br \/>\nPrieur\u00e9 ski shop \u2013 149 all\u00e9e recteur Payot<br \/>\n74400 Chamonix<\/p>\n<p>[\/vc_column_text][vc_btn title=&#8221;+33 (0)6 83 82 65 11&#8243; align=&#8221;center&#8221; i_icon_fontawesome=&#8221;fas fa-phone-alt&#8221; add_icon=&#8221;true&#8221; link=&#8221;url:tel%3A%20%2B33683826511|target:_blank|&#8221;][vc_btn title=&#8221;chamonix@oxyski.com&#8221; align=&#8221;center&#8221; i_icon_fontawesome=&#8221;fas fa-envelope&#8221; add_icon=&#8221;true&#8221; link=&#8221;url:mailto%3A%20chamonix%40oxyski.com|target:_blank|&#8221;][\/vc_column_inner][vc_column_inner width=&#8221;1\/3&#8243;][vc_empty_space height=&#8221;30px&#8221;][vc_single_image image=&#8221;233722&#8243; alignment=&#8221;center&#8221; css_animation=&#8221;none&#8221;][vc_column_text]<\/p>\n<h5 style=\"text-align: center;\">LE GRAND-BORNAND<\/h5>\n<p>[\/vc_column_text][vc_column_text css=&#8221;.vc_custom_1769586228793{padding-top: 0px !important;padding-bottom: 0px !important;}&#8221;]<\/p>\n<p style=\"text-align: center;\">\u00c9cole de Ski et Snowboard Oxyski <strong>Grand-Bornand<\/strong><br \/>\nR\u00e9sidence les Amborzales \u2013 7195 Route du Chinaillon<br \/>\n74450 Le Grand-Bornand<\/p>\n<p>[\/vc_column_text][vc_btn title=&#8221;+33 (0)4 80 80 60 50&#8243; align=&#8221;center&#8221; i_icon_fontawesome=&#8221;fas fa-phone-alt&#8221; add_icon=&#8221;true&#8221; link=&#8221;url:tel%3A%20%2B33480806050|target:_blank|&#8221;][vc_btn title=&#8221;grandbornand@oxyski.com&#8221; align=&#8221;center&#8221; i_icon_fontawesome=&#8221;fas fa-envelope&#8221; add_icon=&#8221;true&#8221; link=&#8221;url:mailto%3A%20grandbornand%40oxyski.com|target:_blank|&#8221;][\/vc_column_inner][vc_column_inner width=&#8221;1\/3&#8243;][vc_empty_space height=&#8221;30px&#8221;][vc_single_image image=&#8221;232451&#8243; alignment=&#8221;center&#8221; css_animation=&#8221;none&#8221;][vc_column_text]<\/p>\n<h5 style=\"text-align: center;\">MEG\u00c8VE<\/h5>\n<p>[\/vc_column_text][vc_column_text css=&#8221;.vc_custom_1764015496875{padding-top: 0px !important;padding-bottom: 0px !important;}&#8221;]<\/p>\n<p style=\"text-align: center;\">\u00c9cole de Ski et Snowboard Oxyski <strong>Meg\u00e8ve<\/strong><br \/>\n279 rue de la Poste<br \/>\n74120 Meg\u00e8ve<\/p>\n<p>[\/vc_column_text][vc_btn title=&#8221;+33 (0)4 50 58 78 88&#8243; align=&#8221;center&#8221; i_icon_fontawesome=&#8221;fas fa-phone-alt&#8221; add_icon=&#8221;true&#8221; link=&#8221;url:tel%3A%20%2B33450587888|target:_blank|&#8221;][vc_btn title=&#8221;+33 (0)6 70 61 30 04&#8243; align=&#8221;center&#8221; i_icon_fontawesome=&#8221;fab fa-whatsapp&#8221; add_icon=&#8221;true&#8221; link=&#8221;url:https%3A%2F%2Fwa.me%2F33612345678|target:_blank|&#8221;][vc_btn title=&#8221;megeve@oxyski.com&#8221; align=&#8221;center&#8221; i_icon_fontawesome=&#8221;fas fa-envelope&#8221; add_icon=&#8221;true&#8221; link=&#8221;url:mailto%3A%20megeve%40oxyski.com|target:_blank|&#8221;][\/vc_column_inner][\/vc_row_inner][\/vc_column][\/vc_row]<\/p>\n","protected":false},"excerpt":{"rendered":"<p>[vc_row][vc_column][vc_single_image image=&#8221;233381&#8243; img_size=&#8221;2000&#215;600&#8243;][\/vc_column][\/vc_row][vc_row][vc_column][vc_empty_space height=&#8221;20px&#8221;][\/vc_column][\/vc_row][vc_row css=&#8221;.vc_custom_1721295204059{margin-right: 5% !important;margin-left: 5% !important;}&#8221;][vc_column width=&#8221;1\/2&#8243;][vc_empty_space height=&#8221;20px&#8221;][vc_column_text] COURS PRIV\u00c9S [\/vc_column_text][vc_column_text css=&#8221;.vc_custom_1763647321166{margin-right: 25% !important;}&#8221;]En t\u00eate-\u00e0-t\u00eate avec un moniteur Oxyski, faites passer votre niveau de ski ou de snowboard \u00e0 un tout autre niveau. Les cours priv\u00e9s sont disponibles pour toutes les disciplines dans chacune de nos stations des Alpes fran\u00e7aises. Progressez en [&hellip;]<\/p>\n","protected":false},"author":6243,"featured_media":0,"parent":0,"menu_order":4,"comment_status":"closed","ping_status":"closed","template":"page-full-width.php","meta":[],"yoast_head":"<!-- This site is optimized with the Yoast SEO plugin v17.6 - https:\/\/yoast.com\/wordpress\/plugins\/seo\/ -->\n<title>Cours priv\u00e9s | Oxyski \u00c9cole de Ski &amp; Snowboard<\/title>\n<meta name=\"description\" content=\"Opter pour un cours priv\u00e9, c&#039;est faire le choix de la flexibilit\u00e9 pour progresser ou tester une nouvelle discipline. Alors n&#039;attendez plus, rejoignez Oxyski.\" \/>\n<meta name=\"robots\" content=\"index, follow, max-snippet:-1, max-image-preview:large, max-video-preview:-1\" \/>\n<link rel=\"canonical\" href=\"https:\/\/oxyski.com\/fr\/cours-prives\/\" \/>\n<meta property=\"og:locale\" content=\"fr_FR\" \/>\n<meta property=\"og:type\" content=\"article\" \/>\n<meta property=\"og:title\" content=\"Cours priv\u00e9s | Oxyski \u00c9cole de Ski &amp; Snowboard\" \/>\n<meta property=\"og:description\" content=\"Opter pour un cours priv\u00e9, c&#039;est faire le choix de la flexibilit\u00e9 pour progresser ou tester une nouvelle discipline. Alors n&#039;attendez plus, rejoignez Oxyski.\" \/>\n<meta property=\"og:url\" content=\"https:\/\/oxyski.com\/fr\/cours-prives\/\" \/>\n<meta property=\"og:site_name\" content=\"Oxyski\" \/>\n<meta property=\"article:publisher\" content=\"https:\/\/www.facebook.com\/OxygeneSki\" \/>\n<meta property=\"article:modified_time\" content=\"2026-01-28T07:54:37+00:00\" \/>\n<meta name=\"twitter:card\" content=\"summary\" \/>\n<meta name=\"twitter:site\" content=\"@Oxygene_Ski\" \/>\n<meta name=\"twitter:label1\" content=\"Est. reading time\" \/>\n\t<meta name=\"twitter:data1\" content=\"10 minutes\" \/>\n<script type=\"application\/ld+json\" class=\"yoast-schema-graph\">{\"@context\":\"https:\/\/schema.org\",\"@graph\":[{\"@type\":\"WebSite\",\"@id\":\"https:\/\/oxyski.com\/#website\",\"url\":\"https:\/\/oxyski.com\/\",\"name\":\"Oxyski\",\"description\":\"\",\"potentialAction\":[{\"@type\":\"SearchAction\",\"target\":{\"@type\":\"EntryPoint\",\"urlTemplate\":\"https:\/\/oxyski.com\/?s={search_term_string}\"},\"query-input\":\"required name=search_term_string\"}],\"inLanguage\":\"fr\"},{\"@type\":\"WebPage\",\"@id\":\"https:\/\/oxyski.com\/fr\/cours-prives\/#webpage\",\"url\":\"https:\/\/oxyski.com\/fr\/cours-prives\/\",\"name\":\"Cours priv\\u00e9s | Oxyski \\u00c9cole de Ski & Snowboard\",\"isPartOf\":{\"@id\":\"https:\/\/oxyski.com\/#website\"},\"datePublished\":\"2025-11-25T20:18:45+00:00\",\"dateModified\":\"2026-01-28T07:54:37+00:00\",\"description\":\"Opter pour un cours priv\\u00e9, c'est faire le choix de la flexibilit\\u00e9 pour progresser ou tester une nouvelle discipline. Alors n'attendez plus, rejoignez Oxyski.\",\"breadcrumb\":{\"@id\":\"https:\/\/oxyski.com\/fr\/cours-prives\/#breadcrumb\"},\"inLanguage\":\"fr\",\"potentialAction\":[{\"@type\":\"ReadAction\",\"target\":[\"https:\/\/oxyski.com\/fr\/cours-prives\/\"]}]},{\"@type\":\"BreadcrumbList\",\"@id\":\"https:\/\/oxyski.com\/fr\/cours-prives\/#breadcrumb\",\"itemListElement\":[{\"@type\":\"ListItem\",\"position\":1,\"name\":\"Home\",\"item\":\"https:\/\/oxyski.com\/fr\/accueil\/\"},{\"@type\":\"ListItem\",\"position\":2,\"name\":\"Cours priv\\u00e9s\"}]}]}<\/script>\n<!-- \/ Yoast SEO plugin. -->","yoast_head_json":{"title":"Cours priv\u00e9s | Oxyski \u00c9cole de Ski & Snowboard","description":"Opter pour un cours priv\u00e9, c'est faire le choix de la flexibilit\u00e9 pour progresser ou tester une nouvelle discipline. Alors n'attendez plus, rejoignez Oxyski.","robots":{"index":"index","follow":"follow","max-snippet":"max-snippet:-1","max-image-preview":"max-image-preview:large","max-video-preview":"max-video-preview:-1"},"canonical":"https:\/\/oxyski.com\/fr\/cours-prives\/","og_locale":"fr_FR","og_type":"article","og_title":"Cours priv\u00e9s | Oxyski \u00c9cole de Ski & Snowboard","og_description":"Opter pour un cours priv\u00e9, c'est faire le choix de la flexibilit\u00e9 pour progresser ou tester une nouvelle discipline. Alors n'attendez plus, rejoignez Oxyski.","og_url":"https:\/\/oxyski.com\/fr\/cours-prives\/","og_site_name":"Oxyski","article_publisher":"https:\/\/www.facebook.com\/OxygeneSki","article_modified_time":"2026-01-28T07:54:37+00:00","twitter_card":"summary","twitter_site":"@Oxygene_Ski","twitter_misc":{"Est. reading time":"10 minutes"},"schema":{"@context":"https:\/\/schema.org","@graph":[{"@type":"WebSite","@id":"https:\/\/oxyski.com\/#website","url":"https:\/\/oxyski.com\/","name":"Oxyski","description":"","potentialAction":[{"@type":"SearchAction","target":{"@type":"EntryPoint","urlTemplate":"https:\/\/oxyski.com\/?s={search_term_string}"},"query-input":"required name=search_term_string"}],"inLanguage":"fr"},{"@type":"WebPage","@id":"https:\/\/oxyski.com\/fr\/cours-prives\/#webpage","url":"https:\/\/oxyski.com\/fr\/cours-prives\/","name":"Cours priv\u00e9s | Oxyski \u00c9cole de Ski & Snowboard","isPartOf":{"@id":"https:\/\/oxyski.com\/#website"},"datePublished":"2025-11-25T20:18:45+00:00","dateModified":"2026-01-28T07:54:37+00:00","description":"Opter pour un cours priv\u00e9, c'est faire le choix de la flexibilit\u00e9 pour progresser ou tester une nouvelle discipline. Alors n'attendez plus, rejoignez Oxyski.","breadcrumb":{"@id":"https:\/\/oxyski.com\/fr\/cours-prives\/#breadcrumb"},"inLanguage":"fr","potentialAction":[{"@type":"ReadAction","target":["https:\/\/oxyski.com\/fr\/cours-prives\/"]}]},{"@type":"BreadcrumbList","@id":"https:\/\/oxyski.com\/fr\/cours-prives\/#breadcrumb","itemListElement":[{"@type":"ListItem","position":1,"name":"Home","item":"https:\/\/oxyski.com\/fr\/accueil\/"},{"@type":"ListItem","position":2,"name":"Cours priv\u00e9s"}]}]}},"_links":{"self":[{"href":"https:\/\/oxyski.com\/fr\/wp-json\/wp\/v2\/pages\/232986"}],"collection":[{"href":"https:\/\/oxyski.com\/fr\/wp-json\/wp\/v2\/pages"}],"about":[{"href":"https:\/\/oxyski.com\/fr\/wp-json\/wp\/v2\/types\/page"}],"author":[{"embeddable":true,"href":"https:\/\/oxyski.com\/fr\/wp-json\/wp\/v2\/users\/6243"}],"replies":[{"embeddable":true,"href":"https:\/\/oxyski.com\/fr\/wp-json\/wp\/v2\/comments?post=232986"}],"version-history":[{"count":26,"href":"https:\/\/oxyski.com\/fr\/wp-json\/wp\/v2\/pages\/232986\/revisions"}],"predecessor-version":[{"id":233910,"href":"https:\/\/oxyski.com\/fr\/wp-json\/wp\/v2\/pages\/232986\/revisions\/233910"}],"wp:attachment":[{"href":"https:\/\/oxyski.com\/fr\/wp-json\/wp\/v2\/media?parent=232986"}],"curies":[{"name":"wp","href":"https:\/\/api.w.org\/{rel}","templated":true}]}}