{"id":232978,"date":"2025-11-25T21:07:15","date_gmt":"2025-11-25T20:07:15","guid":{"rendered":"https:\/\/oxyski.com\/sorties-hors-piste\/"},"modified":"2026-01-28T08:53:58","modified_gmt":"2026-01-28T07:53:58","slug":"sorties-ski-snowboard-hors-piste","status":"publish","type":"page","link":"https:\/\/oxyski.com\/fr\/sorties-ski-snowboard-hors-piste\/","title":{"rendered":"Sorties hors-piste"},"content":{"rendered":"<p>[vc_row][vc_column][vc_single_image image=&#8221;232459&#8243; img_size=&#8221;2000&#215;600&#8243; el_class=&#8221;image-headband-frontpage-main&#8221;][\/vc_column][\/vc_row][vc_row][vc_column][vc_empty_space height=&#8221;20px&#8221;][\/vc_column][\/vc_row][vc_row css=&#8221;.vc_custom_1721295204059{margin-right: 5% !important;margin-left: 5% !important;}&#8221;][vc_column width=&#8221;1\/2&#8243;][vc_empty_space height=&#8221;20px&#8221;][vc_column_text]<\/p>\n<h1 style=\"text-align: left;\"><span style=\"color: #00adef;\">SORTIES HORS-PISTE<\/span><\/h1>\n<p>[\/vc_column_text][vc_column_text css=&#8221;.vc_custom_1763651857686{margin-right: 25% !important;}&#8221;]Profitez pleinement de chaque journ\u00e9e de poudreuse !<br \/>\nSi vous souhaitez d\u00e9couvrir la montagne sous son vrai visage, apprendre \u00e0 skier dans la neige fra\u00eeche et vivre des descentes inoubliables, nous sommes l\u00e0 pour vous accompagner. Laissez parler votre esprit d\u2019aventure et rejoignez-nous pour une sortie hors-piste.<\/p>\n<p>Id\u00e9al pour une premi\u00e8re immersion ou pour les plus aguerris, nos sessions vous permettent de savourer les joies de la neige vierge tout en apprenant \u00e0 rester en s\u00e9curit\u00e9 et en ma\u00eetrise.<\/p>\n<p>D\u00e9couvrez d\u00e8s maintenant nos options hors-piste \u2013 disponibles dans toutes nos stations \u2013 enfilez vos chaussures et r\u00e9servez votre sortie d\u00e8s aujourd\u2019hui ![\/vc_column_text][\/vc_column][vc_column width=&#8221;1\/2&#8243;][vc_row_inner gap=&#8221;35&#8243;][vc_column_inner width=&#8221;1\/2&#8243; css=&#8221;.vc_custom_1757186587682{background-position: center !important;background-repeat: no-repeat !important;background-size: cover !important;}&#8221;][vc_single_image image=&#8221;232660&#8243; img_size=&#8221;335&#215;500&#8243; style=&#8221;vc_box_rounded&#8221;][\/vc_column_inner][vc_column_inner width=&#8221;1\/2&#8243; css=&#8221;.vc_custom_1757186580440{background-position: center !important;background-repeat: no-repeat !important;background-size: cover !important;}&#8221;][vc_single_image image=&#8221;232651&#8243; img_size=&#8221;335&#215;500&#8243; style=&#8221;vc_box_rounded&#8221;][\/vc_column_inner][\/vc_row_inner][\/vc_column][\/vc_row][vc_row css=&#8221;.vc_custom_1763639619186{margin-right: 2% !important;margin-left: 5% !important;}&#8221;][vc_column][vc_empty_space height=&#8221;75px&#8221;][vc_column_text]<\/p>\n<h2 style=\"text-align: left;\"><span style=\"color: #00adef;\">CLIQUEZ SUR LE LOGO DE VOTRE STATION POUR R\u00c9SERVER<\/span><\/h2>\n<p>[\/vc_column_text][\/vc_column][\/vc_row][vc_row][vc_column][vc_empty_space height=&#8221;20px&#8221;][\/vc_column][\/vc_row][vc_row css=&#8221;.vc_custom_1753884951892{margin-right: 5% !important;margin-left: 5% !important;}&#8221;][vc_column width=&#8221;1\/3&#8243;][vc_single_image image=&#8221;232451&#8243; img_size=&#8221;100&#215;100&#8243; alignment=&#8221;center&#8221;][vc_btn title=&#8221;CHAMONIX&#8221; style=&#8221;outline&#8221; color=&#8221;sky&#8221; align=&#8221;center&#8221; link=&#8221;url:https%3A%2F%2Fbooking.yoplanning.pro%2F8b3e5c28-dc43-4e97-8536-60df53768f16%2F%3Ftag%3D4c13e04a-e976-4e74-ab3e-ce47f1d22e44|title:Hors-piste%20Chamonix|target:_blank|&#8221; css=&#8221;.vc_custom_1764626123330{margin-top: -25px !important;}&#8221;][\/vc_column][vc_column width=&#8221;1\/3&#8243;][vc_single_image image=&#8221;233722&#8243; img_size=&#8221;110&#215;110&#8243; alignment=&#8221;center&#8221;][vc_btn title=&#8221;LE GRAND-BORNAND&#8221; style=&#8221;outline&#8221; color=&#8221;sky&#8221; align=&#8221;center&#8221; link=&#8221;url:https%3A%2F%2Fbooking.yoplanning.pro%2Ff0aef664-7968-48d9-9910-faf227b931b8%2F%3Ftag%3D31c20393-1383-4d19-a60b-00a81256b132|title:Hors-piste%20Grand-Bornand|target:_blank|&#8221; css=&#8221;.vc_custom_1769503140830{margin-top: -25px !important;}&#8221;][\/vc_column][vc_column width=&#8221;1\/3&#8243;][vc_single_image image=&#8221;232451&#8243; img_size=&#8221;100&#215;100&#8243; alignment=&#8221;center&#8221;][vc_btn title=&#8221;MEG\u00c8VE&#8221; style=&#8221;outline&#8221; color=&#8221;sky&#8221; align=&#8221;center&#8221; link=&#8221;url:https%3A%2F%2Fbooking.yoplanning.pro%2F3e1c56a8-789e-480c-9cd1-5375ac708380%2F%3Ftag%3Dd0f4f187-2866-4e45-b2b4-10c180c6d3dc|title:Hors-piste%20Meg%C3%A8ve|target:_blank|&#8221; css=&#8221;.vc_custom_1764626189054{margin-top: -25px !important;}&#8221;][\/vc_column][\/vc_row][vc_row css=&#8221;.vc_custom_1763639619186{margin-right: 2% !important;margin-left: 5% !important;}&#8221;][vc_column][vc_empty_space height=&#8221;75px&#8221;][vc_column_text]<\/p>\n<h2 style=\"text-align: left;\"><span style=\"color: #00adef;\">POURQUOI CHOISIR OXYSKI ?<\/span><\/h2>\n<p>[\/vc_column_text][\/vc_column][\/vc_row][vc_row][vc_column][vc_row_inner][vc_column_inner width=&#8221;1\/2&#8243; css=&#8221;.vc_custom_1741855943731{padding-right: 10% !important;padding-left: 10% !important;}&#8221;][vc_single_image image=&#8221;232509&#8243; img_size=&#8221;500&#215;335&#8243; alignment=&#8221;center&#8221; style=&#8221;vc_box_rounded&#8221;][vc_column_text]<\/p>\n<div class=\"wpb_text_column wpb_content_element \" style=\"text-align: center;\">\n<div class=\"wpb_wrapper\">\n<p style=\"text-align: center;\"><span style=\"color: #00adef;\"><strong>TOUJOURS BIEN ACCOMPAGN\u00c9<\/strong><\/span><\/p>\n<p>Envie de poudreuse et de sensations uniques ? Partez \u00e0 la d\u00e9couverte de terrains vierges, loin des pistes balis\u00e9es, et laissez-vous guider vers les plus belles descentes que la montagne peut offrir. Avec nos moniteurs exp\u00e9riment\u00e9s, vivez une aventure hors-piste inoubliable, en toute s\u00e9curit\u00e9.<\/p>\n<\/div>\n<\/div>\n<p>[\/vc_column_text][\/vc_column_inner][vc_column_inner width=&#8221;1\/2&#8243; css=&#8221;.vc_custom_1741855963398{padding-right: 10% !important;padding-left: 10% !important;}&#8221;][vc_single_image image=&#8221;232463&#8243; img_size=&#8221;500&#215;335&#8243; alignment=&#8221;center&#8221; style=&#8221;vc_box_rounded&#8221;][vc_column_text]<\/p>\n<div class=\"wpb_text_column wpb_content_element \">\n<div class=\"wpb_wrapper\">\n<p style=\"text-align: center;\"><span style=\"color: #00adef;\"><strong>PENTES RAIDES &amp; POUDREUSE FRA\u00ceCHE<\/strong><\/span><\/p>\n<p style=\"text-align: center;\">Laissez parler votre esprit d\u2019aventure et d\u00e9couvrez le hors-piste lors de nos cours et sorties encadr\u00e9s par un moniteur Oxyski. Nos sessions d\u00e9couverte vous offrent un avant-go\u00fbt de la neige vierge tout en vous apprenant \u00e0 \u00e9voluer en s\u00e9curit\u00e9 et avec ma\u00eetrise. D\u00e9j\u00e0 pratiquant de hors-piste ? Enfilez votre DVA, choisissez votre sommet et rejoignez-nous pour repousser vos limites.<\/p>\n<\/div>\n<\/div>\n<p>[\/vc_column_text][\/vc_column_inner][\/vc_row_inner][vc_empty_space height=&#8221;75px&#8221;][\/vc_column][\/vc_row][vc_row css=&#8221;.vc_custom_1723624984231{margin-right: 5% !important;margin-left: 5% !important;}&#8221;][vc_column width=&#8221;1\/2&#8243;][vc_column_text css=&#8221;.vc_custom_1763652471767{margin-right: 10% !important;}&#8221;]<\/p>\n<h3><span style=\"color: #00adef;\">LA S\u00c9CURIT\u00c9 AVANT TOUT<\/span><\/h3>\n<p>&nbsp;<\/p>\n<p>Avec nous, la s\u00e9curit\u00e9 n\u2019est jamais une option. La preuve : pour chaque cours hors-piste ou sortie encadr\u00e9e, nous vous \u00e9quipons gratuitement d\u2019un casque, d\u2019une protection dorsale, d\u2019un DVA, d\u2019une pelle, d\u2019une sonde et d\u2019un sac ABS.<\/p>\n<p>Parce que nous savons \u00e9couter la montagne, vous pouvez en profiter pleinement.<\/p>\n<p>Pr\u00eat pour une nouvelle aventure ?[\/vc_column_text][\/vc_column][vc_column width=&#8221;1\/2&#8243; css=&#8221;.vc_custom_1757186660263{background-position: center !important;background-repeat: no-repeat !important;background-size: cover !important;}&#8221; el_class=&#8221;image-column-remove-padding image-headband&#8221;][vc_single_image image=&#8221;26393&#8243; img_size=&#8221;full&#8221; style=&#8221;vc_box_rounded&#8221; el_class=&#8221;image-headband-frontpage&#8221;][\/vc_column][\/vc_row][vc_row][vc_column][vc_empty_space height=&#8221;30px&#8221;][\/vc_column][\/vc_row][vc_row css=&#8221;.vc_custom_1489493682930{padding-top: 50px !important;padding-bottom: 50px !important;}&#8221;][vc_column][vc_column_text css_animation=&#8221;none&#8221;]<\/p>\n<h3 style=\"text-align: center;\"><span style=\"color: #00adef;\"><strong>ANY DES QUESTIONS ? CONTACTEZ-NOUS<\/strong><\/span><\/h3>\n<p>[\/vc_column_text][vc_column_text css=&#8221;.vc_custom_1763995927421{padding-top: 0px !important;padding-right: 10% !important;padding-bottom: 0px !important;padding-left: 10% !important;}&#8221;]<\/p>\n<p style=\"text-align: center;\">Besoin de plus d\u2019informations ? Contactez directement nos stations en utilisant les coordonn\u00e9es ci-dessous. Notre \u00e9quipe de r\u00e9servation est disponible toute l\u2019ann\u00e9e et se fera un plaisir de vous aider !<\/p>\n<p>[\/vc_column_text][vc_row_inner type=&#8221;boxed&#8221;][vc_column_inner width=&#8221;1\/3&#8243;][vc_empty_space height=&#8221;30px&#8221;][vc_single_image image=&#8221;232447&#8243; alignment=&#8221;center&#8221; css_animation=&#8221;none&#8221;][vc_column_text]<\/p>\n<h5 style=\"text-align: center;\">CHAMONIX<\/h5>\n<p>[\/vc_column_text][vc_column_text css=&#8221;.vc_custom_1764015482043{padding-top: 0px !important;padding-bottom: 0px !important;}&#8221;]<\/p>\n<p style=\"text-align: center;\">\u00c9cole de Ski et Snowboard Oxyski<strong> Chamonix<\/strong><br \/>\nPrieur\u00e9 ski shop \u2013 149 all\u00e9e recteur Payot<br \/>\n74400 Chamonix<\/p>\n<p>[\/vc_column_text][vc_btn title=&#8221;+33 (0)6 83 82 65 11&#8243; align=&#8221;center&#8221; i_icon_fontawesome=&#8221;fas fa-phone-alt&#8221; add_icon=&#8221;true&#8221; link=&#8221;url:tel%3A%20%2B33683826511|target:_blank|&#8221;][vc_btn title=&#8221;chamonix@oxyski.com&#8221; align=&#8221;center&#8221; i_icon_fontawesome=&#8221;fas fa-envelope&#8221; add_icon=&#8221;true&#8221; link=&#8221;url:mailto%3A%20chamonix%40oxyski.com|target:_blank|&#8221;][\/vc_column_inner][vc_column_inner width=&#8221;1\/3&#8243;][vc_empty_space height=&#8221;30px&#8221;][vc_single_image image=&#8221;233722&#8243; alignment=&#8221;center&#8221; css_animation=&#8221;none&#8221;][vc_column_text]<\/p>\n<h5 style=\"text-align: center;\">LE GRAND-BORNAND<\/h5>\n<p>[\/vc_column_text][vc_column_text css=&#8221;.vc_custom_1769586191707{padding-top: 0px !important;padding-bottom: 0px !important;}&#8221;]<\/p>\n<p style=\"text-align: center;\">\u00c9cole de Ski et Snowboard Oxyski<strong> Grand-Bornand<\/strong><br \/>\nR\u00e9sidence les Amborzales \u2013 7195 Route du Chinaillon<br \/>\n74450 Le Grand-Bornand<\/p>\n<p>[\/vc_column_text][vc_btn title=&#8221;+33 (0)4 80 80 60 50&#8243; align=&#8221;center&#8221; i_icon_fontawesome=&#8221;fas fa-phone-alt&#8221; add_icon=&#8221;true&#8221; link=&#8221;url:tel%3A%20%2B33480806050|target:_blank|&#8221;][vc_btn title=&#8221;grandbornand@oxyski.com&#8221; align=&#8221;center&#8221; i_icon_fontawesome=&#8221;fas fa-envelope&#8221; add_icon=&#8221;true&#8221; link=&#8221;url:mailto%3A%20grandbornand%40oxyski.com|target:_blank|&#8221;][\/vc_column_inner][vc_column_inner width=&#8221;1\/3&#8243;][vc_empty_space height=&#8221;30px&#8221;][vc_single_image image=&#8221;232451&#8243; alignment=&#8221;center&#8221; css_animation=&#8221;none&#8221;][vc_column_text]<\/p>\n<h5 style=\"text-align: center;\">MEG\u00c8VE<\/h5>\n<p>[\/vc_column_text][vc_column_text css=&#8221;.vc_custom_1764015496875{padding-top: 0px !important;padding-bottom: 0px !important;}&#8221;]<\/p>\n<p style=\"text-align: center;\">\u00c9cole de Ski et Snowboard Oxyski <strong>Meg\u00e8ve<\/strong><br \/>\n279 rue de la Poste<br \/>\n74120 Meg\u00e8ve<\/p>\n<p>[\/vc_column_text][vc_btn title=&#8221;+33 (0)4 50 58 78 88&#8243; align=&#8221;center&#8221; i_icon_fontawesome=&#8221;fas fa-phone-alt&#8221; add_icon=&#8221;true&#8221; link=&#8221;url:tel%3A%20%2B33450587888|target:_blank|&#8221;][vc_btn title=&#8221;+33 (0)6 70 61 30 04&#8243; align=&#8221;center&#8221; i_icon_fontawesome=&#8221;fab fa-whatsapp&#8221; add_icon=&#8221;true&#8221; link=&#8221;url:https%3A%2F%2Fwa.me%2F33612345678|target:_blank|&#8221;][vc_btn title=&#8221;megeve@oxyski.com&#8221; align=&#8221;center&#8221; i_icon_fontawesome=&#8221;fas fa-envelope&#8221; add_icon=&#8221;true&#8221; link=&#8221;url:mailto%3A%20megeve%40oxyski.com|target:_blank|&#8221;][\/vc_column_inner][\/vc_row_inner][\/vc_column][\/vc_row]<\/p>\n","protected":false},"excerpt":{"rendered":"<p>[vc_row][vc_column][vc_single_image image=&#8221;232459&#8243; img_size=&#8221;2000&#215;600&#8243; el_class=&#8221;image-headband-frontpage-main&#8221;][\/vc_column][\/vc_row][vc_row][vc_column][vc_empty_space height=&#8221;20px&#8221;][\/vc_column][\/vc_row][vc_row css=&#8221;.vc_custom_1721295204059{margin-right: 5% !important;margin-left: 5% !important;}&#8221;][vc_column width=&#8221;1\/2&#8243;][vc_empty_space height=&#8221;20px&#8221;][vc_column_text] SORTIES HORS-PISTE [\/vc_column_text][vc_column_text css=&#8221;.vc_custom_1763651857686{margin-right: 25% !important;}&#8221;]Profitez pleinement de chaque journ\u00e9e de poudreuse ! Si vous souhaitez d\u00e9couvrir la montagne sous son vrai visage, apprendre \u00e0 skier dans la neige fra\u00eeche et vivre des descentes inoubliables, nous sommes l\u00e0 pour vous accompagner. Laissez parler [&hellip;]<\/p>\n","protected":false},"author":6243,"featured_media":0,"parent":0,"menu_order":4,"comment_status":"closed","ping_status":"closed","template":"page-full-width.php","meta":[],"yoast_head":"<!-- This site is optimized with the Yoast SEO plugin v17.6 - https:\/\/yoast.com\/wordpress\/plugins\/seo\/ -->\n<title>Cours hors-piste | Oxyski \u00c9cole de Ski &amp; Snowboard<\/title>\n<meta name=\"description\" content=\"Offrez-vous une journ\u00e9e compl\u00e8te d\u00e9di\u00e9e \u00e0 la poudreuse ! D\u00e9couvrez les plaisirs du ski hors-piste tout en apprenant les bonnes techniques.\" \/>\n<meta name=\"robots\" content=\"index, follow, max-snippet:-1, max-image-preview:large, max-video-preview:-1\" \/>\n<link rel=\"canonical\" href=\"https:\/\/oxyski.com\/fr\/sorties-ski-snowboard-hors-piste\/\" \/>\n<meta property=\"og:locale\" content=\"fr_FR\" \/>\n<meta property=\"og:type\" content=\"article\" \/>\n<meta property=\"og:title\" content=\"Cours hors-piste | Oxyski \u00c9cole de Ski &amp; Snowboard\" \/>\n<meta property=\"og:description\" content=\"Offrez-vous une journ\u00e9e compl\u00e8te d\u00e9di\u00e9e \u00e0 la poudreuse ! D\u00e9couvrez les plaisirs du ski hors-piste tout en apprenant les bonnes techniques.\" \/>\n<meta property=\"og:url\" content=\"https:\/\/oxyski.com\/fr\/sorties-ski-snowboard-hors-piste\/\" \/>\n<meta property=\"og:site_name\" content=\"Oxyski\" \/>\n<meta property=\"article:publisher\" content=\"https:\/\/www.facebook.com\/OxygeneSki\" \/>\n<meta property=\"article:modified_time\" content=\"2026-01-28T07:53:58+00:00\" \/>\n<meta name=\"twitter:card\" content=\"summary\" \/>\n<meta name=\"twitter:site\" content=\"@Oxygene_Ski\" \/>\n<meta name=\"twitter:label1\" content=\"Est. reading time\" \/>\n\t<meta name=\"twitter:data1\" content=\"7 minutes\" \/>\n<script type=\"application\/ld+json\" class=\"yoast-schema-graph\">{\"@context\":\"https:\/\/schema.org\",\"@graph\":[{\"@type\":\"WebSite\",\"@id\":\"https:\/\/oxyski.com\/#website\",\"url\":\"https:\/\/oxyski.com\/\",\"name\":\"Oxyski\",\"description\":\"\",\"potentialAction\":[{\"@type\":\"SearchAction\",\"target\":{\"@type\":\"EntryPoint\",\"urlTemplate\":\"https:\/\/oxyski.com\/?s={search_term_string}\"},\"query-input\":\"required name=search_term_string\"}],\"inLanguage\":\"fr\"},{\"@type\":\"WebPage\",\"@id\":\"https:\/\/oxyski.com\/fr\/sorties-ski-snowboard-hors-piste\/#webpage\",\"url\":\"https:\/\/oxyski.com\/fr\/sorties-ski-snowboard-hors-piste\/\",\"name\":\"Cours hors-piste | Oxyski \\u00c9cole de Ski & Snowboard\",\"isPartOf\":{\"@id\":\"https:\/\/oxyski.com\/#website\"},\"datePublished\":\"2025-11-25T20:07:15+00:00\",\"dateModified\":\"2026-01-28T07:53:58+00:00\",\"description\":\"Offrez-vous une journ\\u00e9e compl\\u00e8te d\\u00e9di\\u00e9e \\u00e0 la poudreuse ! D\\u00e9couvrez les plaisirs du ski hors-piste tout en apprenant les bonnes techniques.\",\"breadcrumb\":{\"@id\":\"https:\/\/oxyski.com\/fr\/sorties-ski-snowboard-hors-piste\/#breadcrumb\"},\"inLanguage\":\"fr\",\"potentialAction\":[{\"@type\":\"ReadAction\",\"target\":[\"https:\/\/oxyski.com\/fr\/sorties-ski-snowboard-hors-piste\/\"]}]},{\"@type\":\"BreadcrumbList\",\"@id\":\"https:\/\/oxyski.com\/fr\/sorties-ski-snowboard-hors-piste\/#breadcrumb\",\"itemListElement\":[{\"@type\":\"ListItem\",\"position\":1,\"name\":\"Home\",\"item\":\"https:\/\/oxyski.com\/fr\/accueil\/\"},{\"@type\":\"ListItem\",\"position\":2,\"name\":\"Sorties hors-piste\"}]}]}<\/script>\n<!-- \/ Yoast SEO plugin. -->","yoast_head_json":{"title":"Cours hors-piste | Oxyski \u00c9cole de Ski & Snowboard","description":"Offrez-vous une journ\u00e9e compl\u00e8te d\u00e9di\u00e9e \u00e0 la poudreuse ! D\u00e9couvrez les plaisirs du ski hors-piste tout en apprenant les bonnes techniques.","robots":{"index":"index","follow":"follow","max-snippet":"max-snippet:-1","max-image-preview":"max-image-preview:large","max-video-preview":"max-video-preview:-1"},"canonical":"https:\/\/oxyski.com\/fr\/sorties-ski-snowboard-hors-piste\/","og_locale":"fr_FR","og_type":"article","og_title":"Cours hors-piste | Oxyski \u00c9cole de Ski & Snowboard","og_description":"Offrez-vous une journ\u00e9e compl\u00e8te d\u00e9di\u00e9e \u00e0 la poudreuse ! D\u00e9couvrez les plaisirs du ski hors-piste tout en apprenant les bonnes techniques.","og_url":"https:\/\/oxyski.com\/fr\/sorties-ski-snowboard-hors-piste\/","og_site_name":"Oxyski","article_publisher":"https:\/\/www.facebook.com\/OxygeneSki","article_modified_time":"2026-01-28T07:53:58+00:00","twitter_card":"summary","twitter_site":"@Oxygene_Ski","twitter_misc":{"Est. reading time":"7 minutes"},"schema":{"@context":"https:\/\/schema.org","@graph":[{"@type":"WebSite","@id":"https:\/\/oxyski.com\/#website","url":"https:\/\/oxyski.com\/","name":"Oxyski","description":"","potentialAction":[{"@type":"SearchAction","target":{"@type":"EntryPoint","urlTemplate":"https:\/\/oxyski.com\/?s={search_term_string}"},"query-input":"required name=search_term_string"}],"inLanguage":"fr"},{"@type":"WebPage","@id":"https:\/\/oxyski.com\/fr\/sorties-ski-snowboard-hors-piste\/#webpage","url":"https:\/\/oxyski.com\/fr\/sorties-ski-snowboard-hors-piste\/","name":"Cours hors-piste | Oxyski \u00c9cole de Ski & Snowboard","isPartOf":{"@id":"https:\/\/oxyski.com\/#website"},"datePublished":"2025-11-25T20:07:15+00:00","dateModified":"2026-01-28T07:53:58+00:00","description":"Offrez-vous une journ\u00e9e compl\u00e8te d\u00e9di\u00e9e \u00e0 la poudreuse ! D\u00e9couvrez les plaisirs du ski hors-piste tout en apprenant les bonnes techniques.","breadcrumb":{"@id":"https:\/\/oxyski.com\/fr\/sorties-ski-snowboard-hors-piste\/#breadcrumb"},"inLanguage":"fr","potentialAction":[{"@type":"ReadAction","target":["https:\/\/oxyski.com\/fr\/sorties-ski-snowboard-hors-piste\/"]}]},{"@type":"BreadcrumbList","@id":"https:\/\/oxyski.com\/fr\/sorties-ski-snowboard-hors-piste\/#breadcrumb","itemListElement":[{"@type":"ListItem","position":1,"name":"Home","item":"https:\/\/oxyski.com\/fr\/accueil\/"},{"@type":"ListItem","position":2,"name":"Sorties hors-piste"}]}]}},"_links":{"self":[{"href":"https:\/\/oxyski.com\/fr\/wp-json\/wp\/v2\/pages\/232978"}],"collection":[{"href":"https:\/\/oxyski.com\/fr\/wp-json\/wp\/v2\/pages"}],"about":[{"href":"https:\/\/oxyski.com\/fr\/wp-json\/wp\/v2\/types\/page"}],"author":[{"embeddable":true,"href":"https:\/\/oxyski.com\/fr\/wp-json\/wp\/v2\/users\/6243"}],"replies":[{"embeddable":true,"href":"https:\/\/oxyski.com\/fr\/wp-json\/wp\/v2\/comments?post=232978"}],"version-history":[{"count":28,"href":"https:\/\/oxyski.com\/fr\/wp-json\/wp\/v2\/pages\/232978\/revisions"}],"predecessor-version":[{"id":233907,"href":"https:\/\/oxyski.com\/fr\/wp-json\/wp\/v2\/pages\/232978\/revisions\/233907"}],"wp:attachment":[{"href":"https:\/\/oxyski.com\/fr\/wp-json\/wp\/v2\/media?parent=232978"}],"curies":[{"name":"wp","href":"https:\/\/api.w.org\/{rel}","templated":true}]}}