{"id":232970,"date":"2025-11-25T20:58:20","date_gmt":"2025-11-25T19:58:20","guid":{"rendered":"https:\/\/oxyski.com\/ski-de-fond\/"},"modified":"2026-01-28T08:35:19","modified_gmt":"2026-01-28T07:35:19","slug":"ski-de-fond","status":"publish","type":"page","link":"https:\/\/oxyski.com\/fr\/ski-de-fond\/","title":{"rendered":"Ski de fond"},"content":{"rendered":"<p>[vc_row][vc_column][vc_single_image image=&#8221;232756&#8243; img_size=&#8221;2000X600&#8243;][\/vc_column][\/vc_row][vc_row][vc_column][vc_empty_space height=&#8221;20px&#8221;][\/vc_column][\/vc_row][vc_row css=&#8221;.vc_custom_1721295204059{margin-right: 5% !important;margin-left: 5% !important;}&#8221;][vc_column width=&#8221;1\/2&#8243;][vc_empty_space height=&#8221;20px&#8221;][vc_column_text]<\/p>\n<h1 style=\"text-align: left;\"><span style=\"color: #00adef;\">SKI DE FOND<\/span><\/h1>\n<p>[\/vc_column_text][vc_column_text css=&#8221;.vc_custom_1763985726025{margin-right: 25% !important;}&#8221;]<br \/>\nLe ski de fond, aussi appel\u00e9 ski nordique est id\u00e9al pour ceux qui souhaitent profiter du calme et de la nature, loin de l\u2019effervescence des pistes. Choisissez entre le ski de fond classique, avec des gestes similaires \u00e0 la marche, ou une technique plus \u00e9nergique et cardiovasculaire : le skating. Nos moniteurs sauront s\u2019adapter \u00e0 votre niveau et vous feront d\u00e9couvrir les joies de ce sport aux nombreux bienfaits.<br \/>\n[\/vc_column_text][\/vc_column][vc_column width=&#8221;1\/2&#8243;][vc_row_inner gap=&#8221;35&#8243;][vc_column_inner width=&#8221;1\/2&#8243; css=&#8221;.vc_custom_1757186587682{background-position: center !important;background-repeat: no-repeat !important;background-size: cover !important;}&#8221;][vc_single_image image=&#8221;232760&#8243; img_size=&#8221;335&#215;500&#8243; style=&#8221;vc_box_rounded&#8221;][\/vc_column_inner][vc_column_inner width=&#8221;1\/2&#8243; css=&#8221;.vc_custom_1757186580440{background-position: center !important;background-repeat: no-repeat !important;background-size: cover !important;}&#8221;][vc_single_image image=&#8221;232762&#8243; img_size=&#8221;335&#215;500&#8243; style=&#8221;vc_box_rounded&#8221;][\/vc_column_inner][\/vc_row_inner][\/vc_column][\/vc_row][vc_row css=&#8221;.vc_custom_1763639619186{margin-right: 2% !important;margin-left: 5% !important;}&#8221;][vc_column][vc_empty_space height=&#8221;75px&#8221;][vc_column_text]<\/p>\n<h2 style=\"text-align: left;\"><span style=\"color: #00adef;\"><br \/>\nCLIQUEZ SUR LE LOGO DE VOTRE STATION POUR R\u00c9SERVER<\/span><\/h2>\n<p>[\/vc_column_text][\/vc_column][\/vc_row][vc_row][vc_column][vc_empty_space height=&#8221;20px&#8221;][\/vc_column][\/vc_row][vc_row css=&#8221;.vc_custom_1753884951892{margin-right: 5% !important;margin-left: 5% !important;}&#8221;][vc_column width=&#8221;1\/2&#8243;][vc_single_image image=&#8221;233722&#8243; img_size=&#8221;110&#215;110&#8243; alignment=&#8221;center&#8221;][vc_btn title=&#8221;LE GRAND-BORNAND&#8221; style=&#8221;outline&#8221; color=&#8221;sky&#8221; align=&#8221;center&#8221; link=&#8221;url:https%3A%2F%2Fbooking.yoplanning.pro%2F3f746c36-9bf8-4836-bf19-dba6e428ef77%2F|title:Ski%20de%20fond%20Grand%20Bornand|target:_blank|&#8221; css=&#8221;.vc_custom_1769503045728{margin-top: -25px !important;}&#8221;][\/vc_column][vc_column width=&#8221;1\/2&#8243;][vc_single_image image=&#8221;232451&#8243; img_size=&#8221;100&#215;100&#8243; alignment=&#8221;center&#8221;][vc_btn title=&#8221;MEG\u00c8VE&#8221; style=&#8221;outline&#8221; color=&#8221;sky&#8221; align=&#8221;center&#8221; link=&#8221;url:https%3A%2F%2Fbooking.yoplanning.pro%2F3e1c56a8-789e-480c-9cd1-5375ac708380%2F%3Ftag%3Dd3f4fe27-8f7b-4f13-9730-37d814abff85%26_gl%3D1%2A1b686p8%2A_gcl_au%2AMTE1Njc3OTY0Mi4xNzYyMjYwMzEy%2A_ga%2ANzkzNjUwMzI0LjE3NjIyNjAzMTM.%2A_ga_4249YQ7MD7%2AczE3NjQwMTM3MzYkbzI1JGcxJHQxNzY0MDE4MTk0JGo1MCRsMCRoMA..|title:Ski%20de%20fond%20Meg%C3%A8ve|target:_blank|&#8221; css=&#8221;.vc_custom_1764018243729{margin-top: -25px !important;}&#8221;][\/vc_column][\/vc_row][vc_row][vc_column][vc_empty_space height=&#8221;75px&#8221;][\/vc_column][\/vc_row][vc_row css=&#8221;.vc_custom_1723624984231{margin-right: 5% !important;margin-left: 5% !important;}&#8221;][vc_column width=&#8221;1\/2&#8243;][vc_column_text css=&#8221;.vc_custom_1763985913869{margin-right: 10% !important;}&#8221;]<\/p>\n<h3><span style=\"color: #00adef;\">SKI DE FOND CLASSIQUE OU SKATING ?<\/span><\/h3>\n<p>&nbsp;<\/p>\n<p data-start=\"168\" data-end=\"461\"><strong data-start=\"170\" data-end=\"192\">Le style classique<\/strong>\u00a0: glissez dans les rails trac\u00e9s sur la neige, laissez-vous porter par le rythme de vos b\u00e2tons et d\u00e9couvrez une pratique fluide et accessible \u00e0 tous. Id\u00e9al pour d\u00e9buter, ce style vous permet de profiter du grand air tout en faisant le plein d\u2019\u00e9nergie, \u00e0 votre rythme.<\/p>\n<p data-start=\"463\" data-end=\"785\"><strong data-start=\"466\" data-end=\"486\">Le style skating<\/strong>\u00a0: plus dynamique et sportif, il demande un peu plus de technique. Comme son nom l\u2019indique, il rappelle le mouvement du patinage : on pousse lat\u00e9ralement sur ses skis pour gagner en vitesse et en intensit\u00e9. Une pratique id\u00e9ale pour les skieurs en qu\u00eate de sensations et d\u2019un effort plus tonique.<\/p>\n<p data-start=\"787\" data-end=\"938\">Que vous soyez d\u00e9butant ou d\u00e9j\u00e0 initi\u00e9, le ski nordique vous offre une mani\u00e8re unique de profiter de la montagne tout en alliant sport et plaisir. Et accompagn\u00e9 d\u2019un moniteur Oxyski, vous \u00eates s\u00fbr d\u2019acqu\u00e9rir de suite la bonne technique.<\/p>\n<p>[\/vc_column_text][\/vc_column][vc_column width=&#8221;1\/2&#8243; css=&#8221;.vc_custom_1757186660263{background-position: center !important;background-repeat: no-repeat !important;background-size: cover !important;}&#8221; el_class=&#8221;image-column-remove-padding image-headband&#8221;][vc_single_image image=&#8221;232750&#8243; img_size=&#8221;full&#8221; style=&#8221;vc_box_rounded&#8221; el_class=&#8221;image-headband-frontpage&#8221;][\/vc_column][\/vc_row][vc_row][vc_column][vc_empty_space height=&#8221;30px&#8221;][\/vc_column][\/vc_row][vc_row css=&#8221;.vc_custom_1489493682930{padding-top: 50px !important;padding-bottom: 50px !important;}&#8221;][vc_column][vc_column_text css_animation=&#8221;none&#8221;]<\/p>\n<h3 style=\"text-align: center;\"><span style=\"color: #00adef;\"><strong>DES QUESTIONS ? CONTACTEZ-NOUS<\/strong><\/span><\/h3>\n<p>[\/vc_column_text][vc_column_text css=&#8221;.vc_custom_1763995927421{padding-top: 0px !important;padding-right: 10% !important;padding-bottom: 0px !important;padding-left: 10% !important;}&#8221;]<\/p>\n<p style=\"text-align: center;\">Besoin de plus d\u2019informations ? Contactez directement nos stations en utilisant les coordonn\u00e9es ci-dessous. Notre \u00e9quipe de r\u00e9servation est disponible toute l\u2019ann\u00e9e et se fera un plaisir de vous aider !<\/p>\n<p>[\/vc_column_text][vc_row_inner type=&#8221;boxed&#8221;][vc_column_inner width=&#8221;1\/2&#8243;][vc_empty_space height=&#8221;30px&#8221;][vc_single_image image=&#8221;233722&#8243; alignment=&#8221;center&#8221; css_animation=&#8221;none&#8221;][vc_column_text]<\/p>\n<h5 style=\"text-align: center;\">LE GRAND-BORNAND<\/h5>\n<p>[\/vc_column_text][vc_column_text css=&#8221;.vc_custom_1764015489698{padding-top: 0px !important;padding-bottom: 0px !important;}&#8221;]<\/p>\n<p style=\"text-align: center;\">\u00c9cole de Ski et Snowboard Oxyski <strong>Grand Bornand<\/strong><br \/>\nR\u00e9sidence les Amborzales \u2013 7195 Route du Chinaillon<br \/>\n74450 Le Grand Bornand<\/p>\n<p>[\/vc_column_text][vc_btn title=&#8221;+33 (0)4 80 80 60 50&#8243; align=&#8221;center&#8221; link=&#8221;url:tel%3A%20%2B33480806050|target:_blank|&#8221;][vc_btn title=&#8221;grandbornand@star.ski&#8221; align=&#8221;center&#8221; link=&#8221;url:mailto%3A%20grandbornand%40star.ski|target:_blank|&#8221;][\/vc_column_inner][vc_column_inner width=&#8221;1\/2&#8243;][vc_empty_space height=&#8221;30px&#8221;][vc_single_image image=&#8221;232451&#8243; alignment=&#8221;center&#8221; css_animation=&#8221;none&#8221;][vc_column_text]<\/p>\n<h5 style=\"text-align: center;\">MEG\u00c8VE<\/h5>\n<p>[\/vc_column_text][vc_column_text css=&#8221;.vc_custom_1764015496875{padding-top: 0px !important;padding-bottom: 0px !important;}&#8221;]<\/p>\n<p style=\"text-align: center;\">\u00c9cole de Ski et Snowboard Oxyski <strong>Meg\u00e8ve<\/strong><br \/>\n279 rue de la Poste<br \/>\n74120 Meg\u00e8ve<\/p>\n<p>[\/vc_column_text][vc_btn title=&#8221;+33 (0)4 50 58 78 88&#8243; align=&#8221;center&#8221; link=&#8221;url:tel%3A%20%2B33450587888|target:_blank|&#8221;][vc_btn title=&#8221;megeve@oxygene.ski&#8221; align=&#8221;center&#8221; link=&#8221;url:mailto%3A%20megeve%40oxygene.ski|target:_blank|&#8221;][\/vc_column_inner][\/vc_row_inner][\/vc_column][\/vc_row]<\/p>\n","protected":false},"excerpt":{"rendered":"<p>[vc_row][vc_column][vc_single_image image=&#8221;232756&#8243; img_size=&#8221;2000X600&#8243;][\/vc_column][\/vc_row][vc_row][vc_column][vc_empty_space height=&#8221;20px&#8221;][\/vc_column][\/vc_row][vc_row css=&#8221;.vc_custom_1721295204059{margin-right: 5% !important;margin-left: 5% !important;}&#8221;][vc_column width=&#8221;1\/2&#8243;][vc_empty_space height=&#8221;20px&#8221;][vc_column_text] SKI DE FOND [\/vc_column_text][vc_column_text css=&#8221;.vc_custom_1763985726025{margin-right: 25% !important;}&#8221;] Le ski de fond, aussi appel\u00e9 ski nordique est id\u00e9al pour ceux qui souhaitent profiter du calme et de la nature, loin de l\u2019effervescence des pistes. Choisissez entre le ski de fond classique, avec des gestes similaires [&hellip;]<\/p>\n","protected":false},"author":6243,"featured_media":0,"parent":0,"menu_order":4,"comment_status":"closed","ping_status":"closed","template":"page-full-width.php","meta":[],"yoast_head":"<!-- This site is optimized with the Yoast SEO plugin v17.6 - https:\/\/yoast.com\/wordpress\/plugins\/seo\/ -->\n<title>Ski de fond | Oxyski \u00c9cole de Ski &amp; Snowboard<\/title>\n<meta name=\"description\" content=\"Envie de calme et de nature ? Choisissez un cours de ski de fond classique ou skating avec nos moniteurs qualifi\u00e9s et passionn\u00e9s.\" \/>\n<meta name=\"robots\" content=\"index, follow, max-snippet:-1, max-image-preview:large, max-video-preview:-1\" \/>\n<link rel=\"canonical\" href=\"https:\/\/oxyski.com\/fr\/ski-de-fond\/\" \/>\n<meta property=\"og:locale\" content=\"fr_FR\" \/>\n<meta property=\"og:type\" content=\"article\" \/>\n<meta property=\"og:title\" content=\"Ski de fond | Oxyski \u00c9cole de Ski &amp; Snowboard\" \/>\n<meta property=\"og:description\" content=\"Envie de calme et de nature ? Choisissez un cours de ski de fond classique ou skating avec nos moniteurs qualifi\u00e9s et passionn\u00e9s.\" \/>\n<meta property=\"og:url\" content=\"https:\/\/oxyski.com\/fr\/ski-de-fond\/\" \/>\n<meta property=\"og:site_name\" content=\"Oxyski\" \/>\n<meta property=\"article:publisher\" content=\"https:\/\/www.facebook.com\/OxygeneSki\" \/>\n<meta property=\"article:modified_time\" content=\"2026-01-28T07:35:19+00:00\" \/>\n<meta name=\"twitter:card\" content=\"summary\" \/>\n<meta name=\"twitter:site\" content=\"@Oxygene_Ski\" \/>\n<meta name=\"twitter:label1\" content=\"Est. reading time\" \/>\n\t<meta name=\"twitter:data1\" content=\"5 minutes\" \/>\n<script type=\"application\/ld+json\" class=\"yoast-schema-graph\">{\"@context\":\"https:\/\/schema.org\",\"@graph\":[{\"@type\":\"WebSite\",\"@id\":\"https:\/\/oxyski.com\/#website\",\"url\":\"https:\/\/oxyski.com\/\",\"name\":\"Oxyski\",\"description\":\"\",\"potentialAction\":[{\"@type\":\"SearchAction\",\"target\":{\"@type\":\"EntryPoint\",\"urlTemplate\":\"https:\/\/oxyski.com\/?s={search_term_string}\"},\"query-input\":\"required name=search_term_string\"}],\"inLanguage\":\"fr\"},{\"@type\":\"WebPage\",\"@id\":\"https:\/\/oxyski.com\/fr\/ski-de-fond\/#webpage\",\"url\":\"https:\/\/oxyski.com\/fr\/ski-de-fond\/\",\"name\":\"Ski de fond | Oxyski \\u00c9cole de Ski & Snowboard\",\"isPartOf\":{\"@id\":\"https:\/\/oxyski.com\/#website\"},\"datePublished\":\"2025-11-25T19:58:20+00:00\",\"dateModified\":\"2026-01-28T07:35:19+00:00\",\"description\":\"Envie de calme et de nature ? Choisissez un cours de ski de fond classique ou skating avec nos moniteurs qualifi\\u00e9s et passionn\\u00e9s.\",\"breadcrumb\":{\"@id\":\"https:\/\/oxyski.com\/fr\/ski-de-fond\/#breadcrumb\"},\"inLanguage\":\"fr\",\"potentialAction\":[{\"@type\":\"ReadAction\",\"target\":[\"https:\/\/oxyski.com\/fr\/ski-de-fond\/\"]}]},{\"@type\":\"BreadcrumbList\",\"@id\":\"https:\/\/oxyski.com\/fr\/ski-de-fond\/#breadcrumb\",\"itemListElement\":[{\"@type\":\"ListItem\",\"position\":1,\"name\":\"Home\",\"item\":\"https:\/\/oxyski.com\/fr\/accueil\/\"},{\"@type\":\"ListItem\",\"position\":2,\"name\":\"Ski de fond\"}]}]}<\/script>\n<!-- \/ Yoast SEO plugin. -->","yoast_head_json":{"title":"Ski de fond | Oxyski \u00c9cole de Ski & Snowboard","description":"Envie de calme et de nature ? Choisissez un cours de ski de fond classique ou skating avec nos moniteurs qualifi\u00e9s et passionn\u00e9s.","robots":{"index":"index","follow":"follow","max-snippet":"max-snippet:-1","max-image-preview":"max-image-preview:large","max-video-preview":"max-video-preview:-1"},"canonical":"https:\/\/oxyski.com\/fr\/ski-de-fond\/","og_locale":"fr_FR","og_type":"article","og_title":"Ski de fond | Oxyski \u00c9cole de Ski & Snowboard","og_description":"Envie de calme et de nature ? Choisissez un cours de ski de fond classique ou skating avec nos moniteurs qualifi\u00e9s et passionn\u00e9s.","og_url":"https:\/\/oxyski.com\/fr\/ski-de-fond\/","og_site_name":"Oxyski","article_publisher":"https:\/\/www.facebook.com\/OxygeneSki","article_modified_time":"2026-01-28T07:35:19+00:00","twitter_card":"summary","twitter_site":"@Oxygene_Ski","twitter_misc":{"Est. reading time":"5 minutes"},"schema":{"@context":"https:\/\/schema.org","@graph":[{"@type":"WebSite","@id":"https:\/\/oxyski.com\/#website","url":"https:\/\/oxyski.com\/","name":"Oxyski","description":"","potentialAction":[{"@type":"SearchAction","target":{"@type":"EntryPoint","urlTemplate":"https:\/\/oxyski.com\/?s={search_term_string}"},"query-input":"required name=search_term_string"}],"inLanguage":"fr"},{"@type":"WebPage","@id":"https:\/\/oxyski.com\/fr\/ski-de-fond\/#webpage","url":"https:\/\/oxyski.com\/fr\/ski-de-fond\/","name":"Ski de fond | Oxyski \u00c9cole de Ski & Snowboard","isPartOf":{"@id":"https:\/\/oxyski.com\/#website"},"datePublished":"2025-11-25T19:58:20+00:00","dateModified":"2026-01-28T07:35:19+00:00","description":"Envie de calme et de nature ? Choisissez un cours de ski de fond classique ou skating avec nos moniteurs qualifi\u00e9s et passionn\u00e9s.","breadcrumb":{"@id":"https:\/\/oxyski.com\/fr\/ski-de-fond\/#breadcrumb"},"inLanguage":"fr","potentialAction":[{"@type":"ReadAction","target":["https:\/\/oxyski.com\/fr\/ski-de-fond\/"]}]},{"@type":"BreadcrumbList","@id":"https:\/\/oxyski.com\/fr\/ski-de-fond\/#breadcrumb","itemListElement":[{"@type":"ListItem","position":1,"name":"Home","item":"https:\/\/oxyski.com\/fr\/accueil\/"},{"@type":"ListItem","position":2,"name":"Ski de fond"}]}]}},"_links":{"self":[{"href":"https:\/\/oxyski.com\/fr\/wp-json\/wp\/v2\/pages\/232970"}],"collection":[{"href":"https:\/\/oxyski.com\/fr\/wp-json\/wp\/v2\/pages"}],"about":[{"href":"https:\/\/oxyski.com\/fr\/wp-json\/wp\/v2\/types\/page"}],"author":[{"embeddable":true,"href":"https:\/\/oxyski.com\/fr\/wp-json\/wp\/v2\/users\/6243"}],"replies":[{"embeddable":true,"href":"https:\/\/oxyski.com\/fr\/wp-json\/wp\/v2\/comments?post=232970"}],"version-history":[{"count":26,"href":"https:\/\/oxyski.com\/fr\/wp-json\/wp\/v2\/pages\/232970\/revisions"}],"predecessor-version":[{"id":233867,"href":"https:\/\/oxyski.com\/fr\/wp-json\/wp\/v2\/pages\/232970\/revisions\/233867"}],"wp:attachment":[{"href":"https:\/\/oxyski.com\/fr\/wp-json\/wp\/v2\/media?parent=232970"}],"curies":[{"name":"wp","href":"https:\/\/api.w.org\/{rel}","templated":true}]}}