{"id":232958,"date":"2025-11-25T20:48:50","date_gmt":"2025-11-25T19:48:50","guid":{"rendered":"https:\/\/oxyski.com\/activites\/"},"modified":"2026-01-28T08:48:11","modified_gmt":"2026-01-28T07:48:11","slug":"activites","status":"publish","type":"page","link":"https:\/\/oxyski.com\/fr\/activites\/","title":{"rendered":"Activit\u00e9s"},"content":{"rendered":"<p>[vc_row css=&#8221;.vc_custom_1725280147669{margin-right: 5% !important;margin-left: 5% !important;}&#8221;][vc_column css=&#8221;.vc_custom_1757678233867{margin-top: 10px !important;margin-bottom: 10px !important;}&#8221;][vc_empty_space height=&#8221;50px&#8221;][vc_column_text]<\/p>\n<h1 style=\"text-align: left;\"><span style=\"color: #00adef;\">D\u00c9COUVREZ TOUTES NOS ACTIVIT\u00c9S OXYSKI<\/span><\/h1>\n<p>[\/vc_column_text][\/vc_column][\/vc_row][vc_section css=&#8221;.vc_custom_1757090704804{margin-right: 5% !important;margin-left: 5% !important;}&#8221;][vc_row content_placement=&#8221;middle&#8221;][vc_column width=&#8221;1\/2&#8243; css=&#8221;.vc_custom_1757678314817{background-position: center !important;background-repeat: no-repeat !important;background-size: cover !important;}&#8221; el_class=&#8221;image-column-remove-padding image-headband&#8221;][vc_single_image image=&#8221;232579&#8243; img_size=&#8221;800&#215;500&#8243; alignment=&#8221;center&#8221; el_class=&#8221;image-headband-frontpage-product&#8221;][\/vc_column][vc_column width=&#8221;1\/2&#8243; css=&#8221;.vc_custom_1757678321186{margin-top: 15px !important;padding-left: 3% !important;}&#8221;][vc_column_text css=&#8221;.vc_custom_1763986482075{padding-right: 15% !important;}&#8221;]<\/p>\n<h2><strong>Freestyle<\/strong><\/h2>\n<p>[\/vc_column_text][vc_column_text css=&#8221;.vc_custom_1764627586024{padding-right: 10% !important;}&#8221;]Exprimez votre cr\u00e9ativit\u00e9 et d\u00e9veloppez vos comp\u00e9tences lors des sessions freestyle Oxyski. Apprenez sauts, figures et techniques de snowpark dans un cadre fun, s\u00e9curis\u00e9 et encadr\u00e9 par nos sp\u00e9cialistes. Contactez directement nos stations de ski pour r\u00e9server votre prochaine session Freestyle.[\/vc_column_text][vc_row_inner][vc_column_inner width=&#8221;1\/3&#8243;][vc_btn title=&#8221;Le Grand-Bornand&#8221; style=&#8221;outline&#8221; color=&#8221;sky&#8221; link=&#8221;url:https%3A%2F%2Foxyski.com%2Ffr%2Fcontact%2F|title:Contact|&#8221;][\/vc_column_inner][vc_column_inner width=&#8221;1\/3&#8243;][vc_btn title=&#8221;Meg\u00e8ve&#8221; style=&#8221;outline&#8221; color=&#8221;sky&#8221; link=&#8221;url:https%3A%2F%2Foxyski.com%2Ffr%2Fcontact%2F|title:Contact|&#8221;][\/vc_column_inner][\/vc_row_inner][\/vc_column][\/vc_row][vc_row content_placement=&#8221;middle&#8221;][vc_column width=&#8221;1\/2&#8243; css=&#8221;.vc_custom_1757678380976{background-position: center !important;background-repeat: no-repeat !important;background-size: cover !important;}&#8221; el_class=&#8221;image-column-remove-padding image-headband&#8221;][vc_single_image image=&#8221;232748&#8243; img_size=&#8221;800&#215;500&#8243; alignment=&#8221;center&#8221; el_class=&#8221;image-headband-frontpage-product&#8221;][\/vc_column][vc_column width=&#8221;1\/2&#8243; css=&#8221;.vc_custom_1757678389441{margin-top: 15px !important;padding-left: 3% !important;}&#8221;][vc_column_text css=&#8221;.vc_custom_1763982339312{padding-right: 25% !important;}&#8221;]<\/p>\n<h2 style=\"text-align: left;\"><strong>Ski de randonn\u00e9e<\/strong><\/h2>\n<p>[\/vc_column_text][vc_column_text css=&#8221;.vc_custom_1769500373389{padding-right: 10% !important;}&#8221;]<\/p>\n<p data-start=\"642\" data-end=\"1056\">Partez \u00e0 la conqu\u00eate de terrains alpins pr\u00e9serv\u00e9s avec le ski de randonn\u00e9e Oxyski. Des mont\u00e9es douces aux sommets plus engag\u00e9s, nos moniteurs vous accompagnent pour une d\u00e9couverte en toute s\u00e9curit\u00e9, avant de savourer chaque descente. D\u00e9couvrez ci-dessous une s\u00e9lection de nos options de ski de randonn\u00e9e au Grand-Bornand et contactez-nous directement pour Meg\u00e8ve.<\/p>\n<p>[\/vc_column_text][vc_row_inner][vc_column_inner width=&#8221;1\/3&#8243;][vc_btn title=&#8221;Le Grand-Bornand&#8221; style=&#8221;outline&#8221; color=&#8221;sky&#8221; link=&#8221;url:https%3A%2F%2Fbooking.yoplanning.pro%2Ff0aef664-7968-48d9-9910-faf227b931b8%2F%3Ftag%3Dd6b175ce-b3c0-418b-a8e8-fbc806cfcc3a|target:_blank|&#8221;][\/vc_column_inner][vc_column_inner width=&#8221;1\/3&#8243;][vc_btn title=&#8221;Meg\u00e8ve&#8221; style=&#8221;outline&#8221; color=&#8221;sky&#8221; link=&#8221;url:https%3A%2F%2Foxyski.com%2Ffr%2Fcontact%2F|title:Contact|&#8221;][\/vc_column_inner][\/vc_row_inner][\/vc_column][\/vc_row][vc_row content_placement=&#8221;middle&#8221;][vc_column width=&#8221;1\/2&#8243; css=&#8221;.vc_custom_1757678271232{background-position: center !important;background-repeat: no-repeat !important;background-size: cover !important;}&#8221; el_class=&#8221;image-column-remove-padding image-headband&#8221;][vc_single_image image=&#8221;232776&#8243; img_size=&#8221;800&#215;500&#8243; alignment=&#8221;center&#8221; el_class=&#8221;image-headband-frontpage-product&#8221;][\/vc_column][vc_column width=&#8221;1\/2&#8243; css=&#8221;.vc_custom_1757678278438{margin-top: 15px !important;padding-left: 3% !important;}&#8221;][vc_column_text css=&#8221;.vc_custom_1763986358660{padding-right: 25% !important;}&#8221;]<\/p>\n<h2 style=\"text-align: left;\">Randonn\u00e9e en raquettes<\/h2>\n<p>[\/vc_column_text][vc_column_text css_animation=&#8221;none&#8221; css=&#8221;.vc_custom_1764627166496{padding-right: 15% !important;}&#8221;]<\/p>\n<p data-start=\"672\" data-end=\"887\">Partez \u00e0 la d\u00e9couverte du calme des montagnes \u00e0 pied gr\u00e2ce aux sorties en raquettes Oxyski. Marchez sur la neige fra\u00eeche, explorez des sentiers secrets et profitez d\u2019un moment hors du temps au c\u0153ur du paysage alpin. Contactez directement nos stations de ski pour r\u00e9server une sortie en raquettes !<\/p>\n<p>[\/vc_column_text][vc_row_inner][vc_column_inner width=&#8221;1\/3&#8243;][vc_btn title=&#8221;Le Grand-Bornand&#8221; style=&#8221;outline&#8221; color=&#8221;sky&#8221; link=&#8221;url:https%3A%2F%2Foxyski.com%2Ffr%2Fcontact%2F|title:Contact|&#8221;][\/vc_column_inner][vc_column_inner width=&#8221;1\/3&#8243;][vc_btn title=&#8221;Meg\u00e8ve&#8221; style=&#8221;outline&#8221; color=&#8221;sky&#8221; link=&#8221;url:https%3A%2F%2Foxyski.com%2Ffr%2Fcontact%2F|title:Contact|&#8221;][\/vc_column_inner][\/vc_row_inner][\/vc_column][\/vc_row][vc_row content_placement=&#8221;middle&#8221;][vc_column width=&#8221;1\/2&#8243; css=&#8221;.vc_custom_1757678423804{background-position: center !important;background-repeat: no-repeat !important;background-size: cover !important;}&#8221; el_class=&#8221;image-column-remove-padding image-headband&#8221;][vc_single_image image=&#8221;232772&#8243; img_size=&#8221;800&#215;500&#8243; alignment=&#8221;center&#8221; el_class=&#8221;image-headband-frontpage-product&#8221;][\/vc_column][vc_column width=&#8221;1\/2&#8243; css=&#8221;.vc_custom_1757678430861{margin-top: 15px !important;padding-left: 3% !important;}&#8221;][vc_column_text css=&#8221;.vc_custom_1757683919110{padding-right: 25% !important;}&#8221;]<\/p>\n<h2 style=\"text-align: left;\"><strong>Parapente<\/strong><\/h2>\n<div id=\"gtx-trans\" style=\"position: absolute; left: 29px; top: 40.1719px;\">\n<div class=\"gtx-trans-icon\"><\/div>\n<\/div>\n<p>[\/vc_column_text][vc_column_text css=&#8221;.vc_custom_1763986867356{padding-right: 10% !important;}&#8221;]Offrez-vous une vue \u00e9poustouflante sur les Alpes avec un vol en parapente biplace Oxyski. Envolez-vous au-dessus des sommets enneig\u00e9s accompagn\u00e9 d\u2019un moniteur qualifi\u00e9, et vivez un moment inoubliable face \u00e0 des panoramas exceptionnels.[\/vc_column_text][vc_row_inner][vc_column_inner width=&#8221;1\/3&#8243;][vc_btn title=&#8221;Le Grand-Bornand&#8221; style=&#8221;outline&#8221; color=&#8221;sky&#8221; link=&#8221;url:https%3A%2F%2Fbooking.yoplanning.pro%2Ff0aef664-7968-48d9-9910-faf227b931b8%2Fproduct%2F13b5213c-4047-4d49-b2e7-fa9ddf7ffb6a|target:_blank|&#8221;][\/vc_column_inner][\/vc_row_inner][\/vc_column][\/vc_row][vc_row content_placement=&#8221;middle&#8221;][vc_column width=&#8221;1\/2&#8243; css=&#8221;.vc_custom_1757678423804{background-position: center !important;background-repeat: no-repeat !important;background-size: cover !important;}&#8221; el_class=&#8221;image-column-remove-padding image-headband&#8221;][vc_single_image image=&#8221;225817&#8243; img_size=&#8221;800&#215;500&#8243; alignment=&#8221;center&#8221; el_class=&#8221;image-headband-frontpage-product&#8221;][\/vc_column][vc_column width=&#8221;1\/2&#8243; css=&#8221;.vc_custom_1757678430861{margin-top: 15px !important;padding-left: 3% !important;}&#8221;][vc_column_text css=&#8221;.vc_custom_1766131117654{padding-right: 25% !important;}&#8221;]<\/p>\n<h2 style=\"text-align: left;\"><strong>Oxyclub<\/strong><\/h2>\n<div id=\"gtx-trans\" style=\"position: absolute; left: 29px; top: 40.1719px;\">\n<div class=\"gtx-trans-icon\"><\/div>\n<\/div>\n<p>[\/vc_column_text][vc_column_text css=&#8221;.vc_custom_1766131180894{padding-right: 10% !important;}&#8221;]Parfait pour les locaux, \u00e0 partir de 3 ans.<br \/>\nSki,\u00a0<span class=\"contenu_descriptif\">snowboard, freeride, freestyle ou slalom. Plusieurs optiobs disponibles, contactez-nous pour trouver la plus meilleure pour vous.<\/span>[\/vc_column_text][vc_row_inner][vc_column_inner width=&#8221;1\/3&#8243;][vc_btn title=&#8221;Le Grand-Bornand&#8221; style=&#8221;outline&#8221; color=&#8221;sky&#8221; link=&#8221;url:https%3A%2F%2Fforms.gle%2FK6i6NCLhp9FCS4j7A|target:_blank|&#8221;][\/vc_column_inner][\/vc_row_inner][\/vc_column][\/vc_row][vc_row content_placement=&#8221;middle&#8221;][vc_column width=&#8221;1\/2&#8243; css=&#8221;.vc_custom_1757678286227{background-position: center !important;background-repeat: no-repeat !important;background-size: cover !important;}&#8221; el_class=&#8221;image-column-remove-padding image-headband&#8221;][vc_single_image image=&#8221;232778&#8243; img_size=&#8221;800&#215;500&#8243; alignment=&#8221;center&#8221; el_class=&#8221;image-headband-frontpage-product&#8221;][\/vc_column][vc_column width=&#8221;1\/2&#8243; css=&#8221;.vc_custom_1757678293269{margin-top: 15px !important;padding-left: 3% !important;}&#8221;][vc_column_text css=&#8221;.vc_custom_1763986383137{padding-right: 15% !important;}&#8221;]<\/p>\n<h2><strong>Speed Riding<\/strong><\/h2>\n<p>[\/vc_column_text][vc_column_text css=&#8221;.vc_custom_1769500429777{padding-right: 10% !important;}&#8221;]<\/p>\n<p data-start=\"648\" data-end=\"1049\">Pour les amateurs de sensations fortes, les sessions de speed riding Oxyski allient ski et parapente pour une descente pleine d\u2019adr\u00e9naline, entre neige et ciel. Une exp\u00e9rience unique pour d\u00e9couvrir la montagne autrement ! D\u00e9couvrez toutes nos options de speed riding au Grand-Bornand en cliquant sur notre s\u00e9lection compl\u00e8te d&#8217;activit\u00e9s ci-dessous.<\/p>\n<p>[\/vc_column_text][vc_row_inner][vc_column_inner width=&#8221;1\/3&#8243;][vc_btn title=&#8221;Le Grand-Bornand&#8221; style=&#8221;outline&#8221; color=&#8221;sky&#8221; link=&#8221;url:https%3A%2F%2Fbooking.yoplanning.pro%2Ff0aef664-7968-48d9-9910-faf227b931b8%2F%3Ftag%3Dd6b175ce-b3c0-418b-a8e8-fbc806cfcc3a|target:_blank|&#8221;][\/vc_column_inner][\/vc_row_inner][\/vc_column][\/vc_row][vc_row content_placement=&#8221;middle&#8221;][vc_column width=&#8221;1\/2&#8243; css=&#8221;.vc_custom_1757678314817{background-position: center !important;background-repeat: no-repeat !important;background-size: cover !important;}&#8221; el_class=&#8221;image-column-remove-padding image-headband&#8221;][vc_single_image image=&#8221;232780&#8243; img_size=&#8221;800&#215;500&#8243; alignment=&#8221;center&#8221; el_class=&#8221;image-headband-frontpage-product&#8221;][\/vc_column][vc_column width=&#8221;1\/2&#8243; css=&#8221;.vc_custom_1757678321186{margin-top: 15px !important;padding-left: 3% !important;}&#8221;][vc_column_text css=&#8221;.vc_custom_1763986611483{padding-right: 15% !important;}&#8221;]<\/p>\n<h2><strong>Moonlight LED<\/strong><\/h2>\n<p>[\/vc_column_text][vc_column_text css=&#8221;.vc_custom_1763986943078{padding-right: 10% !important;}&#8221;]Vivez la magie de la montagne \u00e0 la nuit tomb\u00e9e avec les sessions Moonlight LED d\u2019Oxyski. Skiez sous les \u00e9toiles, profitez de pistes illumin\u00e9es et laissez-vous s\u00e9duire par une exp\u00e9rience nocturne aussi unique qu\u2019inoubliable.[\/vc_column_text][vc_row_inner][vc_column_inner width=&#8221;1\/3&#8243;][vc_btn title=&#8221;Le Grand-Bornand&#8221; style=&#8221;outline&#8221; color=&#8221;sky&#8221; link=&#8221;url:https%3A%2F%2Fbooking.yoplanning.pro%2Ff0aef664-7968-48d9-9910-faf227b931b8%2Fproduct%2Fb2fe96c6-28a0-48c9-aad2-0ad263c8c276|target:_blank|&#8221;][\/vc_column_inner][\/vc_row_inner][\/vc_column][\/vc_row][vc_row css=&#8221;.vc_custom_1489493682930{padding-top: 50px !important;padding-bottom: 50px !important;}&#8221;][vc_column][vc_column_text css_animation=&#8221;none&#8221;]<\/p>\n<h3 style=\"text-align: center;\"><span style=\"color: #00adef;\"><strong>DES QUESTIONS ? CONTACTEZ-NOUS<\/strong><\/span><\/h3>\n<p>[\/vc_column_text][vc_column_text css=&#8221;.vc_custom_1763995927421{padding-top: 0px !important;padding-right: 10% !important;padding-bottom: 0px !important;padding-left: 10% !important;}&#8221;]<\/p>\n<p style=\"text-align: center;\">Besoin de plus d\u2019informations ? Contactez directement nos stations en utilisant les coordonn\u00e9es ci-dessous. Notre \u00e9quipe de r\u00e9servation est disponible toute l\u2019ann\u00e9e et se fera un plaisir de vous aider !<\/p>\n<p>[\/vc_column_text][vc_row_inner type=&#8221;boxed&#8221;][vc_column_inner width=&#8221;1\/3&#8243;][vc_empty_space height=&#8221;30px&#8221;][vc_single_image image=&#8221;232447&#8243; alignment=&#8221;center&#8221; css_animation=&#8221;none&#8221;][vc_column_text]<\/p>\n<h5 style=\"text-align: center;\">CHAMONIX<\/h5>\n<p>[\/vc_column_text][vc_column_text css=&#8221;.vc_custom_1764100154018{padding-top: 0px !important;padding-bottom: 0px !important;}&#8221;]<\/p>\n<p style=\"text-align: center;\">\u00c9cole de Ski et Snowboard Oxyski<strong> Chamonix<\/strong><br \/>\nPrieur\u00e9 ski shop \u2013 149 all\u00e9e recteur Payot<br \/>\n74400 Chamonix<\/p>\n<p>[\/vc_column_text][vc_btn title=&#8221;+33 (0)6 83 82 65 11&#8243; align=&#8221;center&#8221; i_icon_fontawesome=&#8221;fas fa-phone-alt&#8221; add_icon=&#8221;true&#8221; link=&#8221;url:tel%3A%20%2B33683826511|target:_blank|&#8221;][vc_btn title=&#8221;chamonix@oxyski.com&#8221; align=&#8221;center&#8221; i_icon_fontawesome=&#8221;fas fa-envelope&#8221; add_icon=&#8221;true&#8221; link=&#8221;url:mailto%3A%20chamonix%40oxyski.com|target:_blank|&#8221;][\/vc_column_inner][vc_column_inner width=&#8221;1\/3&#8243;][vc_empty_space height=&#8221;30px&#8221;][vc_single_image image=&#8221;233722&#8243; alignment=&#8221;center&#8221; css_animation=&#8221;none&#8221;][vc_column_text]<\/p>\n<h5 style=\"text-align: center;\">LE GRAND-BORNAND<\/h5>\n<p>[\/vc_column_text][vc_column_text css=&#8221;.vc_custom_1769585932647{padding-top: 0px !important;padding-bottom: 0px !important;}&#8221;]<\/p>\n<p style=\"text-align: center;\">\u00c9cole de Ski et Snowboard Oxyski <strong>Grand-Bornand<\/strong><br \/>\nR\u00e9sidence les Amborzales \u2013 7195 Route du Chinaillon<br \/>\n74450 Le Grand-Bornand<\/p>\n<p>[\/vc_column_text][vc_btn title=&#8221;+33 (0)4 80 80 60 50&#8243; align=&#8221;center&#8221; i_icon_fontawesome=&#8221;fas fa-phone-alt&#8221; add_icon=&#8221;true&#8221; link=&#8221;url:tel%3A%20%2B33480806050|target:_blank|&#8221;][vc_btn title=&#8221;grandbornand@oxyski.com&#8221; align=&#8221;center&#8221; i_icon_fontawesome=&#8221;fas fa-envelope&#8221; add_icon=&#8221;true&#8221; link=&#8221;url:mailto%3A%20grandbornand%40oxyski.com|target:_blank|&#8221;][\/vc_column_inner][vc_column_inner width=&#8221;1\/3&#8243;][vc_empty_space height=&#8221;30px&#8221;][vc_single_image image=&#8221;232451&#8243; alignment=&#8221;center&#8221; css_animation=&#8221;none&#8221;][vc_column_text]<\/p>\n<h5 style=\"text-align: center;\">MEG\u00c8VE<\/h5>\n<p>[\/vc_column_text][vc_column_text css=&#8221;.vc_custom_1764100169515{padding-top: 0px !important;padding-bottom: 0px !important;}&#8221;]<\/p>\n<p style=\"text-align: center;\">\u00c9cole de Ski et Snowboard Oxyski <strong>Meg\u00e8ve<\/strong><br \/>\n279 rue de la Poste<br \/>\n74120 Meg\u00e8ve<\/p>\n<p>[\/vc_column_text][vc_btn title=&#8221;+33 (0)4 50 58 78 88&#8243; align=&#8221;center&#8221; i_icon_fontawesome=&#8221;fas fa-phone-alt&#8221; add_icon=&#8221;true&#8221; link=&#8221;url:tel%3A%20%2B33450587888|target:_blank|&#8221;][vc_btn title=&#8221;+33 (0)6 70 61 30 04&#8243; align=&#8221;center&#8221; i_icon_fontawesome=&#8221;fab fa-whatsapp&#8221; add_icon=&#8221;true&#8221; link=&#8221;url:https%3A%2F%2Fwa.me%2F33612345678|target:_blank|&#8221;][vc_btn title=&#8221;megeve@oxyski.com&#8221; align=&#8221;center&#8221; i_icon_fontawesome=&#8221;fas fa-envelope&#8221; add_icon=&#8221;true&#8221; link=&#8221;url:mailto%3A%20megeve%40oxyski.com|target:_blank|&#8221;][\/vc_column_inner][\/vc_row_inner][\/vc_column][\/vc_row][\/vc_section]<\/p>\n","protected":false},"excerpt":{"rendered":"<p>[vc_row css=&#8221;.vc_custom_1725280147669{margin-right: 5% !important;margin-left: 5% !important;}&#8221;][vc_column css=&#8221;.vc_custom_1757678233867{margin-top: 10px !important;margin-bottom: 10px !important;}&#8221;][vc_empty_space height=&#8221;50px&#8221;][vc_column_text] D\u00c9COUVREZ TOUTES NOS ACTIVIT\u00c9S OXYSKI [\/vc_column_text][\/vc_column][\/vc_row][vc_section css=&#8221;.vc_custom_1757090704804{margin-right: 5% !important;margin-left: 5% !important;}&#8221;][vc_row content_placement=&#8221;middle&#8221;][vc_column width=&#8221;1\/2&#8243; css=&#8221;.vc_custom_1757678314817{background-position: center !important;background-repeat: no-repeat !important;background-size: cover !important;}&#8221; el_class=&#8221;image-column-remove-padding image-headband&#8221;][vc_single_image image=&#8221;232579&#8243; img_size=&#8221;800&#215;500&#8243; alignment=&#8221;center&#8221; el_class=&#8221;image-headband-frontpage-product&#8221;][\/vc_column][vc_column width=&#8221;1\/2&#8243; css=&#8221;.vc_custom_1757678321186{margin-top: 15px !important;padding-left: 3% !important;}&#8221;][vc_column_text css=&#8221;.vc_custom_1763986482075{padding-right: 15% !important;}&#8221;] Freestyle [\/vc_column_text][vc_column_text css=&#8221;.vc_custom_1764627586024{padding-right: 10% !important;}&#8221;]Exprimez votre cr\u00e9ativit\u00e9 et [&hellip;]<\/p>\n","protected":false},"author":6243,"featured_media":0,"parent":0,"menu_order":1,"comment_status":"closed","ping_status":"closed","template":"page-full-width.php","meta":[],"yoast_head":"<!-- This site is optimized with the Yoast SEO plugin v17.6 - https:\/\/yoast.com\/wordpress\/plugins\/seo\/ -->\n<title>Activit\u00e9s | Oxyski \u00c9cole de ski &amp; snowboard<\/title>\n<meta name=\"description\" content=\"Chez Oxyski, on aime la montagne et on vous la fait d\u00e9couvrir au travers de multiples activit\u00e9s. Rejoignez-nous !\" \/>\n<meta name=\"robots\" content=\"index, follow, max-snippet:-1, max-image-preview:large, max-video-preview:-1\" \/>\n<link rel=\"canonical\" href=\"https:\/\/oxyski.com\/fr\/activites\/\" \/>\n<meta property=\"og:locale\" content=\"fr_FR\" \/>\n<meta property=\"og:type\" content=\"article\" \/>\n<meta property=\"og:title\" content=\"Activit\u00e9s | Oxyski \u00c9cole de ski &amp; snowboard\" \/>\n<meta property=\"og:description\" content=\"Chez Oxyski, on aime la montagne et on vous la fait d\u00e9couvrir au travers de multiples activit\u00e9s. Rejoignez-nous !\" \/>\n<meta property=\"og:url\" content=\"https:\/\/oxyski.com\/fr\/activites\/\" \/>\n<meta property=\"og:site_name\" content=\"Oxyski\" \/>\n<meta property=\"article:publisher\" content=\"https:\/\/www.facebook.com\/OxygeneSki\" \/>\n<meta property=\"article:modified_time\" content=\"2026-01-28T07:48:11+00:00\" \/>\n<meta name=\"twitter:card\" content=\"summary\" \/>\n<meta name=\"twitter:site\" content=\"@Oxygene_Ski\" \/>\n<meta name=\"twitter:label1\" content=\"Est. reading time\" \/>\n\t<meta name=\"twitter:data1\" content=\"9 minutes\" \/>\n<script type=\"application\/ld+json\" class=\"yoast-schema-graph\">{\"@context\":\"https:\/\/schema.org\",\"@graph\":[{\"@type\":\"WebSite\",\"@id\":\"https:\/\/oxyski.com\/#website\",\"url\":\"https:\/\/oxyski.com\/\",\"name\":\"Oxyski\",\"description\":\"\",\"potentialAction\":[{\"@type\":\"SearchAction\",\"target\":{\"@type\":\"EntryPoint\",\"urlTemplate\":\"https:\/\/oxyski.com\/?s={search_term_string}\"},\"query-input\":\"required name=search_term_string\"}],\"inLanguage\":\"fr\"},{\"@type\":\"WebPage\",\"@id\":\"https:\/\/oxyski.com\/fr\/activites\/#webpage\",\"url\":\"https:\/\/oxyski.com\/fr\/activites\/\",\"name\":\"Activit\\u00e9s | Oxyski \\u00c9cole de ski & snowboard\",\"isPartOf\":{\"@id\":\"https:\/\/oxyski.com\/#website\"},\"datePublished\":\"2025-11-25T19:48:50+00:00\",\"dateModified\":\"2026-01-28T07:48:11+00:00\",\"description\":\"Chez Oxyski, on aime la montagne et on vous la fait d\\u00e9couvrir au travers de multiples activit\\u00e9s. Rejoignez-nous !\",\"breadcrumb\":{\"@id\":\"https:\/\/oxyski.com\/fr\/activites\/#breadcrumb\"},\"inLanguage\":\"fr\",\"potentialAction\":[{\"@type\":\"ReadAction\",\"target\":[\"https:\/\/oxyski.com\/fr\/activites\/\"]}]},{\"@type\":\"BreadcrumbList\",\"@id\":\"https:\/\/oxyski.com\/fr\/activites\/#breadcrumb\",\"itemListElement\":[{\"@type\":\"ListItem\",\"position\":1,\"name\":\"Home\",\"item\":\"https:\/\/oxyski.com\/fr\/accueil\/\"},{\"@type\":\"ListItem\",\"position\":2,\"name\":\"Activit\\u00e9s\"}]}]}<\/script>\n<!-- \/ Yoast SEO plugin. -->","yoast_head_json":{"title":"Activit\u00e9s | Oxyski \u00c9cole de ski & snowboard","description":"Chez Oxyski, on aime la montagne et on vous la fait d\u00e9couvrir au travers de multiples activit\u00e9s. Rejoignez-nous !","robots":{"index":"index","follow":"follow","max-snippet":"max-snippet:-1","max-image-preview":"max-image-preview:large","max-video-preview":"max-video-preview:-1"},"canonical":"https:\/\/oxyski.com\/fr\/activites\/","og_locale":"fr_FR","og_type":"article","og_title":"Activit\u00e9s | Oxyski \u00c9cole de ski & snowboard","og_description":"Chez Oxyski, on aime la montagne et on vous la fait d\u00e9couvrir au travers de multiples activit\u00e9s. Rejoignez-nous !","og_url":"https:\/\/oxyski.com\/fr\/activites\/","og_site_name":"Oxyski","article_publisher":"https:\/\/www.facebook.com\/OxygeneSki","article_modified_time":"2026-01-28T07:48:11+00:00","twitter_card":"summary","twitter_site":"@Oxygene_Ski","twitter_misc":{"Est. reading time":"9 minutes"},"schema":{"@context":"https:\/\/schema.org","@graph":[{"@type":"WebSite","@id":"https:\/\/oxyski.com\/#website","url":"https:\/\/oxyski.com\/","name":"Oxyski","description":"","potentialAction":[{"@type":"SearchAction","target":{"@type":"EntryPoint","urlTemplate":"https:\/\/oxyski.com\/?s={search_term_string}"},"query-input":"required name=search_term_string"}],"inLanguage":"fr"},{"@type":"WebPage","@id":"https:\/\/oxyski.com\/fr\/activites\/#webpage","url":"https:\/\/oxyski.com\/fr\/activites\/","name":"Activit\u00e9s | Oxyski \u00c9cole de ski & snowboard","isPartOf":{"@id":"https:\/\/oxyski.com\/#website"},"datePublished":"2025-11-25T19:48:50+00:00","dateModified":"2026-01-28T07:48:11+00:00","description":"Chez Oxyski, on aime la montagne et on vous la fait d\u00e9couvrir au travers de multiples activit\u00e9s. Rejoignez-nous !","breadcrumb":{"@id":"https:\/\/oxyski.com\/fr\/activites\/#breadcrumb"},"inLanguage":"fr","potentialAction":[{"@type":"ReadAction","target":["https:\/\/oxyski.com\/fr\/activites\/"]}]},{"@type":"BreadcrumbList","@id":"https:\/\/oxyski.com\/fr\/activites\/#breadcrumb","itemListElement":[{"@type":"ListItem","position":1,"name":"Home","item":"https:\/\/oxyski.com\/fr\/accueil\/"},{"@type":"ListItem","position":2,"name":"Activit\u00e9s"}]}]}},"_links":{"self":[{"href":"https:\/\/oxyski.com\/fr\/wp-json\/wp\/v2\/pages\/232958"}],"collection":[{"href":"https:\/\/oxyski.com\/fr\/wp-json\/wp\/v2\/pages"}],"about":[{"href":"https:\/\/oxyski.com\/fr\/wp-json\/wp\/v2\/types\/page"}],"author":[{"embeddable":true,"href":"https:\/\/oxyski.com\/fr\/wp-json\/wp\/v2\/users\/6243"}],"replies":[{"embeddable":true,"href":"https:\/\/oxyski.com\/fr\/wp-json\/wp\/v2\/comments?post=232958"}],"version-history":[{"count":27,"href":"https:\/\/oxyski.com\/fr\/wp-json\/wp\/v2\/pages\/232958\/revisions"}],"predecessor-version":[{"id":233885,"href":"https:\/\/oxyski.com\/fr\/wp-json\/wp\/v2\/pages\/232958\/revisions\/233885"}],"wp:attachment":[{"href":"https:\/\/oxyski.com\/fr\/wp-json\/wp\/v2\/media?parent=232958"}],"curies":[{"name":"wp","href":"https:\/\/api.w.org\/{rel}","templated":true}]}}