{"id":232947,"date":"2025-11-25T16:07:09","date_gmt":"2025-11-25T15:07:09","guid":{"rendered":"https:\/\/oxyski.com\/cours-collectifs-adultes\/"},"modified":"2026-01-28T08:52:34","modified_gmt":"2026-01-28T07:52:34","slug":"cours-collectifs-adultes","status":"publish","type":"page","link":"https:\/\/oxyski.com\/fr\/cours-collectifs-adultes\/","title":{"rendered":"Cours collectifs adultes"},"content":{"rendered":"<p>[vc_row][vc_column][vc_single_image image=&#8221;232498&#8243; img_size=&#8221;2000&#215;600&#8243; el_class=&#8221;image-headband-frontpage-main&#8221;][\/vc_column][\/vc_row][vc_row][vc_column][vc_empty_space height=&#8221;20px&#8221;][\/vc_column][\/vc_row][vc_row css=&#8221;.vc_custom_1721295204059{margin-right: 5% !important;margin-left: 5% !important;}&#8221;][vc_column width=&#8221;1\/2&#8243;][vc_empty_space height=&#8221;20px&#8221;][vc_column_text]<\/p>\n<h1 style=\"text-align: left;\"><span style=\"color: #00adef;\">COURS COLLECTIFS ADULTES<\/span><\/h1>\n<p>[\/vc_column_text][vc_column_text css=&#8221;.vc_custom_1764773338067{margin-right: 25% !important;}&#8221;]Dans la plupart de nos stations, nous proposons des cours collectifs pour adultes, adapt\u00e9s \u00e0 tous les \u00e2ges, go\u00fbts et niveaux. Que vous soyez d\u00e9butant en qu\u00eate de s\u00e9r\u00e9nit\u00e9 sur les pistes ou un expert \u00e0 la recherche de sensations fortes, nous r\u00e9alisons vos r\u00eaves de glisse en ski ou snowboard.<\/p>\n<p>Nous privil\u00e9gions les groupes r\u00e9duits pour que nos moniteurs Oxyski puissent personnaliser leur enseignement en fonction de vous, et vous aide \u00e0 progresser en toute confiance et avec facilit\u00e9.<\/p>\n<p>Veuillez noter que les r\u00e9servations en ligne pour les cours collectifs Adultes \u00e0 Meg\u00e8ve sont disponibles, mais vous devez contacter directement notre \u00e9quipe de r\u00e9servation en station.[\/vc_column_text][vc_btn title=&#8221;Guide des niveaux&#8221; link=&#8221;url:https%3A%2F%2Foxyski.com%2Ffr%2Fguide-des-niveaux%2F|title:Oxyski%20guide%20des%20niveaux|target:_blank|&#8221;][\/vc_column][vc_column width=&#8221;1\/2&#8243;][vc_row_inner gap=&#8221;35&#8243;][vc_column_inner width=&#8221;1\/2&#8243; css=&#8221;.vc_custom_1757186587682{background-position: center !important;background-repeat: no-repeat !important;background-size: cover !important;}&#8221;][vc_single_image image=&#8221;232496&#8243; img_size=&#8221;335&#215;500&#8243; style=&#8221;vc_box_rounded&#8221;][\/vc_column_inner][vc_column_inner width=&#8221;1\/2&#8243; css=&#8221;.vc_custom_1757186580440{background-position: center !important;background-repeat: no-repeat !important;background-size: cover !important;}&#8221;][vc_single_image image=&#8221;232486&#8243; img_size=&#8221;335&#215;500&#8243; style=&#8221;vc_box_rounded&#8221;][\/vc_column_inner][\/vc_row_inner][\/vc_column][\/vc_row][vc_row css=&#8221;.vc_custom_1763639619186{margin-right: 2% !important;margin-left: 5% !important;}&#8221;][vc_column][vc_empty_space height=&#8221;75px&#8221;][vc_column_text]<\/p>\n<h2 style=\"text-align: left;\"><span style=\"color: #00adef;\">CLIQUEZ SUR LE LOGO DE VOTRE STATION POUR R\u00c9SERVER<\/span><\/h2>\n<p>[\/vc_column_text][\/vc_column][\/vc_row][vc_row][vc_column][vc_empty_space height=&#8221;20px&#8221;][\/vc_column][\/vc_row][vc_row css=&#8221;.vc_custom_1753884951892{margin-right: 5% !important;margin-left: 5% !important;}&#8221;][vc_column width=&#8221;1\/2&#8243;][vc_single_image image=&#8221;233722&#8243; img_size=&#8221;110&#215;110&#8243; alignment=&#8221;center&#8221;][vc_btn title=&#8221;LE GRAND-BORNAND&#8221; style=&#8221;outline&#8221; color=&#8221;sky&#8221; align=&#8221;center&#8221; link=&#8221;url:https%3A%2F%2Fbooking.yoplanning.pro%2Ff0aef664-7968-48d9-9910-faf227b931b8%2F%3Ftag%3D73c0c197-5cba-4892-956c-892954625637|title:Cours%20collectifs%20adultes%20Grand%20Bornand|target:_blank|&#8221; css=&#8221;.vc_custom_1769502542833{margin-top: -25px !important;}&#8221;][\/vc_column][vc_column width=&#8221;1\/2&#8243;][vc_single_image image=&#8221;232451&#8243; img_size=&#8221;100&#215;100&#8243; alignment=&#8221;center&#8221;][vc_btn title=&#8221;MEG\u00c8VE&#8221; style=&#8221;outline&#8221; color=&#8221;sky&#8221; align=&#8221;center&#8221; link=&#8221;url:https%3A%2F%2Foxyski.com%2Ffr%2Fcontact%2F|title:Contact%20Meg%C3%A8ve|target:_blank|&#8221; css=&#8221;.vc_custom_1764773359031{margin-top: -25px !important;}&#8221;][\/vc_column][\/vc_row][vc_row][vc_column][vc_empty_space height=&#8221;75px&#8221;][\/vc_column][\/vc_row][vc_row css=&#8221;.vc_custom_1763639619186{margin-right: 2% !important;margin-left: 5% !important;}&#8221;][vc_column][vc_empty_space height=&#8221;75px&#8221;][vc_column_text]<\/p>\n<h2 style=\"text-align: left;\"><span style=\"color: #00adef;\">POURQUOI CHOISIR OXYSKI ?<\/span><\/h2>\n<p>[\/vc_column_text][\/vc_column][\/vc_row][vc_row][vc_column][vc_row_inner][vc_column_inner width=&#8221;1\/2&#8243; css=&#8221;.vc_custom_1741854726982{padding-right: 10% !important;padding-left: 10% !important;}&#8221;][vc_single_image image=&#8221;202446&#8243; img_size=&#8221;500&#215;335&#8243; alignment=&#8221;center&#8221; style=&#8221;vc_box_rounded&#8221;][vc_column_text]<\/p>\n<p style=\"text-align: center;\"><span style=\"color: #00adef;\"><strong>DES PETITS GROUPES<\/strong><\/span><\/p>\n<p style=\"text-align: center;\">Nous savons que les petits groupes pr\u00e9sentent un v\u00e9ritable avantage p\u00e9dagogique. Nos moniteurs qualifi\u00e9s et exp\u00e9riment\u00e9s peuvent ainsi affiner leur enseignement, et vous pouvez alors renforcer votre confiance et vos comp\u00e9tences.<\/p>\n<p>[\/vc_column_text][\/vc_column_inner][vc_column_inner width=&#8221;1\/2&#8243; css=&#8221;.vc_custom_1741854744576{padding-right: 10% !important;padding-left: 10% !important;}&#8221;][vc_single_image image=&#8221;232494&#8243; img_size=&#8221;500&#215;335&#8243; alignment=&#8221;center&#8221; style=&#8221;vc_box_rounded&#8221;][vc_column_text]<\/p>\n<p style=\"text-align: center;\"><span style=\"color: #00adef;\"><strong>TROUVEZ VOTRE NIVEAU<\/strong><\/span><\/p>\n<p style=\"text-align: center;\">Jetez un \u0153il sur notre guide des niveaux pour vous aider \u00e0 d\u00e9terminer le groupe dans lequel vous serez \u00e0 l\u2019aise. Toujours pas s\u00fbr ? Contactez-nous par t\u00e9l\u00e9phone ou mail, nous serons ravis de vous accompagner. Pour information, le niveau de chaque participant est \u00e9valu\u00e9 en d\u00e9but de cours fin de constituer des groupes homog\u00e8nes.<\/p>\n<p>[\/vc_column_text][\/vc_column_inner][\/vc_row_inner][vc_empty_space height=&#8221;75px&#8221;][\/vc_column][\/vc_row][vc_row css=&#8221;.vc_custom_1723624984231{margin-right: 5% !important;margin-left: 5% !important;}&#8221;][vc_column width=&#8221;1\/2&#8243;][vc_column_text css=&#8221;.vc_custom_1763643721089{margin-right: 5% !important;}&#8221;]<\/p>\n<h3><span style=\"color: #00adef;\">LE MEILLEUR POUR LES D\u00c9BUTANTS<\/span><\/h3>\n<p>&nbsp;<\/p>\n<p>Tout le monde commence un jour. Pour ceux qui d\u00e9couvrent les pistes, notre objectif est de renforcer leur confiance et leur technique, afin qu\u2019ils puissent progresser en toute s\u00e9r\u00e9nit\u00e9.<br \/>\nGr\u00e2ce \u00e0 nos moniteurs Oxyski, bienveillants et \u00e0 l\u2019\u00e9coute, qui comprennent vos appr\u00e9hensions et vos besoins, nous commen\u00e7ons par les bases et poursuivons la progression \u00e0 partir de l\u00e0.<\/p>\n<p>\u00cates-vous pr\u00eats pour une nouvelle aventure ?[\/vc_column_text][\/vc_column][vc_column width=&#8221;1\/2&#8243; css=&#8221;.vc_custom_1757186660263{background-position: center !important;background-repeat: no-repeat !important;background-size: cover !important;}&#8221; el_class=&#8221;image-column-remove-padding image-headband&#8221;][vc_single_image image=&#8221;232398&#8243; img_size=&#8221;full&#8221; style=&#8221;vc_box_rounded&#8221; el_class=&#8221;image-headband-frontpage&#8221;][\/vc_column][\/vc_row][vc_row][vc_column][vc_empty_space height=&#8221;30px&#8221;][\/vc_column][\/vc_row][vc_row css=&#8221;.vc_custom_1489493682930{padding-top: 50px !important;padding-bottom: 50px !important;}&#8221;][vc_column][vc_column_text css_animation=&#8221;none&#8221;]<\/p>\n<h3 style=\"text-align: center;\"><span style=\"color: #00adef;\"><strong>DES QUESTIONS ? CONTACTEZ-NOUS<\/strong><\/span><\/h3>\n<p>[\/vc_column_text][vc_column_text css=&#8221;.vc_custom_1763995927421{padding-top: 0px !important;padding-right: 10% !important;padding-bottom: 0px !important;padding-left: 10% !important;}&#8221;]<\/p>\n<p style=\"text-align: center;\">Besoin de plus d\u2019informations ? Contactez directement nos stations en utilisant les coordonn\u00e9es ci-dessous. Notre \u00e9quipe de r\u00e9servation est disponible toute l\u2019ann\u00e9e et se fera un plaisir de vous aider !<\/p>\n<p>[\/vc_column_text][vc_row_inner type=&#8221;boxed&#8221;][vc_column_inner width=&#8221;1\/2&#8243;][vc_empty_space height=&#8221;30px&#8221;][vc_single_image image=&#8221;233722&#8243; alignment=&#8221;center&#8221; css_animation=&#8221;none&#8221;][vc_column_text]<\/p>\n<h5 style=\"text-align: center;\">LE GRAND-BORNAND<\/h5>\n<p>[\/vc_column_text][vc_column_text css=&#8221;.vc_custom_1769586052924{padding-top: 0px !important;padding-bottom: 0px !important;}&#8221;]<\/p>\n<p style=\"text-align: center;\">\u00c9cole de Ski et Snowboard Oxyski <strong>Grand-Bornand<\/strong><br \/>\nR\u00e9sidence les Amborzales \u2013 7195 Route du Chinaillon<br \/>\n74450 Le Grand-Bornand<\/p>\n<p>[\/vc_column_text][vc_btn title=&#8221;+33 (0)4 80 80 60 50&#8243; align=&#8221;center&#8221; i_icon_fontawesome=&#8221;fas fa-phone-alt&#8221; add_icon=&#8221;true&#8221; link=&#8221;url:tel%3A%20%2B33480806050|target:_blank|&#8221;][vc_btn title=&#8221;grandbornand@oxyski.com&#8221; align=&#8221;center&#8221; i_icon_fontawesome=&#8221;fas fa-envelope&#8221; add_icon=&#8221;true&#8221; link=&#8221;url:mailto%3A%20grandbornand%40oxyski.com|target:_blank|&#8221;][\/vc_column_inner][vc_column_inner width=&#8221;1\/2&#8243;][vc_empty_space height=&#8221;30px&#8221;][vc_single_image image=&#8221;232451&#8243; alignment=&#8221;center&#8221; css_animation=&#8221;none&#8221;][vc_column_text]<\/p>\n<h5 style=\"text-align: center;\">MEG\u00c8VE<\/h5>\n<p>[\/vc_column_text][vc_column_text css=&#8221;.vc_custom_1764015496875{padding-top: 0px !important;padding-bottom: 0px !important;}&#8221;]<\/p>\n<p style=\"text-align: center;\">\u00c9cole de Ski et Snowboard Oxyski <strong>Meg\u00e8ve<\/strong><br \/>\n279 rue de la Poste<br \/>\n74120 Meg\u00e8ve<\/p>\n<p>[\/vc_column_text][vc_btn title=&#8221;+33 (0)4 50 58 78 88&#8243; align=&#8221;center&#8221; i_icon_fontawesome=&#8221;fas fa-phone-alt&#8221; add_icon=&#8221;true&#8221; link=&#8221;url:tel%3A%20%2B33450587888|target:_blank|&#8221;][vc_btn title=&#8221;+33 (0)6 70 61 30 04&#8243; align=&#8221;center&#8221; i_icon_fontawesome=&#8221;fab fa-whatsapp&#8221; add_icon=&#8221;true&#8221; link=&#8221;url:https%3A%2F%2Fwa.me%2F33612345678|target:_blank|&#8221;][vc_btn title=&#8221;megeve@oxyski.com&#8221; align=&#8221;center&#8221; i_icon_fontawesome=&#8221;fas fa-envelope&#8221; add_icon=&#8221;true&#8221; link=&#8221;url:mailto%3A%20megeve%40oxyski.com|target:_blank|&#8221;][\/vc_column_inner][\/vc_row_inner][\/vc_column][\/vc_row]<\/p>\n","protected":false},"excerpt":{"rendered":"<p>[vc_row][vc_column][vc_single_image image=&#8221;232498&#8243; img_size=&#8221;2000&#215;600&#8243; el_class=&#8221;image-headband-frontpage-main&#8221;][\/vc_column][\/vc_row][vc_row][vc_column][vc_empty_space height=&#8221;20px&#8221;][\/vc_column][\/vc_row][vc_row css=&#8221;.vc_custom_1721295204059{margin-right: 5% !important;margin-left: 5% !important;}&#8221;][vc_column width=&#8221;1\/2&#8243;][vc_empty_space height=&#8221;20px&#8221;][vc_column_text] COURS COLLECTIFS ADULTES [\/vc_column_text][vc_column_text css=&#8221;.vc_custom_1764773338067{margin-right: 25% !important;}&#8221;]Dans la plupart de nos stations, nous proposons des cours collectifs pour adultes, adapt\u00e9s \u00e0 tous les \u00e2ges, go\u00fbts et niveaux. Que vous soyez d\u00e9butant en qu\u00eate de s\u00e9r\u00e9nit\u00e9 sur les pistes ou un expert \u00e0 la [&hellip;]<\/p>\n","protected":false},"author":6243,"featured_media":0,"parent":0,"menu_order":4,"comment_status":"closed","ping_status":"closed","template":"page-full-width.php","meta":[],"yoast_head":"<!-- This site is optimized with the Yoast SEO plugin v17.6 - https:\/\/yoast.com\/wordpress\/plugins\/seo\/ -->\n<title>Cours collectifs adultes | Oxyski \u00c9cole de Ski &amp; Snowboard<\/title>\n<meta name=\"description\" content=\"Gr\u00e2ce \u00e0 un enseignement convivial et des conseils adapt\u00e9s, partagez un cours collectif entre adultes, quel que soit votre niveau.\" \/>\n<meta name=\"robots\" content=\"index, follow, max-snippet:-1, max-image-preview:large, max-video-preview:-1\" \/>\n<link rel=\"canonical\" href=\"https:\/\/oxyski.com\/fr\/cours-collectifs-adultes\/\" \/>\n<meta property=\"og:locale\" content=\"fr_FR\" \/>\n<meta property=\"og:type\" content=\"article\" \/>\n<meta property=\"og:title\" content=\"Cours collectifs adultes | Oxyski \u00c9cole de Ski &amp; Snowboard\" \/>\n<meta property=\"og:description\" content=\"Gr\u00e2ce \u00e0 un enseignement convivial et des conseils adapt\u00e9s, partagez un cours collectif entre adultes, quel que soit votre niveau.\" \/>\n<meta property=\"og:url\" content=\"https:\/\/oxyski.com\/fr\/cours-collectifs-adultes\/\" \/>\n<meta property=\"og:site_name\" content=\"Oxyski\" \/>\n<meta property=\"article:publisher\" content=\"https:\/\/www.facebook.com\/OxygeneSki\" \/>\n<meta property=\"article:modified_time\" content=\"2026-01-28T07:52:34+00:00\" \/>\n<meta name=\"twitter:card\" content=\"summary\" \/>\n<meta name=\"twitter:site\" content=\"@Oxygene_Ski\" \/>\n<meta name=\"twitter:label1\" content=\"Est. reading time\" \/>\n\t<meta name=\"twitter:data1\" content=\"6 minutes\" \/>\n<script type=\"application\/ld+json\" class=\"yoast-schema-graph\">{\"@context\":\"https:\/\/schema.org\",\"@graph\":[{\"@type\":\"WebSite\",\"@id\":\"https:\/\/oxyski.com\/#website\",\"url\":\"https:\/\/oxyski.com\/\",\"name\":\"Oxyski\",\"description\":\"\",\"potentialAction\":[{\"@type\":\"SearchAction\",\"target\":{\"@type\":\"EntryPoint\",\"urlTemplate\":\"https:\/\/oxyski.com\/?s={search_term_string}\"},\"query-input\":\"required name=search_term_string\"}],\"inLanguage\":\"fr\"},{\"@type\":\"WebPage\",\"@id\":\"https:\/\/oxyski.com\/fr\/cours-collectifs-adultes\/#webpage\",\"url\":\"https:\/\/oxyski.com\/fr\/cours-collectifs-adultes\/\",\"name\":\"Cours collectifs adultes | Oxyski \\u00c9cole de Ski & Snowboard\",\"isPartOf\":{\"@id\":\"https:\/\/oxyski.com\/#website\"},\"datePublished\":\"2025-11-25T15:07:09+00:00\",\"dateModified\":\"2026-01-28T07:52:34+00:00\",\"description\":\"Gr\\u00e2ce \\u00e0 un enseignement convivial et des conseils adapt\\u00e9s, partagez un cours collectif entre adultes, quel que soit votre niveau.\",\"breadcrumb\":{\"@id\":\"https:\/\/oxyski.com\/fr\/cours-collectifs-adultes\/#breadcrumb\"},\"inLanguage\":\"fr\",\"potentialAction\":[{\"@type\":\"ReadAction\",\"target\":[\"https:\/\/oxyski.com\/fr\/cours-collectifs-adultes\/\"]}]},{\"@type\":\"BreadcrumbList\",\"@id\":\"https:\/\/oxyski.com\/fr\/cours-collectifs-adultes\/#breadcrumb\",\"itemListElement\":[{\"@type\":\"ListItem\",\"position\":1,\"name\":\"Home\",\"item\":\"https:\/\/oxyski.com\/fr\/accueil\/\"},{\"@type\":\"ListItem\",\"position\":2,\"name\":\"Cours collectifs adultes\"}]}]}<\/script>\n<!-- \/ Yoast SEO plugin. -->","yoast_head_json":{"title":"Cours collectifs adultes | Oxyski \u00c9cole de Ski & Snowboard","description":"Gr\u00e2ce \u00e0 un enseignement convivial et des conseils adapt\u00e9s, partagez un cours collectif entre adultes, quel que soit votre niveau.","robots":{"index":"index","follow":"follow","max-snippet":"max-snippet:-1","max-image-preview":"max-image-preview:large","max-video-preview":"max-video-preview:-1"},"canonical":"https:\/\/oxyski.com\/fr\/cours-collectifs-adultes\/","og_locale":"fr_FR","og_type":"article","og_title":"Cours collectifs adultes | Oxyski \u00c9cole de Ski & Snowboard","og_description":"Gr\u00e2ce \u00e0 un enseignement convivial et des conseils adapt\u00e9s, partagez un cours collectif entre adultes, quel que soit votre niveau.","og_url":"https:\/\/oxyski.com\/fr\/cours-collectifs-adultes\/","og_site_name":"Oxyski","article_publisher":"https:\/\/www.facebook.com\/OxygeneSki","article_modified_time":"2026-01-28T07:52:34+00:00","twitter_card":"summary","twitter_site":"@Oxygene_Ski","twitter_misc":{"Est. reading time":"6 minutes"},"schema":{"@context":"https:\/\/schema.org","@graph":[{"@type":"WebSite","@id":"https:\/\/oxyski.com\/#website","url":"https:\/\/oxyski.com\/","name":"Oxyski","description":"","potentialAction":[{"@type":"SearchAction","target":{"@type":"EntryPoint","urlTemplate":"https:\/\/oxyski.com\/?s={search_term_string}"},"query-input":"required name=search_term_string"}],"inLanguage":"fr"},{"@type":"WebPage","@id":"https:\/\/oxyski.com\/fr\/cours-collectifs-adultes\/#webpage","url":"https:\/\/oxyski.com\/fr\/cours-collectifs-adultes\/","name":"Cours collectifs adultes | Oxyski \u00c9cole de Ski & Snowboard","isPartOf":{"@id":"https:\/\/oxyski.com\/#website"},"datePublished":"2025-11-25T15:07:09+00:00","dateModified":"2026-01-28T07:52:34+00:00","description":"Gr\u00e2ce \u00e0 un enseignement convivial et des conseils adapt\u00e9s, partagez un cours collectif entre adultes, quel que soit votre niveau.","breadcrumb":{"@id":"https:\/\/oxyski.com\/fr\/cours-collectifs-adultes\/#breadcrumb"},"inLanguage":"fr","potentialAction":[{"@type":"ReadAction","target":["https:\/\/oxyski.com\/fr\/cours-collectifs-adultes\/"]}]},{"@type":"BreadcrumbList","@id":"https:\/\/oxyski.com\/fr\/cours-collectifs-adultes\/#breadcrumb","itemListElement":[{"@type":"ListItem","position":1,"name":"Home","item":"https:\/\/oxyski.com\/fr\/accueil\/"},{"@type":"ListItem","position":2,"name":"Cours collectifs adultes"}]}]}},"_links":{"self":[{"href":"https:\/\/oxyski.com\/fr\/wp-json\/wp\/v2\/pages\/232947"}],"collection":[{"href":"https:\/\/oxyski.com\/fr\/wp-json\/wp\/v2\/pages"}],"about":[{"href":"https:\/\/oxyski.com\/fr\/wp-json\/wp\/v2\/types\/page"}],"author":[{"embeddable":true,"href":"https:\/\/oxyski.com\/fr\/wp-json\/wp\/v2\/users\/6243"}],"replies":[{"embeddable":true,"href":"https:\/\/oxyski.com\/fr\/wp-json\/wp\/v2\/comments?post=232947"}],"version-history":[{"count":24,"href":"https:\/\/oxyski.com\/fr\/wp-json\/wp\/v2\/pages\/232947\/revisions"}],"predecessor-version":[{"id":233901,"href":"https:\/\/oxyski.com\/fr\/wp-json\/wp\/v2\/pages\/232947\/revisions\/233901"}],"wp:attachment":[{"href":"https:\/\/oxyski.com\/fr\/wp-json\/wp\/v2\/media?parent=232947"}],"curies":[{"name":"wp","href":"https:\/\/api.w.org\/{rel}","templated":true}]}}