{"id":232938,"date":"2025-11-25T15:50:48","date_gmt":"2025-11-25T14:50:48","guid":{"rendered":"https:\/\/oxyski.com\/232938-2\/"},"modified":"2026-01-28T08:53:19","modified_gmt":"2026-01-28T07:53:19","slug":"cours-collectifs-ski-enfants","status":"publish","type":"page","link":"https:\/\/oxyski.com\/fr\/cours-collectifs-ski-enfants\/","title":{"rendered":"Cours collectifs enfants"},"content":{"rendered":"<p>[vc_row][vc_column][vc_single_image image=&#8221;233374&#8243; img_size=&#8221;2000&#215;600&#8243; el_class=&#8221;image-headband-frontpage-main&#8221;][\/vc_column][\/vc_row][vc_row][vc_column][vc_empty_space height=&#8221;20px&#8221;][\/vc_column][\/vc_row][vc_row css=&#8221;.vc_custom_1721295204059{margin-right: 5% !important;margin-left: 5% !important;}&#8221;][vc_column width=&#8221;1\/2&#8243;][vc_empty_space height=&#8221;20px&#8221;][vc_column_text]<\/p>\n<h1 style=\"text-align: left;\"><span style=\"color: #00adef;\">COURS COLLECTIFS ENFANTS<\/span><\/h1>\n<p>[\/vc_column_text][vc_column_text css=&#8221;.vc_custom_1764848669832{margin-right: 25% !important;}&#8221;]<\/p>\n<p data-pm-slice=\"1 1 []\">Nous offrons toute une palette de cours collectifs pour les enfants. Chaque enfant est diff\u00e9rent, c\u2019est pour cela que nous organisons les cours et les groupes selon les niveaux et l\u2019\u00e2ge. Le nombre de participants dans les cours est limit\u00e9.<\/p>\n<p data-pm-slice=\"1 1 []\">Nos sessions se d\u00e9roulent le matin, l\u2019apr\u00e8s-midi ou toute la journ\u00e9e et viendront booster la confiance de votre enfant et d\u00e9velopper sa technique de ski.<\/p>\n<p data-pm-slice=\"1 1 []\">Veuillez noter que nos cours collectifs enfants \u00e0 Chamonix sont exclusivement d\u00e9di\u00e9s au hors-piste ! Ils s\u2019adressent aux skieurs exp\u00e9riment\u00e9s de 10 \u00e0 13 ans, d\u00e9j\u00e0 \u00e0 l\u2019aise sur toutes les pistes. Avec nos moniteurs Oxyski et le terrain l\u00e9gendaire de Chamonix, ils pourront affiner leur technique, gagner en confiance et repousser leurs limites en toute s\u00e9curit\u00e9.<\/p>\n<p>[\/vc_column_text][vc_btn title=&#8221;Guide des niveaux&#8221; link=&#8221;url:https%3A%2F%2Foxyski.com%2Ffr%2Fguide-des-niveaux%2F|title:Oxyski%20guide%20des%20niveaux|target:_blank|&#8221;][\/vc_column][vc_column width=&#8221;1\/2&#8243;][vc_row_inner gap=&#8221;35&#8243;][vc_column_inner width=&#8221;1\/2&#8243; css=&#8221;.vc_custom_1757186587682{background-position: center !important;background-repeat: no-repeat !important;background-size: cover !important;}&#8221;][vc_single_image image=&#8221;232392&#8243; img_size=&#8221;335&#215;500&#8243; style=&#8221;vc_box_rounded&#8221;][\/vc_column_inner][vc_column_inner width=&#8221;1\/2&#8243; css=&#8221;.vc_custom_1757186580440{background-position: center !important;background-repeat: no-repeat !important;background-size: cover !important;}&#8221;][vc_single_image image=&#8221;232098&#8243; img_size=&#8221;335&#215;500&#8243; style=&#8221;vc_box_rounded&#8221;][\/vc_column_inner][\/vc_row_inner][\/vc_column][\/vc_row][vc_row css=&#8221;.vc_custom_1763639619186{margin-right: 2% !important;margin-left: 5% !important;}&#8221;][vc_column][vc_empty_space height=&#8221;75px&#8221;][vc_column_text]<\/p>\n<h2 style=\"text-align: left;\"><span style=\"color: #00adef;\">CLIQUEZ SUR LE LOGO DE VOTRE STATION POUR R\u00c9SERVER<\/span><\/h2>\n<p>[\/vc_column_text][\/vc_column][\/vc_row][vc_row][vc_column][vc_empty_space height=&#8221;20px&#8221;][\/vc_column][\/vc_row][vc_row css=&#8221;.vc_custom_1753884951892{margin-right: 5% !important;margin-left: 5% !important;}&#8221;][vc_column width=&#8221;1\/3&#8243;][vc_single_image image=&#8221;233722&#8243; img_size=&#8221;110&#215;110&#8243; alignment=&#8221;center&#8221;][vc_btn title=&#8221;Le Grand-Bornand&#8221; style=&#8221;outline&#8221; color=&#8221;sky&#8221; align=&#8221;center&#8221; link=&#8221;url:https%3A%2F%2Fbooking.yoplanning.pro%2Ff0aef664-7968-48d9-9910-faf227b931b8%2F%3Ftag%3D13c785fd-f602-4c4c-8bab-b2ddc15e1dfd|title:Cours%20collectif%20enfants%20%E2%80%93%20Grand-Bornand|target:_blank|&#8221; css=&#8221;.vc_custom_1769586089194{margin-top: -25px !important;}&#8221;][\/vc_column][vc_column width=&#8221;1\/3&#8243;][vc_single_image image=&#8221;232451&#8243; img_size=&#8221;100&#215;100&#8243; alignment=&#8221;center&#8221;][vc_btn title=&#8221;Meg\u00e8ve&#8221; style=&#8221;outline&#8221; color=&#8221;sky&#8221; align=&#8221;center&#8221; link=&#8221;url:https%3A%2F%2Fbooking.yoplanning.pro%2F3e1c56a8-789e-480c-9cd1-5375ac708380%2F%3Ftag%3D18dc7bf5-40b7-4c03-9ef3-fa097968aae4|title:Cours%20collectif%20enfants%20%E2%80%93%20Meg%C3%A8ve|target:_blank|&#8221; css=&#8221;.vc_custom_1769586096196{margin-top: -25px !important;}&#8221;][\/vc_column][vc_column width=&#8221;1\/3&#8243;][vc_single_image image=&#8221;232447&#8243; img_size=&#8221;100&#215;100&#8243; alignment=&#8221;center&#8221;][vc_btn title=&#8221;Chamonix&#8221; style=&#8221;outline&#8221; color=&#8221;sky&#8221; align=&#8221;center&#8221; link=&#8221;url:https%3A%2F%2Fbooking.yoplanning.pro%2F8b3e5c28-dc43-4e97-8536-60df53768f16%2Fproduct%2F36e5d730-7856-4493-996d-1c352ec94072|title:Cours%20collectifs%20hors-piste%20enfants%20Chamonix|target:_blank|&#8221; css=&#8221;.vc_custom_1764848578313{margin-top: -25px !important;}&#8221;][\/vc_column][\/vc_row][vc_row][vc_column][vc_empty_space height=&#8221;75px&#8221;][\/vc_column][\/vc_row][vc_row css=&#8221;.vc_custom_1764082963978{margin-right: 2% !important;margin-left: 5% !important;}&#8221;][vc_column][vc_empty_space height=&#8221;75px&#8221;][vc_column_text]<\/p>\n<h2 style=\"text-align: left;\"><span style=\"color: #00adef;\">POURQUOI CHOISIR OXYSKI ?<\/span><\/h2>\n<p>[\/vc_column_text][\/vc_column][\/vc_row][vc_row][vc_column][vc_row_inner][vc_column_inner width=&#8221;1\/2&#8243; css=&#8221;.vc_custom_1741854726982{padding-right: 10% !important;padding-left: 10% !important;}&#8221;][vc_single_image image=&#8221;206785&#8243; img_size=&#8221;500&#215;335&#8243; alignment=&#8221;center&#8221; style=&#8221;vc_box_rounded&#8221;][vc_column_text]<\/p>\n<p style=\"text-align: center;\"><span style=\"color: #00adef;\"><strong>AIMEZ APPRENDRE<\/strong><\/span><\/p>\n<p style=\"text-align: center;\">Nos cours sont organis\u00e9s autour de jeux et d\u2019activit\u00e9s destin\u00e9s \u00e0 encourager une attitude positive vis-\u00e0-vis du ski. Des premiers virages jusqu\u2019aux tricks dans le park, nos moniteurs les accompagneront vers les sommets. Les petits glisseurs en redemanderont !<\/p>\n<p>[\/vc_column_text][\/vc_column_inner][vc_column_inner width=&#8221;1\/2&#8243; css=&#8221;.vc_custom_1741854744576{padding-right: 10% !important;padding-left: 10% !important;}&#8221;][vc_single_image image=&#8221;218356&#8243; img_size=&#8221;500&#215;335&#8243; alignment=&#8221;center&#8221; style=&#8221;vc_box_rounded&#8221;][vc_column_text]<\/p>\n<p style=\"text-align: center;\"><span style=\"color: #00adef;\"><strong>METTEZ-VOUS \u00c0 NIVEAU<\/strong><\/span><\/p>\n<p style=\"text-align: center;\">Jetez un \u0153il sur notre guide de niveaux pour vous aider \u00e0 d\u00e9terminer le niveau de votre enfant. Toujours pas s\u00fbr ? Contactez-nous, nous serons ravis de vous conseiller. Le niveau de chaque participant est \u00e9valu\u00e9 en d\u00e9but de cours afin de constituer des groupes homog\u00e8nes.<\/p>\n<p>[\/vc_column_text][\/vc_column_inner][\/vc_row_inner][vc_empty_space height=&#8221;75px&#8221;][\/vc_column][\/vc_row][vc_row css=&#8221;.vc_custom_1723624984231{margin-right: 5% !important;margin-left: 5% !important;}&#8221;][vc_column width=&#8221;1\/2&#8243;][vc_column_text css=&#8221;.vc_custom_1763638146262{margin-right: 5% !important;}&#8221;]<\/p>\n<h3><span style=\"color: #00adef;\">CLUB D\u00c9JEUNER<\/span><\/h3>\n<p>&nbsp;<\/p>\n<p>Ski, apprentissage et fous rires\u2026 tout cela donne faim ! Notre Oxy Lunch Club est la pause id\u00e9ale de midi pour les petits skieurs affam\u00e9s. C\u2019est l\u2019occasion de se restaurer, de se recharger et de se pr\u00e9parer pour de nouvelles aventures l\u2019apr\u00e8s-midi. Pendant ce temps, maman et papa peuvent profiter d\u2019un peu de libert\u00e9 pour explorer davantage ou savourer un d\u00e9jeuner tranquille ! Cliquez sur le logo de la station de votre choix pour consulter les disponibilit\u00e9s et r\u00e9server.[\/vc_column_text][vc_row_inner][vc_column_inner width=&#8221;1\/3&#8243;][vc_single_image image=&#8221;232451&#8243; img_size=&#8221;60&#215;60&#8243; alignment=&#8221;center&#8221; onclick=&#8221;custom_link&#8221; img_link_target=&#8221;_blank&#8221; link=&#8221;https:\/\/booking.yoplanning.pro\/5e93e2e2-d3fb-4265-810e-e63b25fa0f5f\/product\/480d9caa-d98b-49b2-b560-b44a454afe7c?_gl=1*1a1s9t*_gcl_au*MTE1Njc3OTY0Mi4xNzYyMjYwMzEy*_ga*NzkzNjUwMzI0LjE3NjIyNjAzMTM.*_ga_4249YQ7MD7*czE3NjQwMTM3MzYkbzI1JGcxJHQxNzY0MDE0ODg4JGo2MCRsMCRoMA..&#8221;][vc_column_text]<\/p>\n<p style=\"text-align: center;\">MEG\u00c8VE<\/p>\n<div id=\"gtx-trans\" style=\"position: absolute; left: 333px; top: 38px;\">\n<div class=\"gtx-trans-icon\"><\/div>\n<\/div>\n<p>[\/vc_column_text][\/vc_column_inner][vc_column_inner width=&#8221;1\/3&#8243;][\/vc_column_inner][vc_column_inner width=&#8221;1\/3&#8243;][\/vc_column_inner][\/vc_row_inner][\/vc_column][vc_column width=&#8221;1\/2&#8243; css=&#8221;.vc_custom_1757186660263{background-position: center !important;background-repeat: no-repeat !important;background-size: cover !important;}&#8221; el_class=&#8221;image-column-remove-padding image-headband&#8221;][vc_single_image image=&#8221;225817&#8243; img_size=&#8221;full&#8221; style=&#8221;vc_box_rounded&#8221; el_class=&#8221;image-headband-frontpage&#8221;][\/vc_column][\/vc_row][vc_row][vc_column][vc_empty_space height=&#8221;30px&#8221;][\/vc_column][\/vc_row][vc_row css=&#8221;.vc_custom_1489493682930{padding-top: 50px !important;padding-bottom: 50px !important;}&#8221;][vc_column][vc_column_text css_animation=&#8221;none&#8221;]<\/p>\n<h3 style=\"text-align: center;\"><span style=\"color: #00adef;\"><strong>DES QUESTIONS ? CONTACTEZ-NOUS<\/strong><\/span><\/h3>\n<p>[\/vc_column_text][vc_column_text css=&#8221;.vc_custom_1763995927421{padding-top: 0px !important;padding-right: 10% !important;padding-bottom: 0px !important;padding-left: 10% !important;}&#8221;]<\/p>\n<p style=\"text-align: center;\">Besoin de plus d\u2019informations ? Contactez directement nos stations en utilisant les coordonn\u00e9es ci-dessous. Notre \u00e9quipe de r\u00e9servation est disponible toute l\u2019ann\u00e9e et se fera un plaisir de vous aider !<\/p>\n<p>[\/vc_column_text][vc_row_inner type=&#8221;boxed&#8221;][vc_column_inner width=&#8221;1\/3&#8243;][vc_empty_space height=&#8221;30px&#8221;][vc_single_image image=&#8221;232447&#8243; alignment=&#8221;center&#8221; css_animation=&#8221;none&#8221;][vc_column_text]<\/p>\n<h5 style=\"text-align: center;\">CHAMONIX<\/h5>\n<p>[\/vc_column_text][vc_column_text css=&#8221;.vc_custom_1764850016458{padding-top: 0px !important;padding-bottom: 0px !important;}&#8221;]<\/p>\n<p style=\"text-align: center;\">\u00c9cole de Ski et Snowboard Oxyski <strong>Chamonix<\/strong><br \/>\nPrieur\u00e9 ski shop \u2013 149 all\u00e9e recteur Payot<br \/>\n74400 Chamonix<\/p>\n<p>[\/vc_column_text][vc_btn title=&#8221;+33 (0)6 83 82 65 11&#8243; align=&#8221;center&#8221; i_icon_fontawesome=&#8221;fas fa-phone-alt&#8221; add_icon=&#8221;true&#8221; link=&#8221;url:tel%3A%20%2B33683826511|target:_blank|&#8221;][vc_btn title=&#8221;chamonix@oxyski.com&#8221; align=&#8221;center&#8221; i_icon_fontawesome=&#8221;fas fa-envelope&#8221; add_icon=&#8221;true&#8221; link=&#8221;url:mailto%3A%20chamonix%40oxyski.com|target:_blank|&#8221;][\/vc_column_inner][vc_column_inner width=&#8221;1\/3&#8243;][vc_empty_space height=&#8221;30px&#8221;][vc_single_image image=&#8221;233722&#8243; alignment=&#8221;center&#8221; css_animation=&#8221;none&#8221;][vc_column_text]<\/p>\n<h5 style=\"text-align: center;\">LE GRAND-BORNAND<\/h5>\n<p>[\/vc_column_text][vc_column_text css=&#8221;.vc_custom_1769586109923{padding-top: 0px !important;padding-bottom: 0px !important;}&#8221;]<\/p>\n<p style=\"text-align: center;\">\u00c9cole de Ski et Snowboard Oxyski <strong>Grand-Bornand<\/strong><br \/>\nR\u00e9sidence les Amborzales \u2013 7195 Route du Chinaillon<br \/>\n74450 Le Grand-Bornand<\/p>\n<p>[\/vc_column_text][vc_btn title=&#8221;+33 (0)4 80 80 60 50&#8243; align=&#8221;center&#8221; i_icon_fontawesome=&#8221;fas fa-phone-alt&#8221; add_icon=&#8221;true&#8221; link=&#8221;url:tel%3A%20%2B33480806050|target:_blank|&#8221;][vc_btn title=&#8221;grandbornand@oxyski.com&#8221; align=&#8221;center&#8221; i_icon_fontawesome=&#8221;fas fa-envelope&#8221; add_icon=&#8221;true&#8221; link=&#8221;url:mailto%3A%20grandbornand%40oxyski.com|target:_blank|&#8221;][\/vc_column_inner][vc_column_inner width=&#8221;1\/3&#8243;][vc_empty_space height=&#8221;30px&#8221;][vc_single_image image=&#8221;232451&#8243; alignment=&#8221;center&#8221; css_animation=&#8221;none&#8221;][vc_column_text]<\/p>\n<h5 style=\"text-align: center;\">MEG\u00c8VE<\/h5>\n<p>[\/vc_column_text][vc_column_text css=&#8221;.vc_custom_1764015381479{padding-top: 0px !important;padding-bottom: 0px !important;}&#8221;]<\/p>\n<p style=\"text-align: center;\">\u00c9cole de Ski et Snowboard Oxyski <strong>Meg\u00e8ve<\/strong><br \/>\n279 rue de la Poste<br \/>\n74120 Meg\u00e8ve<\/p>\n<p>[\/vc_column_text][vc_btn title=&#8221;+33 (0)4 50 58 78 88&#8243; align=&#8221;center&#8221; i_icon_fontawesome=&#8221;fas fa-phone-alt&#8221; add_icon=&#8221;true&#8221; link=&#8221;url:tel%3A%20%2B33450587888|target:_blank|&#8221;][vc_btn title=&#8221;+33 (0)6 70 61 30 04&#8243; align=&#8221;center&#8221; i_icon_fontawesome=&#8221;fab fa-whatsapp&#8221; add_icon=&#8221;true&#8221; link=&#8221;url:https%3A%2F%2Fwa.me%2F33612345678|target:_blank|&#8221;][vc_btn title=&#8221;megeve@oxyski.com&#8221; align=&#8221;center&#8221; i_icon_fontawesome=&#8221;fas fa-envelope&#8221; add_icon=&#8221;true&#8221; link=&#8221;url:mailto%3A%20megeve%40oxyski.com|target:_blank|&#8221;][\/vc_column_inner][\/vc_row_inner][\/vc_column][\/vc_row]<\/p>\n","protected":false},"excerpt":{"rendered":"<p>[vc_row][vc_column][vc_single_image image=&#8221;233374&#8243; img_size=&#8221;2000&#215;600&#8243; el_class=&#8221;image-headband-frontpage-main&#8221;][\/vc_column][\/vc_row][vc_row][vc_column][vc_empty_space height=&#8221;20px&#8221;][\/vc_column][\/vc_row][vc_row css=&#8221;.vc_custom_1721295204059{margin-right: 5% !important;margin-left: 5% !important;}&#8221;][vc_column width=&#8221;1\/2&#8243;][vc_empty_space height=&#8221;20px&#8221;][vc_column_text] COURS COLLECTIFS ENFANTS [\/vc_column_text][vc_column_text css=&#8221;.vc_custom_1764848669832{margin-right: 25% !important;}&#8221;] Nous offrons toute une palette de cours collectifs pour les enfants. Chaque enfant est diff\u00e9rent, c\u2019est pour cela que nous organisons les cours et les groupes selon les niveaux et l\u2019\u00e2ge. Le nombre de participants dans [&hellip;]<\/p>\n","protected":false},"author":6243,"featured_media":0,"parent":0,"menu_order":4,"comment_status":"closed","ping_status":"closed","template":"page-full-width.php","meta":[],"yoast_head":"<!-- This site is optimized with the Yoast SEO plugin v17.6 - https:\/\/yoast.com\/wordpress\/plugins\/seo\/ -->\n<title>Cours collectifs enfants | Oxyski \u00c9cole de Ski &amp; Snowboard<\/title>\n<meta name=\"description\" content=\"Avec Oxyski, les enfants apprennent le ski en s\u2019amusant. Ils progressent \u00e0 leur rythme et leur progression est \u00e9valu\u00e9e tout au long de la semaine.\" \/>\n<meta name=\"robots\" content=\"index, follow, max-snippet:-1, max-image-preview:large, max-video-preview:-1\" \/>\n<link rel=\"canonical\" href=\"https:\/\/oxyski.com\/fr\/cours-collectifs-ski-enfants\/\" \/>\n<meta property=\"og:locale\" content=\"fr_FR\" \/>\n<meta property=\"og:type\" content=\"article\" \/>\n<meta property=\"og:title\" content=\"Cours collectifs enfants | Oxyski \u00c9cole de Ski &amp; Snowboard\" \/>\n<meta property=\"og:description\" content=\"Avec Oxyski, les enfants apprennent le ski en s\u2019amusant. Ils progressent \u00e0 leur rythme et leur progression est \u00e9valu\u00e9e tout au long de la semaine.\" \/>\n<meta property=\"og:url\" content=\"https:\/\/oxyski.com\/fr\/cours-collectifs-ski-enfants\/\" \/>\n<meta property=\"og:site_name\" content=\"Oxyski\" \/>\n<meta property=\"article:publisher\" content=\"https:\/\/www.facebook.com\/OxygeneSki\" \/>\n<meta property=\"article:modified_time\" content=\"2026-01-28T07:53:19+00:00\" \/>\n<meta name=\"twitter:card\" content=\"summary\" \/>\n<meta name=\"twitter:site\" content=\"@Oxygene_Ski\" \/>\n<meta name=\"twitter:label1\" content=\"Est. reading time\" \/>\n\t<meta name=\"twitter:data1\" content=\"7 minutes\" \/>\n<script type=\"application\/ld+json\" class=\"yoast-schema-graph\">{\"@context\":\"https:\/\/schema.org\",\"@graph\":[{\"@type\":\"WebSite\",\"@id\":\"https:\/\/oxyski.com\/#website\",\"url\":\"https:\/\/oxyski.com\/\",\"name\":\"Oxyski\",\"description\":\"\",\"potentialAction\":[{\"@type\":\"SearchAction\",\"target\":{\"@type\":\"EntryPoint\",\"urlTemplate\":\"https:\/\/oxyski.com\/?s={search_term_string}\"},\"query-input\":\"required name=search_term_string\"}],\"inLanguage\":\"fr\"},{\"@type\":\"WebPage\",\"@id\":\"https:\/\/oxyski.com\/fr\/cours-collectifs-ski-enfants\/#webpage\",\"url\":\"https:\/\/oxyski.com\/fr\/cours-collectifs-ski-enfants\/\",\"name\":\"Cours collectifs enfants | Oxyski \\u00c9cole de Ski & Snowboard\",\"isPartOf\":{\"@id\":\"https:\/\/oxyski.com\/#website\"},\"datePublished\":\"2025-11-25T14:50:48+00:00\",\"dateModified\":\"2026-01-28T07:53:19+00:00\",\"description\":\"Avec Oxyski, les enfants apprennent le ski en s\\u2019amusant. Ils progressent \\u00e0 leur rythme et leur progression est \\u00e9valu\\u00e9e tout au long de la semaine.\",\"breadcrumb\":{\"@id\":\"https:\/\/oxyski.com\/fr\/cours-collectifs-ski-enfants\/#breadcrumb\"},\"inLanguage\":\"fr\",\"potentialAction\":[{\"@type\":\"ReadAction\",\"target\":[\"https:\/\/oxyski.com\/fr\/cours-collectifs-ski-enfants\/\"]}]},{\"@type\":\"BreadcrumbList\",\"@id\":\"https:\/\/oxyski.com\/fr\/cours-collectifs-ski-enfants\/#breadcrumb\",\"itemListElement\":[{\"@type\":\"ListItem\",\"position\":1,\"name\":\"Home\",\"item\":\"https:\/\/oxyski.com\/fr\/accueil\/\"},{\"@type\":\"ListItem\",\"position\":2,\"name\":\"Cours collectifs enfants\"}]}]}<\/script>\n<!-- \/ Yoast SEO plugin. -->","yoast_head_json":{"title":"Cours collectifs enfants | Oxyski \u00c9cole de Ski & Snowboard","description":"Avec Oxyski, les enfants apprennent le ski en s\u2019amusant. Ils progressent \u00e0 leur rythme et leur progression est \u00e9valu\u00e9e tout au long de la semaine.","robots":{"index":"index","follow":"follow","max-snippet":"max-snippet:-1","max-image-preview":"max-image-preview:large","max-video-preview":"max-video-preview:-1"},"canonical":"https:\/\/oxyski.com\/fr\/cours-collectifs-ski-enfants\/","og_locale":"fr_FR","og_type":"article","og_title":"Cours collectifs enfants | Oxyski \u00c9cole de Ski & Snowboard","og_description":"Avec Oxyski, les enfants apprennent le ski en s\u2019amusant. Ils progressent \u00e0 leur rythme et leur progression est \u00e9valu\u00e9e tout au long de la semaine.","og_url":"https:\/\/oxyski.com\/fr\/cours-collectifs-ski-enfants\/","og_site_name":"Oxyski","article_publisher":"https:\/\/www.facebook.com\/OxygeneSki","article_modified_time":"2026-01-28T07:53:19+00:00","twitter_card":"summary","twitter_site":"@Oxygene_Ski","twitter_misc":{"Est. reading time":"7 minutes"},"schema":{"@context":"https:\/\/schema.org","@graph":[{"@type":"WebSite","@id":"https:\/\/oxyski.com\/#website","url":"https:\/\/oxyski.com\/","name":"Oxyski","description":"","potentialAction":[{"@type":"SearchAction","target":{"@type":"EntryPoint","urlTemplate":"https:\/\/oxyski.com\/?s={search_term_string}"},"query-input":"required name=search_term_string"}],"inLanguage":"fr"},{"@type":"WebPage","@id":"https:\/\/oxyski.com\/fr\/cours-collectifs-ski-enfants\/#webpage","url":"https:\/\/oxyski.com\/fr\/cours-collectifs-ski-enfants\/","name":"Cours collectifs enfants | Oxyski \u00c9cole de Ski & Snowboard","isPartOf":{"@id":"https:\/\/oxyski.com\/#website"},"datePublished":"2025-11-25T14:50:48+00:00","dateModified":"2026-01-28T07:53:19+00:00","description":"Avec Oxyski, les enfants apprennent le ski en s\u2019amusant. Ils progressent \u00e0 leur rythme et leur progression est \u00e9valu\u00e9e tout au long de la semaine.","breadcrumb":{"@id":"https:\/\/oxyski.com\/fr\/cours-collectifs-ski-enfants\/#breadcrumb"},"inLanguage":"fr","potentialAction":[{"@type":"ReadAction","target":["https:\/\/oxyski.com\/fr\/cours-collectifs-ski-enfants\/"]}]},{"@type":"BreadcrumbList","@id":"https:\/\/oxyski.com\/fr\/cours-collectifs-ski-enfants\/#breadcrumb","itemListElement":[{"@type":"ListItem","position":1,"name":"Home","item":"https:\/\/oxyski.com\/fr\/accueil\/"},{"@type":"ListItem","position":2,"name":"Cours collectifs enfants"}]}]}},"_links":{"self":[{"href":"https:\/\/oxyski.com\/fr\/wp-json\/wp\/v2\/pages\/232938"}],"collection":[{"href":"https:\/\/oxyski.com\/fr\/wp-json\/wp\/v2\/pages"}],"about":[{"href":"https:\/\/oxyski.com\/fr\/wp-json\/wp\/v2\/types\/page"}],"author":[{"embeddable":true,"href":"https:\/\/oxyski.com\/fr\/wp-json\/wp\/v2\/users\/6243"}],"replies":[{"embeddable":true,"href":"https:\/\/oxyski.com\/fr\/wp-json\/wp\/v2\/comments?post=232938"}],"version-history":[{"count":49,"href":"https:\/\/oxyski.com\/fr\/wp-json\/wp\/v2\/pages\/232938\/revisions"}],"predecessor-version":[{"id":233904,"href":"https:\/\/oxyski.com\/fr\/wp-json\/wp\/v2\/pages\/232938\/revisions\/233904"}],"wp:attachment":[{"href":"https:\/\/oxyski.com\/fr\/wp-json\/wp\/v2\/media?parent=232938"}],"curies":[{"name":"wp","href":"https:\/\/api.w.org\/{rel}","templated":true}]}}