{"id":232918,"date":"2025-11-25T15:38:17","date_gmt":"2025-11-25T14:38:17","guid":{"rendered":"https:\/\/oxyski.com\/megeve\/"},"modified":"2026-01-27T15:57:27","modified_gmt":"2026-01-27T14:57:27","slug":"ecole-de-ski-megeve","status":"publish","type":"page","link":"https:\/\/oxyski.com\/fr\/ecole-de-ski-megeve\/","title":{"rendered":"Meg\u00e8ve"},"content":{"rendered":"<p>[vc_row][vc_column][vc_single_image image=&#8221;233368&#8243; img_size=&#8221;2000&#215;600&#8243; el_class=&#8221;image-headband-frontpage-main&#8221;][\/vc_column][\/vc_row][vc_row][vc_column][vc_empty_space height=&#8221;20px&#8221;][\/vc_column][\/vc_row][vc_row css=&#8221;.vc_custom_1723108676047{margin-right: 5% !important;margin-left: 5% !important;}&#8221;][vc_column width=&#8221;1\/2&#8243;][vc_column_text]<\/p>\n<h1 style=\"text-align: left;\"><span style=\"color: #00adef;\">BIENVENUE \u00c0 MEG\u00c8VE<\/span><\/h1>\n<p>[\/vc_column_text][vc_column_text css=&#8221;.vc_custom_1763393810420{margin-right: 20px !important;}&#8221;]<\/p>\n<p data-start=\"135\" data-end=\"609\"><strong data-start=\"135\" data-end=\"145\">Meg\u00e8ve<\/strong> est une station connue pour accueillir c\u00e9l\u00e9brit\u00e9s et grandes fortunes depuis les ann\u00e9es 1920. Ces derni\u00e8res aiment profiter du calme, des pistes, du charme et de l\u2019art de vivre. De nos jours, la station a su s\u2019ouvrir \u00e0 une client\u00e8le plus diversifi\u00e9e tout en conservant son authenticit\u00e9 et son raffinement. Venez explorer les trois secteurs du domaine skiable tout en admirant la vue sur le Mont Blanc. Laissez-vous tenter, d\u00e9couvrez Meg\u00e8ve et vous y reviendrez.<\/p>\n<p data-start=\"611\" data-end=\"1388\">Meg\u00e8ve se trouve au c\u0153ur du domaine \u00c9vasion Mont Blanc (400 km de pistes), qui inclut aussi Saint-Gervais, Combloux, La Giettaz et Cordon. Le domaine de Meg\u00e8ve est r\u00e9parti sur trois massifs vari\u00e9s (Jaillet, Roche-Brune et Mont d\u2019Arbois), tous accessibles \u00e0 pied, en t\u00e9l\u00e9cabine ou en bus depuis le centre du village. De nombreuses pistes de Meg\u00e8ve serpentent \u00e0 travers les for\u00eats et offrent une vue magnifique sur le Mont Blanc et les vall\u00e9es voisines. En dehors des pistes, vous serez conquis par les activit\u00e9s qui animent le village et l\u2019art de vivre qui rayonne \u00e0 Meg\u00e8ve, ses nombreuses boutiques, ses galeries d\u2019art, ses vieilles fermes d\u2019antan et son architecture de charme.<\/p>\n<p>[\/vc_column_text][vc_column_text]<\/p>\n<p data-start=\"611\" data-end=\"1388\"><strong>Ouvert du 6 d\u00e9cembre au 4 avril 2026.<\/strong> Domaine \u00c9vasion Mont Blanc : plus de 277 pistes sur 400 km.<\/p>\n<p>[\/vc_column_text][vc_row_inner][vc_column_inner width=&#8221;1\/2&#8243;][vc_btn title=&#8221;Trouvez votre niveau de ski ici !&#8221; align=&#8221;center&#8221; link=&#8221;url:https%3A%2F%2Foxyski.com%2Ffr%2Fguide-des-niveaux%2F|title:Guide%20des%20niveaux|target:_blank|&#8221;][\/vc_column_inner][vc_column_inner width=&#8221;1\/2&#8243;][vc_btn title=&#8221;Plan des pistes Meg\u00e8ve&#8221; align=&#8221;center&#8221; link=&#8221;url:https%3A%2F%2Fforfait.megeve.com%2Fhiver%2Fplan-des-pistes-temps-reel%2F|title:Plan%20des%20pistes%20Meg%C3%A8ve|target:_blank|&#8221;][\/vc_column_inner][\/vc_row_inner][\/vc_column][vc_column width=&#8221;1\/2&#8243; el_class=&#8221;image-column-remove-padding image-headband&#8221;][vc_single_image image=&#8221;232494&#8243; img_size=&#8221;full&#8221; style=&#8221;vc_box_rounded&#8221; el_class=&#8221;image-headband-frontpage&#8221;][\/vc_column][\/vc_row][vc_row css=&#8221;.vc_custom_1751975823766{margin-right: 5% !important;margin-left: 5% !important;}&#8221;][vc_column][vc_empty_space height=&#8221;30px&#8221;][vc_column_text]<\/p>\n<h2 style=\"text-align: left;\"><span style=\"color: #00adef;\">NOS COURS<\/span><\/h2>\n<p>[\/vc_column_text][\/vc_column][\/vc_row][vc_row css=&#8221;.vc_custom_1723108733576{margin-right: 5% !important;margin-left: 5% !important;}&#8221;][vc_column width=&#8221;1\/4&#8243;][vc_single_image image=&#8221;232392&#8243; img_size=&#8221;400&#215;250&#8243; style=&#8221;vc_box_rounded&#8221; css=&#8221;.vc_custom_1763631744639{background-position: center !important;background-repeat: no-repeat !important;background-size: cover !important;}&#8221;][vc_column_text css=&#8221;.vc_custom_1763632652341{padding-right: 20% !important;}&#8221;]<\/p>\n<h6><strong>Cours collectifs enfants<\/strong><\/h6>\n<p>Nous proposons des cours de ski collectifs pour enfants. Ils sont organis\u00e9s par niveau et \u00e2ge, avec un nombre limit\u00e9 de participants. Nos sessions visent \u00e0 renforcer la confiance et am\u00e9liorer la technique de ski.[\/vc_column_text][vc_btn title=&#8221;R\u00e9servez maintenant&#8221; style=&#8221;outline&#8221; color=&#8221;sky&#8221; align=&#8221;left&#8221; link=&#8221;url:https%3A%2F%2Fbooking.yoplanning.pro%2F3e1c56a8-789e-480c-9cd1-5375ac708380%2F%3Ftag%3D18dc7bf5-40b7-4c03-9ef3-fa097968aae4|target:_blank|&#8221;][\/vc_column][vc_column width=&#8221;1\/4&#8243;][vc_single_image image=&#8221;232577&#8243; img_size=&#8221;400&#215;250&#8243; style=&#8221;vc_box_rounded&#8221; css=&#8221;.vc_custom_1764772012153{background-position: center !important;background-repeat: no-repeat !important;background-size: cover !important;}&#8221;][vc_column_text css=&#8221;.vc_custom_1764771922238{padding-right: 20% !important;}&#8221;]<\/p>\n<h6><strong>Cours collectifs adolescents<\/strong><\/h6>\n<p>Nos sessions Pro-Rider s\u2019adressent aux 12\u201317 ans ayant d\u00e9j\u00e0 une bonne exp\u00e9rience du ski. Dynamiques et stimulants, ces cours encouragent les jeunes \u00e0 progresser, affiner leur technique et repousser leurs limites. C\u2019est une excellente fa\u00e7on pour eux de gagner en confiance et d\u2019emmener leur ski au niveau sup\u00e9rieur.[\/vc_column_text][vc_btn title=&#8221;R\u00e9servez maintenant&#8221; style=&#8221;outline&#8221; color=&#8221;sky&#8221; align=&#8221;left&#8221; link=&#8221;url:https%3A%2F%2Fbooking.yoplanning.pro%2F3e1c56a8-789e-480c-9cd1-5375ac708380%2Fproduct%2F615cb198-1f40-4d5c-84d3-bf9f07ea53cb|target:_blank|&#8221;][\/vc_column][vc_column width=&#8221;1\/4&#8243;][vc_single_image image=&#8221;232496&#8243; img_size=&#8221;400&#215;250&#8243; style=&#8221;vc_box_rounded&#8221; css=&#8221;.vc_custom_1763633383750{background-position: center !important;background-repeat: no-repeat !important;background-size: cover !important;}&#8221;][vc_column_text css=&#8221;.vc_custom_1764773064763{padding-right: 20% !important;}&#8221;]<\/p>\n<h6><strong>Cours collectifs adultes<\/strong><\/h6>\n<p>Nouveaut\u00e9 chez Oxyski Meg\u00e8ve ! Notre objectif : satisfaire tous les \u00e2ges, les go\u00fbts et les comp\u00e9tences \u00e0 travers un apprentissage ludique. Des tranquilles premi\u00e8res courbes aux descentes les plus techniques, nous vous emm\u00e8nerons l\u00e0 o\u00f9 vous le souhaitez. Contactez-nous directement ![\/vc_column_text][vc_btn title=&#8221;Contactez-nous&#8221; style=&#8221;outline&#8221; color=&#8221;sky&#8221; align=&#8221;left&#8221; link=&#8221;url:https%3A%2F%2Foxyski.com%2Ffr%2Fcontact%2F|title:Contact|target:_blank|&#8221;][\/vc_column][vc_column width=&#8221;1\/4&#8243;][vc_single_image image=&#8221;232394&#8243; img_size=&#8221;400&#215;250&#8243; style=&#8221;vc_box_rounded&#8221; css=&#8221;.vc_custom_1763633454842{background-position: center !important;background-repeat: no-repeat !important;background-size: cover !important;}&#8221;][vc_column_text css=&#8221;.vc_custom_1763633144080{padding-right: 20% !important;}&#8221;]<\/p>\n<h6><strong>Cours collectifs snowboard<\/strong><\/h6>\n<p>Les cours collectifs de snowboard s\u2019adressent aussi bien aux d\u00e9butants, qui d\u00e9couvriront cette discipline et qui n\u2019aura plus de secrets pour eux, qu\u2019aux riders confirm\u00e9s, qui pourront affiner leur technique tout en profitant du domaine.[\/vc_column_text][vc_btn title=&#8221;R\u00e9servez maintenant&#8221; style=&#8221;outline&#8221; color=&#8221;sky&#8221; align=&#8221;left&#8221; link=&#8221;url:https%3A%2F%2Fbooking.yoplanning.pro%2F3e1c56a8-789e-480c-9cd1-5375ac708380%2F%3Ftag%3D20de1721-0485-4efc-ac6c-5045c2bd22ec|target:_blank|&#8221;][\/vc_column][\/vc_row][vc_row][vc_column][vc_empty_space height=&#8221;25px&#8221;][\/vc_column][\/vc_row][vc_row css=&#8221;.vc_custom_1723108748514{margin-right: 5% !important;margin-left: 5% !important;}&#8221;][vc_column width=&#8221;1\/3&#8243;][vc_single_image image=&#8221;232461&#8243; img_size=&#8221;400&#215;250&#8243; style=&#8221;vc_box_rounded&#8221; css=&#8221;.vc_custom_1763633693728{background-position: center !important;background-repeat: no-repeat !important;background-size: cover !important;}&#8221;][vc_column_text css=&#8221;.vc_custom_1763633667466{padding-right: 20% !important;}&#8221;]<\/p>\n<h6><strong>Hors-piste<\/strong><\/h6>\n<p>Laissez parler votre c\u00f4t\u00e9 aventurier et go\u00fbtez aux sensations uniques de nos sorties hors-piste avec l\u2019\u00e9cole de ski Oxyski. Offrez-vous un moment de ski d\u00e9di\u00e9 \u00e0 la poudreuse ! D\u00e9couvrez les plaisirs du ski hors-piste tout en apprenant les bonnes techniques. Avec nos conseils, vous allez devenir un expert. R\u00e9servez d\u00e8s maintenant votre aventure pour faire le plein de poudreuse.[\/vc_column_text][vc_btn title=&#8221;R\u00e9servez maintenant&#8221; style=&#8221;outline&#8221; color=&#8221;sky&#8221; align=&#8221;left&#8221; link=&#8221;url:https%3A%2F%2Fbooking.yoplanning.pro%2F3e1c56a8-789e-480c-9cd1-5375ac708380%2F%3Ftag%3Dd0f4f187-2866-4e45-b2b4-10c180c6d3dc|target:_blank|&#8221;][\/vc_column][vc_column width=&#8221;1\/3&#8243;][vc_single_image image=&#8221;232398&#8243; img_size=&#8221;400&#215;250&#8243; style=&#8221;vc_box_rounded&#8221; css=&#8221;.vc_custom_1763633490665{background-position: center !important;background-repeat: no-repeat !important;background-size: cover !important;}&#8221;][vc_column_text css=&#8221;.vc_custom_1763633354752{padding-right: 20% !important;}&#8221;]<\/p>\n<h6><strong>Cours priv\u00e9s<\/strong><\/h6>\n<p>Ski, snowboard, freestyle ou hors-piste\u2026 profitez de cours priv\u00e9s sur-mesure dans toutes nos stations Oxyski des Alpes fran\u00e7aises. Avec un moniteur Oxyski, venez profiter de nos cours particuliers pour progresser et am\u00e9liorer votre glisse. Les cours priv\u00e9s sont disponibles pour toutes les disciplines. Vous pouvez choisir d\u2019\u00eatre seul ou de partager ce moment avec vos amis ou des membres de votre famille.[\/vc_column_text][vc_btn title=&#8221;R\u00e9servez maintenant&#8221; style=&#8221;outline&#8221; color=&#8221;sky&#8221; align=&#8221;left&#8221; link=&#8221;url:https%3A%2F%2Fbooking.yoplanning.pro%2F3e1c56a8-789e-480c-9cd1-5375ac708380%2F%3Ftag%3Dd3f4fe27-8f7b-4f13-9730-37d814abff85|target:_blank|&#8221;][\/vc_column][vc_column width=&#8221;1\/3&#8243;][\/vc_column][\/vc_row][vc_row][vc_column][vc_empty_space height=&#8221;70px&#8221;][\/vc_column][\/vc_row][vc_row css=&#8221;.vc_custom_1723108681859{margin-right: 5% !important;margin-left: 5% !important;}&#8221;][vc_column width=&#8221;1\/2&#8243;][vc_column_text]<\/p>\n<h2 style=\"text-align: left;\"><span style=\"color: #00adef;\">POINT DE RENDEZ-VOUS<\/span><\/h2>\n<div id=\"gtx-trans\" style=\"position: absolute; left: -67px; top: -0.5625px;\">\n<div class=\"gtx-trans-icon\"><\/div>\n<\/div>\n<p>[\/vc_column_text][vc_column_text css=&#8221;.vc_custom_1763633902815{margin-right: 25% !important;}&#8221;]<\/p>\n<p data-start=\"3070\" data-end=\"3364\">Le point de rendez-vous pour le d\u00e9part des cours est situ\u00e9 sur la zone plane au bas des pistes du Mont d\u2019Arbois. Vous verrez nos panneaux bleus Oxyski entre la t\u00e9l\u00e9cabine du Mont d\u2019Arbois et le d\u00e9part du t\u00e9l\u00e9ski PT Vorasset, o\u00f9 se trouve notre jardin d\u2019enfants.<\/p>\n<p data-start=\"3366\" data-end=\"3722\">Il y a un acc\u00e8s direct depuis le parking du Mont d\u2019Arbois, et l\u2019arr\u00eat de bus se trouve seulement \u00e0 50 m\u00e8tres. La t\u00e9l\u00e9cabine Rocharbois depuis Caboche vous am\u00e8ne \u00e0 30 m\u00e8tres du d\u00e9part des cours. De l\u00e0, cherchez nos drapeaux Oxyski, nos moniteurs en bleu et orange (et nos ondes de bonne humeur !). Ne vous inqui\u00e9tez pas, vous ne pouvez pas nous rater.<\/p>\n<p>[\/vc_column_text][vc_btn title=&#8221;Google Maps&#8221; align=&#8221;left&#8221; link=&#8221;url:https%3A%2F%2Fwww.google.fr%2Fmaps%2Fplace%2F45%C2%B051%2712.9%2522N%2B6%C2%B037%2756.9%2522E%2F%4045.8535833%2C6.6324722%2C17z%2Fdata%3D%213m1%214b1%214m4%213m3%218m2%213d45.8535833%214d6.6324722%3Fentry%3Dttu%26g_ep%3DEgoyMDI1MTExNy4wIKXMDSoASAFQAw%253D%253D|title:Google%20Maps%20Meg%C3%A8ve%20|target:_blank|&#8221;][\/vc_column][vc_column width=&#8221;1\/2&#8243; el_class=&#8221;image-column-remove-padding image-headband&#8221;][vc_single_image image=&#8221;232422&#8243; img_size=&#8221;full&#8221; style=&#8221;vc_box_rounded&#8221; el_class=&#8221;image-headband-frontpage&#8221;][\/vc_column][\/vc_row][vc_row][vc_column][vc_empty_space height=&#8221;30px&#8221;][\/vc_column][\/vc_row][vc_row css=&#8221;.vc_custom_1723108681859{margin-right: 5% !important;margin-left: 5% !important;}&#8221;][vc_column width=&#8221;1\/2&#8243;][vc_single_image image=&#8221;232550&#8243; img_size=&#8221;full&#8221; style=&#8221;vc_box_rounded&#8221; el_class=&#8221;image-headband-frontpage&#8221;][\/vc_column][vc_column width=&#8221;1\/2&#8243; el_class=&#8221;image-column-remove-padding image-headband&#8221;][vc_column_text]<\/p>\n<h2 style=\"text-align: left;\"><span style=\"color: #00adef;\">SERVICE DE BUS<\/span><\/h2>\n<div id=\"gtx-trans\" style=\"position: absolute; left: -67px; top: -0.5625px;\">\n<div class=\"gtx-trans-icon\"><\/div>\n<\/div>\n<p>[\/vc_column_text][vc_column_text css=&#8221;.vc_custom_1763634359162{margin-right: 25% !important;}&#8221;]<\/p>\n<p data-start=\"3729\" data-end=\"3768\">Bonne nouvelle !<\/p>\n<p data-start=\"3770\" data-end=\"4024\">Des navettes gratuites, mises en place par la station, circulent tout l\u2019hiver \u00e0 Meg\u00e8ve. Trois lignes de bus connectent le centre de Meg\u00e8ve \u00e0 Rochebrune, Mont d\u2019Arbois\/C\u00f4te 2000 et Cassioz, facilitant vos d\u00e9placements entre les pistes et votre logement.<\/p>\n<p>[\/vc_column_text][vc_btn title=&#8221;Plus d&#8217;infos&#8221; align=&#8221;left&#8221; link=&#8221;url:https%3A%2F%2Fwww.megeve-tourisme.fr%2Fcommerce-service%2Fnavettes-meg-bus%2F|title:Service%20de%20navette%20gratuite%20Meg%C3%A8ve|target:_blank|&#8221;][\/vc_column][\/vc_row][vc_row][vc_column][vc_empty_space height=&#8221;30px&#8221;][\/vc_column][\/vc_row][vc_row css=&#8221;.vc_custom_1767862874448{margin-right: 5% !important;margin-left: 5% !important;}&#8221;][vc_column width=&#8221;1\/2&#8243;][vc_column_text]<\/p>\n<h2><span style=\"color: #00adef;\">LOCATION DE SKI \u00c0 MEG\u00c8VE<\/span><\/h2>\n<p>[\/vc_column_text][vc_column_text]Vous cherchez la meilleure location de skis \u00e0 Meg\u00e8ve ?<br \/>\nFaites confiance \u00e0 Duvillard Sports, situ\u00e9 au Mont d\u2019Arbois, une v\u00e9ritable institution du ski fond\u00e9e en 1960.[\/vc_column_text][\/vc_column][vc_column width=&#8221;1\/2&#8243;][vc_single_image image=&#8221;233580&#8243; img_size=&#8221;250&#215;250&#8243; alignment=&#8221;center&#8221; onclick=&#8221;custom_link&#8221; img_link_target=&#8221;_blank&#8221; link=&#8221;https:\/\/www.duvillardsports-megeve.com&#8221;][\/vc_column][\/vc_row][vc_row][vc_column][vc_empty_space height=&#8221;30px&#8221;][\/vc_column][\/vc_row][vc_row css=&#8221;.vc_custom_1723108765228{margin-right: 5% !important;margin-left: 5% !important;}&#8221;][vc_column][vc_column_text]<\/p>\n<h3 style=\"text-align: center;\"><span style=\"color: #00adef;\">DES QUESTIONS ? CONTACTEZ-NOUS<\/span><\/h3>\n<p>[\/vc_column_text][vc_empty_space height=&#8221;30px&#8221;][vc_row_inner][vc_column_inner width=&#8221;1\/4&#8243;][vc_single_image image=&#8221;232349&#8243; img_size=&#8221;medium&#8221; alignment=&#8221;center&#8221;][vc_column_text]<\/p>\n<p style=\"text-align: center;\">\u00c9cole de Ski et Snowboard Oxyski <strong>Meg\u00e8ve<\/strong>.<br \/>\nN\u2019h\u00e9sitez pas \u00e0 nous appeler. Nous serons ravis de vous aider.<\/p>\n<div id=\"gtx-trans\" style=\"position: absolute; left: 465px; top: -10px;\">\n<div class=\"gtx-trans-icon\" style=\"text-align: center;\"><\/div>\n<\/div>\n<p>[\/vc_column_text][vc_btn title=&#8221;+33 (0)4 50 58 78 88&#8243; align=&#8221;center&#8221; link=&#8221;url:tel%3A%20%2B33450587888|title:%2B33450587888|target:_blank|&#8221;][\/vc_column_inner][vc_column_inner width=&#8221;1\/4&#8243;][vc_single_image image=&#8221;233653&#8243; img_size=&#8221;medium&#8221; alignment=&#8221;center&#8221;][vc_column_text]<\/p>\n<p style=\"text-align: center;\">Vouspouvez aussi nous contacter directement sur WhatsApp.<\/p>\n<p>[\/vc_column_text][vc_btn title=&#8221;+33 (0)6 70 61 30 04&#8243; align=&#8221;center&#8221; link=&#8221;url:https%3A%2F%2Fwa.me%2F33612345678|title:%2B33670613004|target:_blank|&#8221;][\/vc_column_inner][vc_column_inner width=&#8221;1\/4&#8243;][vc_single_image image=&#8221;232345&#8243; alignment=&#8221;center&#8221;][vc_column_text]<\/p>\n<p style=\"text-align: center;\">Vous pouvez \u00e9galement contacter directement notre \u00e9quipe de r\u00e9servation par e-mail.<\/p>\n<p>[\/vc_column_text][vc_btn title=&#8221;megeve@oxyski.com&#8221; align=&#8221;center&#8221; link=&#8221;url:mailto%3A%20megeve%40oxyski.com|title:Meg%C3%A8ve%20adresse%20email|target:_blank|&#8221;][\/vc_column_inner][vc_column_inner width=&#8221;1\/4&#8243;][vc_single_image image=&#8221;232347&#8243; img_size=&#8221;medium&#8221; alignment=&#8221;center&#8221;][vc_column_text]<\/p>\n<p class=\"DUwDvf lfPIob\" style=\"text-align: center;\">\u00c9cole de Ski et Snowboard Oxyski <strong>Meg\u00e8ve<\/strong><br \/>\n279 rue de la Poste \u2013 74120 Meg\u00e8ve<\/p>\n<div id=\"gtx-trans\" style=\"position: absolute; left: 737px; top: -10px;\">\n<div class=\"gtx-trans-icon\"><\/div>\n<\/div>\n<p>[\/vc_column_text][vc_btn title=&#8221;Google maps&#8221; align=&#8221;center&#8221; link=&#8221;url:https%3A%2F%2Fmaps.app.goo.gl%2FCkmdBjcP6ez7Erts9|title:Meg%C3%A8ve%20Oxyski%20office|target:_blank|&#8221;][\/vc_column_inner][\/vc_row_inner][vc_empty_space height=&#8221;30px&#8221;][\/vc_column][\/vc_row]<\/p>\n","protected":false},"excerpt":{"rendered":"<p>[vc_row][vc_column][vc_single_image image=&#8221;233368&#8243; img_size=&#8221;2000&#215;600&#8243; el_class=&#8221;image-headband-frontpage-main&#8221;][\/vc_column][\/vc_row][vc_row][vc_column][vc_empty_space height=&#8221;20px&#8221;][\/vc_column][\/vc_row][vc_row css=&#8221;.vc_custom_1723108676047{margin-right: 5% !important;margin-left: 5% !important;}&#8221;][vc_column width=&#8221;1\/2&#8243;][vc_column_text] BIENVENUE \u00c0 MEG\u00c8VE [\/vc_column_text][vc_column_text css=&#8221;.vc_custom_1763393810420{margin-right: 20px !important;}&#8221;] Meg\u00e8ve est une station connue pour accueillir c\u00e9l\u00e9brit\u00e9s et grandes fortunes depuis les ann\u00e9es 1920. Ces derni\u00e8res aiment profiter du calme, des pistes, du charme et de l\u2019art de vivre. De nos jours, la station a su [&hellip;]<\/p>\n","protected":false},"author":6243,"featured_media":0,"parent":0,"menu_order":3,"comment_status":"closed","ping_status":"closed","template":"page-full-width.php","meta":[],"yoast_head":"<!-- This site is optimized with the Yoast SEO plugin v17.6 - https:\/\/yoast.com\/wordpress\/plugins\/seo\/ -->\n<title>Meg\u00e8ve | Oxyski \u00c9cole de ski &amp; snowboard<\/title>\n<meta name=\"description\" content=\"Oxyski Meg\u00e8ve, votre \u00e9cole de ski qui propose un large \u00e9ventail de cours collectifs, de cours priv\u00e9s, de sessions hors-piste et d&#039;activit\u00e9s.\" \/>\n<meta name=\"robots\" content=\"index, follow, max-snippet:-1, max-image-preview:large, max-video-preview:-1\" \/>\n<link rel=\"canonical\" href=\"https:\/\/oxyski.com\/fr\/ecole-de-ski-megeve\/\" \/>\n<meta property=\"og:locale\" content=\"fr_FR\" \/>\n<meta property=\"og:type\" content=\"article\" \/>\n<meta property=\"og:title\" content=\"Meg\u00e8ve | Oxyski \u00c9cole de ski &amp; snowboard\" \/>\n<meta property=\"og:description\" content=\"Oxyski Meg\u00e8ve, votre \u00e9cole de ski qui propose un large \u00e9ventail de cours collectifs, de cours priv\u00e9s, de sessions hors-piste et d&#039;activit\u00e9s.\" \/>\n<meta property=\"og:url\" content=\"https:\/\/oxyski.com\/fr\/ecole-de-ski-megeve\/\" \/>\n<meta property=\"og:site_name\" content=\"Oxyski\" \/>\n<meta property=\"article:publisher\" content=\"https:\/\/www.facebook.com\/OxygeneSki\" \/>\n<meta property=\"article:modified_time\" content=\"2026-01-27T14:57:27+00:00\" \/>\n<meta name=\"twitter:card\" content=\"summary\" \/>\n<meta name=\"twitter:site\" content=\"@Oxygene_Ski\" \/>\n<meta name=\"twitter:label1\" content=\"Est. reading time\" \/>\n\t<meta name=\"twitter:data1\" content=\"10 minutes\" \/>\n<script type=\"application\/ld+json\" class=\"yoast-schema-graph\">{\"@context\":\"https:\/\/schema.org\",\"@graph\":[{\"@type\":\"WebSite\",\"@id\":\"https:\/\/oxyski.com\/#website\",\"url\":\"https:\/\/oxyski.com\/\",\"name\":\"Oxyski\",\"description\":\"\",\"potentialAction\":[{\"@type\":\"SearchAction\",\"target\":{\"@type\":\"EntryPoint\",\"urlTemplate\":\"https:\/\/oxyski.com\/?s={search_term_string}\"},\"query-input\":\"required name=search_term_string\"}],\"inLanguage\":\"fr\"},{\"@type\":\"WebPage\",\"@id\":\"https:\/\/oxyski.com\/fr\/ecole-de-ski-megeve\/#webpage\",\"url\":\"https:\/\/oxyski.com\/fr\/ecole-de-ski-megeve\/\",\"name\":\"Meg\\u00e8ve | Oxyski \\u00c9cole de ski & snowboard\",\"isPartOf\":{\"@id\":\"https:\/\/oxyski.com\/#website\"},\"datePublished\":\"2025-11-25T14:38:17+00:00\",\"dateModified\":\"2026-01-27T14:57:27+00:00\",\"description\":\"Oxyski Meg\\u00e8ve, votre \\u00e9cole de ski qui propose un large \\u00e9ventail de cours collectifs, de cours priv\\u00e9s, de sessions hors-piste et d'activit\\u00e9s.\",\"breadcrumb\":{\"@id\":\"https:\/\/oxyski.com\/fr\/ecole-de-ski-megeve\/#breadcrumb\"},\"inLanguage\":\"fr\",\"potentialAction\":[{\"@type\":\"ReadAction\",\"target\":[\"https:\/\/oxyski.com\/fr\/ecole-de-ski-megeve\/\"]}]},{\"@type\":\"BreadcrumbList\",\"@id\":\"https:\/\/oxyski.com\/fr\/ecole-de-ski-megeve\/#breadcrumb\",\"itemListElement\":[{\"@type\":\"ListItem\",\"position\":1,\"name\":\"Home\",\"item\":\"https:\/\/oxyski.com\/fr\/accueil\/\"},{\"@type\":\"ListItem\",\"position\":2,\"name\":\"Meg\\u00e8ve\"}]}]}<\/script>\n<!-- \/ Yoast SEO plugin. -->","yoast_head_json":{"title":"Meg\u00e8ve | Oxyski \u00c9cole de ski & snowboard","description":"Oxyski Meg\u00e8ve, votre \u00e9cole de ski qui propose un large \u00e9ventail de cours collectifs, de cours priv\u00e9s, de sessions hors-piste et d'activit\u00e9s.","robots":{"index":"index","follow":"follow","max-snippet":"max-snippet:-1","max-image-preview":"max-image-preview:large","max-video-preview":"max-video-preview:-1"},"canonical":"https:\/\/oxyski.com\/fr\/ecole-de-ski-megeve\/","og_locale":"fr_FR","og_type":"article","og_title":"Meg\u00e8ve | Oxyski \u00c9cole de ski & snowboard","og_description":"Oxyski Meg\u00e8ve, votre \u00e9cole de ski qui propose un large \u00e9ventail de cours collectifs, de cours priv\u00e9s, de sessions hors-piste et d'activit\u00e9s.","og_url":"https:\/\/oxyski.com\/fr\/ecole-de-ski-megeve\/","og_site_name":"Oxyski","article_publisher":"https:\/\/www.facebook.com\/OxygeneSki","article_modified_time":"2026-01-27T14:57:27+00:00","twitter_card":"summary","twitter_site":"@Oxygene_Ski","twitter_misc":{"Est. reading time":"10 minutes"},"schema":{"@context":"https:\/\/schema.org","@graph":[{"@type":"WebSite","@id":"https:\/\/oxyski.com\/#website","url":"https:\/\/oxyski.com\/","name":"Oxyski","description":"","potentialAction":[{"@type":"SearchAction","target":{"@type":"EntryPoint","urlTemplate":"https:\/\/oxyski.com\/?s={search_term_string}"},"query-input":"required name=search_term_string"}],"inLanguage":"fr"},{"@type":"WebPage","@id":"https:\/\/oxyski.com\/fr\/ecole-de-ski-megeve\/#webpage","url":"https:\/\/oxyski.com\/fr\/ecole-de-ski-megeve\/","name":"Meg\u00e8ve | Oxyski \u00c9cole de ski & snowboard","isPartOf":{"@id":"https:\/\/oxyski.com\/#website"},"datePublished":"2025-11-25T14:38:17+00:00","dateModified":"2026-01-27T14:57:27+00:00","description":"Oxyski Meg\u00e8ve, votre \u00e9cole de ski qui propose un large \u00e9ventail de cours collectifs, de cours priv\u00e9s, de sessions hors-piste et d'activit\u00e9s.","breadcrumb":{"@id":"https:\/\/oxyski.com\/fr\/ecole-de-ski-megeve\/#breadcrumb"},"inLanguage":"fr","potentialAction":[{"@type":"ReadAction","target":["https:\/\/oxyski.com\/fr\/ecole-de-ski-megeve\/"]}]},{"@type":"BreadcrumbList","@id":"https:\/\/oxyski.com\/fr\/ecole-de-ski-megeve\/#breadcrumb","itemListElement":[{"@type":"ListItem","position":1,"name":"Home","item":"https:\/\/oxyski.com\/fr\/accueil\/"},{"@type":"ListItem","position":2,"name":"Meg\u00e8ve"}]}]}},"_links":{"self":[{"href":"https:\/\/oxyski.com\/fr\/wp-json\/wp\/v2\/pages\/232918"}],"collection":[{"href":"https:\/\/oxyski.com\/fr\/wp-json\/wp\/v2\/pages"}],"about":[{"href":"https:\/\/oxyski.com\/fr\/wp-json\/wp\/v2\/types\/page"}],"author":[{"embeddable":true,"href":"https:\/\/oxyski.com\/fr\/wp-json\/wp\/v2\/users\/6243"}],"replies":[{"embeddable":true,"href":"https:\/\/oxyski.com\/fr\/wp-json\/wp\/v2\/comments?post=232918"}],"version-history":[{"count":48,"href":"https:\/\/oxyski.com\/fr\/wp-json\/wp\/v2\/pages\/232918\/revisions"}],"predecessor-version":[{"id":233829,"href":"https:\/\/oxyski.com\/fr\/wp-json\/wp\/v2\/pages\/232918\/revisions\/233829"}],"wp:attachment":[{"href":"https:\/\/oxyski.com\/fr\/wp-json\/wp\/v2\/media?parent=232918"}],"curies":[{"name":"wp","href":"https:\/\/api.w.org\/{rel}","templated":true}]}}