{"id":232914,"date":"2025-11-25T15:24:16","date_gmt":"2025-11-25T14:24:16","guid":{"rendered":"https:\/\/oxyski.com\/le-grand-bornand\/"},"modified":"2026-04-10T10:30:34","modified_gmt":"2026-04-10T08:30:34","slug":"ecole-de-ski-grand-bornand","status":"publish","type":"page","link":"https:\/\/oxyski.com\/fr\/ecole-de-ski-grand-bornand\/","title":{"rendered":"Le Grand-Bornand"},"content":{"rendered":"<p>[vc_row][vc_column][vc_single_image image=&#8221;232130&#8243; img_size=&#8221;2000&#215;600&#8243; el_class=&#8221;image-headband-frontpage-main&#8221;][\/vc_column][\/vc_row][vc_row][vc_column][vc_empty_space height=&#8221;20px&#8221;][\/vc_column][\/vc_row][vc_row css=&#8221;.vc_custom_1723108676047{margin-right: 5% !important;margin-left: 5% !important;}&#8221;][vc_column width=&#8221;1\/2&#8243;][vc_column_text]<\/p>\n<h1 style=\"text-align: left;\"><span style=\"color: #00adef;\">BIENVENUE AU GRAND-BORNAND<\/span><\/h1>\n<p>[\/vc_column_text][vc_column_text css=&#8221;.vc_custom_1769502155610{margin-right: 20px !important;}&#8221;]<\/p>\n<p data-start=\"133\" data-end=\"580\">Bienvenue chez <strong data-start=\"181\" data-end=\"205\">Oxyski au Grand-Bornand<\/strong>. Tous les membres de notre \u00e9quipe sont de fervents passionn\u00e9s de montagne et vous proposent le meilleur des cours collectifs et priv\u00e9s en ski ou en snowboard. Avec une grande vari\u00e9t\u00e9 de pistes, le Grand-Bornand est id\u00e9al pour les skieurs et snowboarders d\u00e9butants et interm\u00e9diaires. Les familles appr\u00e9cieront tout particuli\u00e8rement l\u2019authenticit\u00e9 de ce village de montagne.<\/p>\n<p data-start=\"582\" data-end=\"1188\">Le Grand-Bornand est l\u2019un des plus beaux villages des Alpes fran\u00e7aises, alliant parfaitement charme, authenticit\u00e9 et infrastructures modernes. Au c\u0153ur du massif des Aravis, entre Gen\u00e8ve et Annecy, le village est id\u00e9alement situ\u00e9. La station est divis\u00e9e en deux hameaux : Grand-Bornand Village, \u00e0 1 000 m\u00e8tres d\u2019altitude o\u00f9 se trouvent la plupart des r\u00e9sidences et des commerces, et le Chinaillon \u00e0 1 300 m\u00e8tres, o\u00f9 se situent le vieux village datant du XVII\u1d49 si\u00e8cle, ainsi que les principaux d\u00e9parts des remont\u00e9es m\u00e9caniques.<\/p>\n<p>[\/vc_column_text][vc_column_text]<\/p>\n<p style=\"text-align: left;\"><strong>Ouvert du 14 d\u00e9cembre au 18 avril 2026.<\/strong> Plus de 47 pistes sur plus de 90 km.<\/p>\n<p>[\/vc_column_text][vc_row_inner][vc_column_inner width=&#8221;1\/2&#8243;][vc_btn title=&#8221;Trouvez votre niveau de ski ici !&#8221; align=&#8221;center&#8221; link=&#8221;url:https%3A%2F%2Foxyski.com%2Ffr%2Fguide-des-niveaux%2F|title:Guide%20des%20niveaux|target:_blank|&#8221;][\/vc_column_inner][vc_column_inner width=&#8221;1\/2&#8243;][vc_btn title=&#8221;Le Grand-Bornand piste map&#8221; align=&#8221;center&#8221; link=&#8221;url:https%3A%2F%2Fwww.legrandbornand.com%2Fouvertures-des-pistes-et-remontees-mecaniques%2F|title:Plan%20des%20pistes%20du%20Grand-Bornand|target:_blank|&#8221;][\/vc_column_inner][\/vc_row_inner][\/vc_column][vc_column width=&#8221;1\/2&#8243; el_class=&#8221;image-column-remove-padding image-headband&#8221;][vc_single_image image=&#8221;232410&#8243; img_size=&#8221;full&#8221; style=&#8221;vc_box_rounded&#8221; el_class=&#8221;image-headband-frontpage&#8221;][\/vc_column][\/vc_row][vc_row css=&#8221;.vc_custom_1751975823766{margin-right: 5% !important;margin-left: 5% !important;}&#8221;][vc_column][vc_empty_space height=&#8221;30px&#8221;][vc_column_text]<\/p>\n<h2 style=\"text-align: left;\"><span style=\"color: #00adef;\">NOS COURS<\/span><\/h2>\n<p>[\/vc_column_text][\/vc_column][\/vc_row][vc_row css=&#8221;.vc_custom_1723108733576{margin-right: 5% !important;margin-left: 5% !important;}&#8221;][vc_column width=&#8221;1\/4&#8243;][vc_single_image image=&#8221;225819&#8243; img_size=&#8221;400&#215;250&#8243; style=&#8221;vc_box_rounded&#8221; css=&#8221;.vc_custom_1762788804214{background-position: center !important;background-repeat: no-repeat !important;background-size: cover !important;}&#8221;][vc_column_text css=&#8221;.vc_custom_1763387312470{padding-right: 20% !important;}&#8221;]<\/p>\n<h6><strong>Cours collectifs enfants<\/strong><\/h6>\n<p>Nous proposons des cours de ski collectifs pour enfants de tous niveaux et tous \u00e2ges. Les cours sont organis\u00e9s avec un nombre limit\u00e9 de participants. Nos sessions visent \u00e0 renforcer la confiance et am\u00e9liorer la technique de ski.[\/vc_column_text][vc_btn title=&#8221;R\u00e9servez maintenant&#8221; style=&#8221;outline&#8221; color=&#8221;sky&#8221; align=&#8221;left&#8221; link=&#8221;url:https%3A%2F%2Fbooking.yoplanning.pro%2Ff0aef664-7968-48d9-9910-faf227b931b8%2F%3Ftag%3D13c785fd-f602-4c4c-8bab-b2ddc15e1dfd|target:_blank|&#8221;][\/vc_column][vc_column width=&#8221;1\/4&#8243;][vc_single_image image=&#8221;225772&#8243; img_size=&#8221;400&#215;250&#8243; style=&#8221;vc_box_rounded&#8221; css=&#8221;.vc_custom_1762788816891{background-position: center !important;background-repeat: no-repeat !important;background-size: cover !important;}&#8221;][vc_column_text css=&#8221;.vc_custom_1763387297712{padding-right: 20% !important;}&#8221;]<\/p>\n<h6><strong>Cours collectifs adolescents<\/strong><\/h6>\n<p>Pr\u00eat \u00e0 rider plus fort ? Ces cours sont faits pour les ados entre 12 et 17 ans qui veulent booster leur style, progresser vite et repousser leurs limites. Plus de technique, plus de confiance\u2026 et surtout plus de fun sur les pistes ![\/vc_column_text][vc_btn title=&#8221;R\u00e9servez maintenant&#8221; style=&#8221;outline&#8221; color=&#8221;sky&#8221; align=&#8221;left&#8221; link=&#8221;url:https%3A%2F%2Fbooking.yoplanning.pro%2Ff0aef664-7968-48d9-9910-faf227b931b8%2Fproduct%2Fabd44020-bfe5-46f8-b81c-dd5e5fa17066|target:_blank|&#8221;][\/vc_column][vc_column width=&#8221;1\/4&#8243;][vc_single_image image=&#8221;232486&#8243; img_size=&#8221;400&#215;250&#8243; style=&#8221;vc_box_rounded&#8221; css=&#8221;.vc_custom_1763384129424{background-position: center !important;background-repeat: no-repeat !important;background-size: cover !important;}&#8221;][vc_column_text css=&#8221;.vc_custom_1763387272720{padding-right: 20% !important;}&#8221;]<\/p>\n<h6><strong>Cours collectifs adultes<\/strong><\/h6>\n<p>Chez Oxyski, vous trouverez des cours collectifs adultes. Des tranquilles premi\u00e8res courbes sur piste pour les d\u00e9butants jusqu\u2019aux fans d\u2019adr\u00e9naline, nous vous emmenons l\u00e0 o\u00f9 vous le souhaitez, en ski comme en snowboard.[\/vc_column_text][vc_btn title=&#8221;R\u00e9servez maintenant&#8221; style=&#8221;outline&#8221; color=&#8221;sky&#8221; align=&#8221;left&#8221; link=&#8221;url:https%3A%2F%2Fbooking.yoplanning.pro%2Ff0aef664-7968-48d9-9910-faf227b931b8%2F%3Ftag%3D73c0c197-5cba-4892-956c-892954625637|target:_blank|&#8221;][\/vc_column][vc_column width=&#8221;1\/4&#8243;][vc_single_image image=&#8221;225785&#8243; img_size=&#8221;400&#215;250&#8243; style=&#8221;vc_box_rounded&#8221; css=&#8221;.vc_custom_1762788860993{background-position: center !important;background-repeat: no-repeat !important;background-size: cover !important;}&#8221;][vc_column_text css=&#8221;.vc_custom_1769585574831{padding-right: 20% !important;}&#8221;]<\/p>\n<h6><strong>Cours collectifs snowboard<\/strong><\/h6>\n<p>Profitez de cours collectifs de snowboard au Grand-Bornand. Les d\u00e9butants d\u00e9couvriront cette discipline qui n\u2019aura plus de secrets pour eux, et les riders confirm\u00e9s pourront affiner leur technique tout en profitant du domaine.[\/vc_column_text][vc_btn title=&#8221;R\u00e9servez maintenant&#8221; style=&#8221;outline&#8221; color=&#8221;sky&#8221; align=&#8221;left&#8221; link=&#8221;url:https%3A%2F%2Fbooking.yoplanning.pro%2Ff0aef664-7968-48d9-9910-faf227b931b8%2F%3Ftag%3D6d4a0adc-4247-4c9b-b1d5-026a0bb30fa4|target:_blank|&#8221;][\/vc_column][\/vc_row][vc_row][vc_column][vc_empty_space height=&#8221;25px&#8221;][\/vc_column][\/vc_row][vc_row css=&#8221;.vc_custom_1723108748514{margin-right: 5% !important;margin-left: 5% !important;}&#8221;][vc_column width=&#8221;1\/4&#8243;][vc_single_image image=&#8221;232146&#8243; img_size=&#8221;400&#215;250&#8243; style=&#8221;vc_box_rounded&#8221; css=&#8221;.vc_custom_1763384841616{background-position: center !important;background-repeat: no-repeat !important;background-size: cover !important;}&#8221;][vc_column_text css=&#8221;.vc_custom_1763387195494{padding-right: 20% !important;}&#8221;]<\/p>\n<h6><strong>Cours priv\u00e9s<\/strong><\/h6>\n<p>Ski, snowboard, freestyle ou hors-piste\u2026 profitez de cours priv\u00e9s sur-mesure dans toutes nos stations Oxyski des Alpes fran\u00e7aises. Avec un moniteur Oxyski, venez profiter de nos cours particuliers pour progresser et am\u00e9liorer votre glisse. Les cours priv\u00e9s sont disponibles pour toutes les disciplines. Vous pouvez choisir d\u2019\u00eatre seul ou de partager ce moment avec vos amis ou des membres de votre famille.[\/vc_column_text][vc_btn title=&#8221;R\u00e9servez maintenant&#8221; style=&#8221;outline&#8221; color=&#8221;sky&#8221; align=&#8221;left&#8221; link=&#8221;url:https%3A%2F%2Fbooking.yoplanning.pro%2Ff0aef664-7968-48d9-9910-faf227b931b8%2F%3Ftag%3D6dd74eb0-a992-43a9-968c-560e457bd6e1|target:_blank|&#8221;][\/vc_column][vc_column width=&#8221;1\/4&#8243;][vc_single_image image=&#8221;232509&#8243; img_size=&#8221;400&#215;250&#8243; style=&#8221;vc_box_rounded&#8221; css=&#8221;.vc_custom_1763385483267{background-position: center !important;background-repeat: no-repeat !important;background-size: cover !important;}&#8221;][vc_column_text css=&#8221;.vc_custom_1763391534574{padding-right: 20% !important;}&#8221;]<\/p>\n<h6><strong>Hors-piste<\/strong><\/h6>\n<p>Laissez parler votre c\u00f4t\u00e9 aventurier et go\u00fbtez aux sensations uniques de nos sorties hors-piste avec l\u2019\u00e9cole de ski Oxyski. Offrez-vous un moment de ski d\u00e9di\u00e9 \u00e0 la poudreuse ! D\u00e9couvrez les plaisirs du ski hors-piste tout en apprenant les bonnes techniques. Avec les conseils de nos moniteurs Oxyski, vous allez devenir un expert. R\u00e9servez d\u00e8s maintenant votre aventure dans la poudreuse.[\/vc_column_text][vc_btn title=&#8221;R\u00e9servez maintenant&#8221; style=&#8221;outline&#8221; color=&#8221;sky&#8221; align=&#8221;left&#8221; link=&#8221;url:https%3A%2F%2Fbooking.yoplanning.pro%2Ff0aef664-7968-48d9-9910-faf227b931b8%2F%3Ftag%3D31c20393-1383-4d19-a60b-00a81256b132|target:_blank|&#8221;][\/vc_column][vc_column width=&#8221;1\/4&#8243;][vc_single_image image=&#8221;232507&#8243; img_size=&#8221;400&#215;250&#8243; style=&#8221;vc_box_rounded&#8221; css=&#8221;.vc_custom_1763385467461{background-position: center !important;background-repeat: no-repeat !important;background-size: cover !important;}&#8221;][vc_column_text css=&#8221;.vc_custom_1763391591891{padding-right: 20% !important;}&#8221;]<\/p>\n<h6><strong>Handiski<\/strong><\/h6>\n<p>Avec Oxyski, l\u2019handiski rime avec autonomie sur les pistes. Depuis 25 ans, Oxyski s\u2019engage \u00e0 rendre les joies de la glisse accessibles aux personnes \u00e0 mobilit\u00e9 r\u00e9duite ou ayant des besoins sp\u00e9cifiques. Nous offrons des cours de handiski personnalis\u00e9s, con\u00e7us pour r\u00e9pondre \u00e0 vos envies de glisse.[\/vc_column_text][vc_btn title=&#8221;R\u00e9servez maintenant&#8221; style=&#8221;outline&#8221; color=&#8221;sky&#8221; align=&#8221;left&#8221; link=&#8221;url:https%3A%2F%2Fbooking.yoplanning.pro%2Ff0aef664-7968-48d9-9910-faf227b931b8%2F%3Ftag%3Df691da04-0b19-4a15-913f-ddc94aee040f|target:_blank|&#8221;][\/vc_column][vc_column width=&#8221;1\/4&#8243;][vc_single_image image=&#8221;213640&#8243; img_size=&#8221;400&#215;250&#8243; style=&#8221;vc_box_rounded&#8221; css=&#8221;.vc_custom_1763386707716{background-position: center !important;background-repeat: no-repeat !important;background-size: cover !important;}&#8221;][vc_column_text css=&#8221;.vc_custom_1769502205122{padding-right: 20% !important;}&#8221;]<\/p>\n<h6><strong>Activit\u00e9s outdoor<\/strong><\/h6>\n<p>Oxyski, c\u2019est du ski et du snowboard sous toutes ses formes, mais pas que ! Vous pouvez aussi profiter de la neige et de l\u2019apr\u00e8s-ski en d\u00e9couvrant la montagne autrement gr\u00e2ce \u00e0 nos activit\u00e9s outdoor.[\/vc_column_text][vc_btn title=&#8221;R\u00e9servez maintenant&#8221; style=&#8221;outline&#8221; color=&#8221;sky&#8221; align=&#8221;left&#8221; link=&#8221;url:https%3A%2F%2Fbooking.yoplanning.pro%2Ff0aef664-7968-48d9-9910-faf227b931b8%2F%3Ftag%3Dd6b175ce-b3c0-418b-a8e8-fbc806cfcc3a|target:_blank|&#8221;][\/vc_column][\/vc_row][vc_row][vc_column][vc_empty_space height=&#8221;30px&#8221;][\/vc_column][\/vc_row][vc_row css=&#8221;.vc_custom_1723108681859{margin-right: 5% !important;margin-left: 5% !important;}&#8221;][vc_column width=&#8221;1\/2&#8243;][vc_column_text]<\/p>\n<h2 style=\"text-align: left;\"><span style=\"color: #00adef;\">POINT DE RENDEZ-VOUS<\/span><\/h2>\n<div id=\"gtx-trans\" style=\"position: absolute; left: -67px; top: -0.5625px;\">\n<div class=\"gtx-trans-icon\"><\/div>\n<\/div>\n<p>[\/vc_column_text][vc_column_text css=&#8221;.vc_custom_1769502217733{margin-right: 25% !important;}&#8221;]Cours r\u00e9serv\u00e9 et chaussures aux pieds ? Parfait.<\/p>\n<p>Il est temps de rejoindre le point de rendez-vous pour le d\u00e9part des cours sur le front de neige du Grand-Bornand Chinaillon, entre les t\u00e9l\u00e9si\u00e8ges La Floria et Le Chatelet. Vous apercevrez nos panneaux Oxyski, nos moniteurs en tenue bleue et orange avec leurs grands sourires ! Vous ne pouvez pas nous manquer.[\/vc_column_text][vc_btn title=&#8221;Google Maps&#8221; align=&#8221;left&#8221; link=&#8221;url:https%3A%2F%2Fmaps.app.goo.gl%2FrC7Fp292cgqfc59i6|target:_blank|&#8221;][\/vc_column][vc_column width=&#8221;1\/2&#8243; el_class=&#8221;image-column-remove-padding image-headband&#8221;][vc_single_image image=&#8221;233526&#8243; img_size=&#8221;full&#8221; style=&#8221;vc_box_rounded&#8221; el_class=&#8221;image-headband-frontpage&#8221;][\/vc_column][\/vc_row][vc_row][vc_column][vc_empty_space height=&#8221;30px&#8221;][\/vc_column][\/vc_row][vc_row css=&#8221;.vc_custom_1723108681859{margin-right: 5% !important;margin-left: 5% !important;}&#8221;][vc_column width=&#8221;1\/2&#8243; el_class=&#8221;image-column-remove-padding image-headband&#8221;][vc_single_image image=&#8221;225817&#8243; img_size=&#8221;full&#8221; style=&#8221;vc_box_rounded&#8221; el_class=&#8221;image-headband-frontpage&#8221;][\/vc_column][vc_column width=&#8221;1\/2&#8243;][vc_empty_space height=&#8221;10px&#8221;][vc_column_text]<\/p>\n<h2 style=\"text-align: left;\"><span style=\"color: #00adef;\">VOTRE OXYCLUB LOCAL<\/span><\/h2>\n<div id=\"gtx-trans\" style=\"position: absolute; left: -67px; top: -0.5625px;\">\n<div class=\"gtx-trans-icon\"><\/div>\n<\/div>\n<p>[\/vc_column_text][vc_column_text css=&#8221;.vc_custom_1769502235589{margin-right: 25% !important;}&#8221;]Les enfants du coin vont adorer profiter pleinement des pistes du Grand-Bornand aux c\u00f4t\u00e9s de nos moniteurs fun et bienveillants. C\u2019est l\u2019occasion id\u00e9ale pour eux de d\u00e9couvrir une nouvelle discipline ou de progresser jusqu\u2019\u00e0 devenir de v\u00e9ritables petits champions.<\/p>\n<p>L\u2019Oxyclub fait une pause pendant les vacances scolaires, mais les enfants inscrits \u00e0 l\u2019ann\u00e9e b\u00e9n\u00e9ficient d\u2019une semaine de cours collectifs \u00e0 tarif pr\u00e9f\u00e9rentiel pendant les vacances de No\u00ebl, les vacances de f\u00e9vrier ou les vacances de P\u00e2ques.<br \/>\nLes groupes d\u00e9butants sont limit\u00e9s \u00e0 5 enfants, et les autres niveaux \u00e0 9 maximum, afin de garantir une progression optimale.<\/p>\n<p>Int\u00e9ress\u00e9(e) ? Rien de plus simple : il vous suffit de remplir le formulaire via le lien ci-dessous.[\/vc_column_text][vc_btn title=&#8221;Formulaire Oxyclub&#8221; align=&#8221;left&#8221; link=&#8221;url:https%3A%2F%2Fdocs.google.com%2Fforms%2Fd%2Fe%2F1FAIpQLSfEbr6IyLVFRECaMitL54cgyBRZSofJRAxB1A3U5J5zNtcK_A%2Fviewform|target:_blank|&#8221;][\/vc_column][\/vc_row][vc_row][vc_column][vc_empty_space height=&#8221;30px&#8221;][\/vc_column][\/vc_row][vc_row css=&#8221;.vc_custom_1723108765228{margin-right: 5% !important;margin-left: 5% !important;}&#8221;][vc_column][vc_column_text]<\/p>\n<h3 style=\"text-align: center;\"><span style=\"color: #00adef;\">DES QUESTIONS ? CONTACTEZ-NOUS<\/span><\/h3>\n<p>[\/vc_column_text][vc_empty_space height=&#8221;30px&#8221;][vc_row_inner][vc_column_inner width=&#8221;1\/3&#8243;][vc_single_image image=&#8221;232349&#8243; img_size=&#8221;medium&#8221; alignment=&#8221;center&#8221;][vc_column_text]<\/p>\n<p style=\"text-align: center;\">Oxyski \u00c9cole de Ski &amp; Snowboard <strong>Grand-Bornand<\/strong><br \/>\nJoignable toute l\u2019ann\u00e9e, nous serons ravis de mettre<br \/>\nnotre expertise \u00e0 votre disposition.<\/p>\n<div id=\"gtx-trans\" style=\"position: absolute; left: 465px; top: -10px;\">\n<div class=\"gtx-trans-icon\"><\/div>\n<\/div>\n<p>[\/vc_column_text][vc_btn title=&#8221;+33 (0)4 80 80 60 50&#8243; align=&#8221;center&#8221; link=&#8221;url:tel%3A%20%2B33480806050|title:%2B33480806050|target:_blank|&#8221;][\/vc_column_inner][vc_column_inner width=&#8221;1\/3&#8243;][vc_single_image image=&#8221;232347&#8243; img_size=&#8221;medium&#8221; alignment=&#8221;center&#8221;][vc_column_text]<\/p>\n<p class=\"DUwDvf lfPIob\" style=\"text-align: center;\">Oxyski \u00c9cole de Ski &amp; Snowboard <strong>Grand-Bornand<\/strong><br \/>\nR\u00e9sidence les Amborzales \u2013 7195 Route du Chinaillon \u2013 74450 Le Grand-Bornand<\/p>\n<div id=\"gtx-trans\" style=\"position: absolute; left: 737px; top: -10px;\">\n<div class=\"gtx-trans-icon\"><\/div>\n<\/div>\n<p>[\/vc_column_text][vc_btn title=&#8221;Google maps&#8221; align=&#8221;center&#8221; link=&#8221;url:https%3A%2F%2Fwww.google.com%2Fmaps%2Fplace%2F%25C3%2589cole%2Bde%2BSki%2C%2BSnowboard%2B%2526%2BParapente%2BStarski%2BGrand%2BBornand%2F%4045.9747686%2C6.4548195%2C17z%2Fdata%3D%213m1%214b1%214m6%213m5%211s0x478bf71a3b3aa5ed%3A0x4f75791decf644c8%218m2%213d45.9747686%214d6.4573944%2116s%252Fg%252F11gc6kgct3%3Fentry%3Dttu|target:_blank|&#8221;][\/vc_column_inner][vc_column_inner width=&#8221;1\/3&#8243;][vc_single_image image=&#8221;232345&#8243; alignment=&#8221;center&#8221;][vc_column_text]<\/p>\n<p style=\"text-align: center;\">Vous pouvez \u00e9galement contacter directement notre \u00e9quipe de r\u00e9servation<strong>\u00a0<\/strong>par e-mail.<\/p>\n<p>[\/vc_column_text][vc_btn title=&#8221;grandbornand@oxyski.com&#8221; align=&#8221;center&#8221; link=&#8221;url:mailto%3A%20grandbornand%40oxyski.com|target:_blank|&#8221;][\/vc_column_inner][\/vc_row_inner][vc_empty_space height=&#8221;30px&#8221;][\/vc_column][\/vc_row]<\/p>\n","protected":false},"excerpt":{"rendered":"<p>[vc_row][vc_column][vc_single_image image=&#8221;232130&#8243; img_size=&#8221;2000&#215;600&#8243; el_class=&#8221;image-headband-frontpage-main&#8221;][\/vc_column][\/vc_row][vc_row][vc_column][vc_empty_space height=&#8221;20px&#8221;][\/vc_column][\/vc_row][vc_row css=&#8221;.vc_custom_1723108676047{margin-right: 5% !important;margin-left: 5% !important;}&#8221;][vc_column width=&#8221;1\/2&#8243;][vc_column_text] BIENVENUE AU GRAND-BORNAND [\/vc_column_text][vc_column_text css=&#8221;.vc_custom_1769502155610{margin-right: 20px !important;}&#8221;] Bienvenue chez Oxyski au Grand-Bornand. Tous les membres de notre \u00e9quipe sont de fervents passionn\u00e9s de montagne et vous proposent le meilleur des cours collectifs et priv\u00e9s en ski ou en snowboard. Avec une grande vari\u00e9t\u00e9 de [&hellip;]<\/p>\n","protected":false},"author":6243,"featured_media":0,"parent":0,"menu_order":3,"comment_status":"closed","ping_status":"closed","template":"page-full-width.php","meta":[],"yoast_head":"<!-- This site is optimized with the Yoast SEO plugin v17.6 - https:\/\/yoast.com\/wordpress\/plugins\/seo\/ -->\n<title>Bienvenue au Grand-Bornand | Oxyski \u00c9cole de ski &amp; snowboard<\/title>\n<meta name=\"description\" content=\"Oxyski Grand-Bornand, votre \u00e9cole de ski qui propose un large \u00e9ventail de cours collectifs, de cours priv\u00e9s, de cours handiski et d&#039;activit\u00e9s.\" \/>\n<meta name=\"robots\" content=\"index, follow, max-snippet:-1, max-image-preview:large, max-video-preview:-1\" \/>\n<link rel=\"canonical\" href=\"https:\/\/oxyski.com\/fr\/ecole-de-ski-grand-bornand\/\" \/>\n<meta property=\"og:locale\" content=\"fr_FR\" \/>\n<meta property=\"og:type\" content=\"article\" \/>\n<meta property=\"og:title\" content=\"Bienvenue au Grand-Bornand | Oxyski \u00c9cole de ski &amp; snowboard\" \/>\n<meta property=\"og:description\" content=\"Oxyski Grand-Bornand, votre \u00e9cole de ski qui propose un large \u00e9ventail de cours collectifs, de cours priv\u00e9s, de cours handiski et d&#039;activit\u00e9s.\" \/>\n<meta property=\"og:url\" content=\"https:\/\/oxyski.com\/fr\/ecole-de-ski-grand-bornand\/\" \/>\n<meta property=\"og:site_name\" content=\"Oxyski\" \/>\n<meta property=\"article:publisher\" content=\"https:\/\/www.facebook.com\/OxygeneSki\" \/>\n<meta property=\"article:modified_time\" content=\"2026-04-10T08:30:34+00:00\" \/>\n<meta name=\"twitter:card\" content=\"summary\" \/>\n<meta name=\"twitter:site\" content=\"@Oxygene_Ski\" \/>\n<meta name=\"twitter:label1\" content=\"Est. reading time\" \/>\n\t<meta name=\"twitter:data1\" content=\"11 minutes\" \/>\n<script type=\"application\/ld+json\" class=\"yoast-schema-graph\">{\"@context\":\"https:\/\/schema.org\",\"@graph\":[{\"@type\":\"WebSite\",\"@id\":\"https:\/\/oxyski.com\/#website\",\"url\":\"https:\/\/oxyski.com\/\",\"name\":\"Oxyski\",\"description\":\"\",\"potentialAction\":[{\"@type\":\"SearchAction\",\"target\":{\"@type\":\"EntryPoint\",\"urlTemplate\":\"https:\/\/oxyski.com\/?s={search_term_string}\"},\"query-input\":\"required name=search_term_string\"}],\"inLanguage\":\"fr\"},{\"@type\":\"WebPage\",\"@id\":\"https:\/\/oxyski.com\/fr\/ecole-de-ski-grand-bornand\/#webpage\",\"url\":\"https:\/\/oxyski.com\/fr\/ecole-de-ski-grand-bornand\/\",\"name\":\"Bienvenue au Grand-Bornand | Oxyski \\u00c9cole de ski & snowboard\",\"isPartOf\":{\"@id\":\"https:\/\/oxyski.com\/#website\"},\"datePublished\":\"2025-11-25T14:24:16+00:00\",\"dateModified\":\"2026-04-10T08:30:34+00:00\",\"description\":\"Oxyski Grand-Bornand, votre \\u00e9cole de ski qui propose un large \\u00e9ventail de cours collectifs, de cours priv\\u00e9s, de cours handiski et d'activit\\u00e9s.\",\"breadcrumb\":{\"@id\":\"https:\/\/oxyski.com\/fr\/ecole-de-ski-grand-bornand\/#breadcrumb\"},\"inLanguage\":\"fr\",\"potentialAction\":[{\"@type\":\"ReadAction\",\"target\":[\"https:\/\/oxyski.com\/fr\/ecole-de-ski-grand-bornand\/\"]}]},{\"@type\":\"BreadcrumbList\",\"@id\":\"https:\/\/oxyski.com\/fr\/ecole-de-ski-grand-bornand\/#breadcrumb\",\"itemListElement\":[{\"@type\":\"ListItem\",\"position\":1,\"name\":\"Home\",\"item\":\"https:\/\/oxyski.com\/fr\/accueil\/\"},{\"@type\":\"ListItem\",\"position\":2,\"name\":\"Le Grand-Bornand\"}]}]}<\/script>\n<!-- \/ Yoast SEO plugin. -->","yoast_head_json":{"title":"Bienvenue au Grand-Bornand | Oxyski \u00c9cole de ski & snowboard","description":"Oxyski Grand-Bornand, votre \u00e9cole de ski qui propose un large \u00e9ventail de cours collectifs, de cours priv\u00e9s, de cours handiski et d'activit\u00e9s.","robots":{"index":"index","follow":"follow","max-snippet":"max-snippet:-1","max-image-preview":"max-image-preview:large","max-video-preview":"max-video-preview:-1"},"canonical":"https:\/\/oxyski.com\/fr\/ecole-de-ski-grand-bornand\/","og_locale":"fr_FR","og_type":"article","og_title":"Bienvenue au Grand-Bornand | Oxyski \u00c9cole de ski & snowboard","og_description":"Oxyski Grand-Bornand, votre \u00e9cole de ski qui propose un large \u00e9ventail de cours collectifs, de cours priv\u00e9s, de cours handiski et d'activit\u00e9s.","og_url":"https:\/\/oxyski.com\/fr\/ecole-de-ski-grand-bornand\/","og_site_name":"Oxyski","article_publisher":"https:\/\/www.facebook.com\/OxygeneSki","article_modified_time":"2026-04-10T08:30:34+00:00","twitter_card":"summary","twitter_site":"@Oxygene_Ski","twitter_misc":{"Est. reading time":"11 minutes"},"schema":{"@context":"https:\/\/schema.org","@graph":[{"@type":"WebSite","@id":"https:\/\/oxyski.com\/#website","url":"https:\/\/oxyski.com\/","name":"Oxyski","description":"","potentialAction":[{"@type":"SearchAction","target":{"@type":"EntryPoint","urlTemplate":"https:\/\/oxyski.com\/?s={search_term_string}"},"query-input":"required name=search_term_string"}],"inLanguage":"fr"},{"@type":"WebPage","@id":"https:\/\/oxyski.com\/fr\/ecole-de-ski-grand-bornand\/#webpage","url":"https:\/\/oxyski.com\/fr\/ecole-de-ski-grand-bornand\/","name":"Bienvenue au Grand-Bornand | Oxyski \u00c9cole de ski & snowboard","isPartOf":{"@id":"https:\/\/oxyski.com\/#website"},"datePublished":"2025-11-25T14:24:16+00:00","dateModified":"2026-04-10T08:30:34+00:00","description":"Oxyski Grand-Bornand, votre \u00e9cole de ski qui propose un large \u00e9ventail de cours collectifs, de cours priv\u00e9s, de cours handiski et d'activit\u00e9s.","breadcrumb":{"@id":"https:\/\/oxyski.com\/fr\/ecole-de-ski-grand-bornand\/#breadcrumb"},"inLanguage":"fr","potentialAction":[{"@type":"ReadAction","target":["https:\/\/oxyski.com\/fr\/ecole-de-ski-grand-bornand\/"]}]},{"@type":"BreadcrumbList","@id":"https:\/\/oxyski.com\/fr\/ecole-de-ski-grand-bornand\/#breadcrumb","itemListElement":[{"@type":"ListItem","position":1,"name":"Home","item":"https:\/\/oxyski.com\/fr\/accueil\/"},{"@type":"ListItem","position":2,"name":"Le Grand-Bornand"}]}]}},"_links":{"self":[{"href":"https:\/\/oxyski.com\/fr\/wp-json\/wp\/v2\/pages\/232914"}],"collection":[{"href":"https:\/\/oxyski.com\/fr\/wp-json\/wp\/v2\/pages"}],"about":[{"href":"https:\/\/oxyski.com\/fr\/wp-json\/wp\/v2\/types\/page"}],"author":[{"embeddable":true,"href":"https:\/\/oxyski.com\/fr\/wp-json\/wp\/v2\/users\/6243"}],"replies":[{"embeddable":true,"href":"https:\/\/oxyski.com\/fr\/wp-json\/wp\/v2\/comments?post=232914"}],"version-history":[{"count":67,"href":"https:\/\/oxyski.com\/fr\/wp-json\/wp\/v2\/pages\/232914\/revisions"}],"predecessor-version":[{"id":233943,"href":"https:\/\/oxyski.com\/fr\/wp-json\/wp\/v2\/pages\/232914\/revisions\/233943"}],"wp:attachment":[{"href":"https:\/\/oxyski.com\/fr\/wp-json\/wp\/v2\/media?parent=232914"}],"curies":[{"name":"wp","href":"https:\/\/api.w.org\/{rel}","templated":true}]}}