{"id":232906,"date":"2025-11-25T15:04:32","date_gmt":"2025-11-25T14:04:32","guid":{"rendered":"https:\/\/oxyski.com\/chamonix\/"},"modified":"2026-01-28T10:13:33","modified_gmt":"2026-01-28T09:13:33","slug":"ecole-de-ski-chamonix","status":"publish","type":"page","link":"https:\/\/oxyski.com\/fr\/ecole-de-ski-chamonix\/","title":{"rendered":"Chamonix"},"content":{"rendered":"<p>[vc_row][vc_column][vc_single_image image=&#8221;232459&#8243; img_size=&#8221;2000&#215;600&#8243; el_class=&#8221;image-headband-frontpage-main&#8221;][\/vc_column][\/vc_row][vc_row][vc_column][vc_empty_space height=&#8221;20px&#8221;][\/vc_column][\/vc_row][vc_row css=&#8221;.vc_custom_1723108676047{margin-right: 5% !important;margin-left: 5% !important;}&#8221;][vc_column width=&#8221;1\/2&#8243;][vc_column_text]<\/p>\n<h1 style=\"text-align: left;\"><span style=\"color: #00adef;\">BIENVENUE \u00c0 CHAMONIX<\/span><\/h1>\n<p>[\/vc_column_text][vc_column_text css=&#8221;.vc_custom_1763391887023{margin-right: 20px !important;}&#8221;]<\/p>\n<p data-start=\"115\" data-end=\"211\">Bienvenue dans notre <strong data-start=\"136\" data-end=\"170\">\u00e9cole de ski et snowboard hors-piste Oxyski<\/strong> dans la vall\u00e9e de Chamonix-Mont-Blanc.<\/p>\n<p data-start=\"213\" data-end=\"465\">Nous proposons un choix fantastique de cours hors-piste en ski et en snowboard. Nos moniteurs, experts de la r\u00e9gion, vous emm\u00e8neront \u00e0 la d\u00e9couverte de Chamonix, Argenti\u00e8re ou Les Houches. Des sessions inoubliables vous attendent face au Mont-Blanc !<\/p>\n<p data-start=\"467\" data-end=\"870\"><strong data-start=\"467\" data-end=\"538\">D\u00e9couvrez la magie de l\u2019hiver dans la vall\u00e9e de Chamonix-Mont-Blanc<\/strong><br data-start=\"538\" data-end=\"541\" \/>Depuis plus d\u2019un si\u00e8cle, cette embl\u00e9matique vall\u00e9e accueille des champions de classe mondiale et inspire skieurs, snowboardeurs et randonneurs du monde entier. Ses villages enneig\u00e9s, ses promenades paisibles et ses pistes palpitantes offrent une multitude d\u2019activit\u00e9s pour tous, garantissant des moments de bonheur pour chacun.<\/p>\n<p>[\/vc_column_text][vc_column_text]<\/p>\n<p style=\"text-align: left;\"><strong>Ouvert du 14 d\u00e9cembre au 3 mai 2026.<\/strong> Plus de 80 pistes sur plus de 180 km.<\/p>\n<p>[\/vc_column_text][vc_row_inner][vc_column_inner width=&#8221;1\/2&#8243;][vc_btn title=&#8221;Trouvez votre niveau de ski ici !&#8221; align=&#8221;center&#8221; link=&#8221;url:https%3A%2F%2Foxyski.com%2Ffr%2Fguide-des-niveaux%2F|title:Guide%20des%20niveaux|target:_blank|&#8221;][\/vc_column_inner][vc_column_inner width=&#8221;1\/2&#8243;][vc_btn title=&#8221;Plan des pistes de Chamonix-Mont-Blanc&#8221; align=&#8221;center&#8221; link=&#8221;url:https%3A%2F%2Fwww.chamonix.com%2Factivites%2Fhiver%2Fle-ski-dans-la-vallee-de-chamonix-mont-blanc%2Fdomaines-skiables|title:Plan%20des%20pistes%20de%20Chamonix-Mont-Blanc|target:_blank|&#8221;][\/vc_column_inner][\/vc_row_inner][\/vc_column][vc_column width=&#8221;1\/2&#8243; el_class=&#8221;image-column-remove-padding image-headband&#8221;][vc_single_image image=&#8221;232461&#8243; img_size=&#8221;full&#8221; style=&#8221;vc_box_rounded&#8221; el_class=&#8221;image-headband-frontpage&#8221;][\/vc_column][\/vc_row][vc_row css=&#8221;.vc_custom_1751975823766{margin-right: 5% !important;margin-left: 5% !important;}&#8221;][vc_column][vc_empty_space height=&#8221;30px&#8221;][vc_column_text]<\/p>\n<h2 style=\"text-align: left;\"><span style=\"color: #00adef;\">NOS COURS<\/span><\/h2>\n<p>[\/vc_column_text][\/vc_column][\/vc_row][vc_row css=&#8221;.vc_custom_1723108748514{margin-right: 5% !important;margin-left: 5% !important;}&#8221;][vc_column width=&#8221;1\/3&#8243;][vc_single_image image=&#8221;232653&#8243; img_size=&#8221;400&#215;250&#8243; style=&#8221;vc_box_rounded&#8221; css=&#8221;.vc_custom_1763993773319{background-position: center !important;background-repeat: no-repeat !important;background-size: cover !important;}&#8221;][vc_column_text css_animation=&#8221;none&#8221; css=&#8221;.vc_custom_1763387528301{padding-right: 20% !important;}&#8221;]<\/p>\n<h6><strong>Cours priv\u00e9s<\/strong><\/h6>\n<p>En t\u00eate-\u00e0-t\u00eate avec un moniteur Oxyski, propulsez votre niveau de ski ou de snowboard vers de nouvelles hauteurs. Optez pour une session en solo pour progresser plus vite, ou partagez le plaisir en invitant vos amis ou votre famille \u00e0 se joindre \u00e0 l\u2019exp\u00e9rience.[\/vc_column_text][vc_btn title=&#8221;R\u00e9servez maintenant&#8221; style=&#8221;outline&#8221; color=&#8221;sky&#8221; link=&#8221;url:https%3A%2F%2Fbooking.yoplanning.pro%2F8b3e5c28-dc43-4e97-8536-60df53768f16%2F%3Ftag%3D4c13e04a-e976-4e74-ab3e-ce47f1d22e44|title:Cours%20priv%C3%A9s%20de%20ski%20ou%20de%20snowboard|target:_blank|&#8221;][\/vc_column][vc_column width=&#8221;1\/3&#8243;][vc_single_image image=&#8221;169993&#8243; img_size=&#8221;400&#215;250&#8243; style=&#8221;vc_box_rounded&#8221; css=&#8221;.vc_custom_1762788938744{background-position: center !important;background-repeat: no-repeat !important;background-size: cover !important;}&#8221;][vc_column_text css=&#8221;.vc_custom_1763993535414{padding-right: 20% !important;}&#8221;]<\/p>\n<h6><strong>Hors-piste<\/strong><\/h6>\n<p>Offrez-vous une journ\u00e9e compl\u00e8te d\u00e9di\u00e9e \u00e0 la poudreuse ! D\u00e9couvrez les plaisirs du ski hors-piste tout en apprenant les bonnes techniques. Avec nos conseils, vous allez devenir un expert. R\u00e9servez d\u00e8s maintenant votre aventure dans les montagnes vierges.[\/vc_column_text][vc_btn title=&#8221;R\u00e9servez maintenant&#8221; style=&#8221;outline&#8221; color=&#8221;sky&#8221; link=&#8221;url:https%3A%2F%2Fbooking.yoplanning.pro%2F8b3e5c28-dc43-4e97-8536-60df53768f16%2F%3Ftag%3D4c13e04a-e976-4e74-ab3e-ce47f1d22e44|title:Off-piste%20cours%20priv%C3%A9s|target:_blank|&#8221;][\/vc_column][vc_column width=&#8221;1\/3&#8243;][vc_single_image image=&#8221;232463&#8243; img_size=&#8221;400&#215;250&#8243; style=&#8221;vc_box_rounded&#8221; css=&#8221;.vc_custom_1763993890756{background-position: center !important;background-repeat: no-repeat !important;background-size: cover !important;}&#8221;][vc_column_text css=&#8221;.vc_custom_1769591605260{padding-right: 20% !important;}&#8221;]<\/p>\n<h6><strong>Cours collectifs hors-piste<\/strong><\/h6>\n<p>Chez Oxyski Chamonix, nos trois cours collectifs hors-piste d\u2019une demi-journ\u00e9e s\u2019adressent aux 10-13 ans, 14-17 ans et aux adultes. Oxyski garantit \u00e0 chaque participant de vivre l\u2019excitation et la libert\u00e9 du ski hors-piste.[\/vc_column_text][vc_btn title=&#8221;R\u00e9servez maintenant&#8221; style=&#8221;outline&#8221; color=&#8221;sky&#8221; link=&#8221;url:https%3A%2F%2Fbooking.yoplanning.pro%2F8b3e5c28-dc43-4e97-8536-60df53768f16%2F%3Ftag%3Dc693184c-2108-4f71-bc29-447206e96920|title:S%C3%A9ances%20de%20groupe%20hors-piste|target:_blank|&#8221;][\/vc_column][\/vc_row][vc_row][vc_column][vc_empty_space height=&#8221;30px&#8221;][\/vc_column][\/vc_row][vc_row css=&#8221;.vc_custom_1723108765228{margin-right: 5% !important;margin-left: 5% !important;}&#8221;][vc_column][vc_column_text]<\/p>\n<h3 style=\"text-align: center;\"><span style=\"color: #00adef;\">DES QUESTIONS ? CONTACTEZ-NOUS<\/span><\/h3>\n<p>[\/vc_column_text][vc_empty_space height=&#8221;30px&#8221;][vc_row_inner][vc_column_inner width=&#8221;1\/3&#8243;][vc_single_image image=&#8221;232349&#8243; img_size=&#8221;medium&#8221; alignment=&#8221;center&#8221;][vc_column_text]<\/p>\n<p style=\"text-align: center;\">\u00c9cole de Ski et Snowboard Oxyski\u00a0<strong>Chamonix<\/strong><br \/>\nJoignable toute l\u2019ann\u00e9e, nous serons ravis de mettre<br \/>\nnotre expertise \u00e0 votre disposition.<\/p>\n<div id=\"gtx-trans\" style=\"position: absolute; left: 465px; top: -10px;\">\n<div class=\"gtx-trans-icon\"><\/div>\n<\/div>\n<p>[\/vc_column_text][vc_btn title=&#8221;+33 (0)6 83 82 65 11&#8243; align=&#8221;center&#8221; link=&#8221;url:tel%3A%20%2B33683826511|title:%2B33%20%280%296%2083%2082%2065%2011|target:_blank|&#8221;][\/vc_column_inner][vc_column_inner width=&#8221;1\/3&#8243;][vc_single_image image=&#8221;232347&#8243; img_size=&#8221;medium&#8221; alignment=&#8221;center&#8221;][vc_column_text]<\/p>\n<p class=\"DUwDvf lfPIob\" style=\"text-align: center;\">\u00c9cole de Ski et Snowboard Oxyski <strong>Chamonix<\/strong><br \/>\nPrieur\u00e9 ski shop \u2013 149 all\u00e9e recteur Payot \u2013 74400 Chamonix<\/p>\n<div id=\"gtx-trans\" style=\"position: absolute; left: 737px; top: -10px;\">\n<div class=\"gtx-trans-icon\"><\/div>\n<\/div>\n<p>[\/vc_column_text][vc_btn title=&#8221;Google maps&#8221; align=&#8221;center&#8221; link=&#8221;url:https%3A%2F%2Fmaps.app.goo.gl%2FsygAR7UBmcRfFYW36|target:_blank|&#8221;][\/vc_column_inner][vc_column_inner width=&#8221;1\/3&#8243;][vc_single_image image=&#8221;232345&#8243; alignment=&#8221;center&#8221;][vc_column_text]<\/p>\n<p class=\"DUwDvf lfPIob\" style=\"text-align: center;\">Vous pouvez \u00e9galement contacter directement notre \u00e9quipe de r\u00e9servation<strong> Chamonix <\/strong>par e-mail.<\/p>\n<div id=\"gtx-trans\" style=\"position: absolute; left: 737px; top: -10px;\">\n<div class=\"gtx-trans-icon\"><\/div>\n<\/div>\n<p>[\/vc_column_text][vc_btn title=&#8221;chamonix@oxyski.com&#8221; align=&#8221;center&#8221; link=&#8221;url:mailto%3A%20chamonix%40oxyski.com|target:_blank|&#8221;][\/vc_column_inner][\/vc_row_inner][vc_empty_space height=&#8221;30px&#8221;][\/vc_column][\/vc_row]<\/p>\n","protected":false},"excerpt":{"rendered":"<p>[vc_row][vc_column][vc_single_image image=&#8221;232459&#8243; img_size=&#8221;2000&#215;600&#8243; el_class=&#8221;image-headband-frontpage-main&#8221;][\/vc_column][\/vc_row][vc_row][vc_column][vc_empty_space height=&#8221;20px&#8221;][\/vc_column][\/vc_row][vc_row css=&#8221;.vc_custom_1723108676047{margin-right: 5% !important;margin-left: 5% !important;}&#8221;][vc_column width=&#8221;1\/2&#8243;][vc_column_text] BIENVENUE \u00c0 CHAMONIX [\/vc_column_text][vc_column_text css=&#8221;.vc_custom_1763391887023{margin-right: 20px !important;}&#8221;] Bienvenue dans notre \u00e9cole de ski et snowboard hors-piste Oxyski dans la vall\u00e9e de Chamonix-Mont-Blanc. Nous proposons un choix fantastique de cours hors-piste en ski et en snowboard. Nos moniteurs, experts de la r\u00e9gion, vous emm\u00e8neront \u00e0 [&hellip;]<\/p>\n","protected":false},"author":6243,"featured_media":0,"parent":0,"menu_order":3,"comment_status":"closed","ping_status":"closed","template":"page-full-width.php","meta":[],"yoast_head":"<!-- This site is optimized with the Yoast SEO plugin v17.6 - https:\/\/yoast.com\/wordpress\/plugins\/seo\/ -->\n<title>Bienvenue \u00e0 Chamonix | Oxyski \u00c9cole de Ski &amp; Snowboard<\/title>\n<meta name=\"description\" content=\"Oxyski Chamonix, c&#039;est l&#039;\u00e9cole 100% hors-piste o\u00f9 vous avez l&#039;opportunit\u00e9 de glisser face au Mont Blanc, le mythique !\" \/>\n<meta name=\"robots\" content=\"index, follow, max-snippet:-1, max-image-preview:large, max-video-preview:-1\" \/>\n<link rel=\"canonical\" href=\"https:\/\/oxyski.com\/fr\/ecole-de-ski-chamonix\/\" \/>\n<meta property=\"og:locale\" content=\"fr_FR\" \/>\n<meta property=\"og:type\" content=\"article\" \/>\n<meta property=\"og:title\" content=\"Bienvenue \u00e0 Chamonix | Oxyski \u00c9cole de Ski &amp; Snowboard\" \/>\n<meta property=\"og:description\" content=\"Oxyski Chamonix, c&#039;est l&#039;\u00e9cole 100% hors-piste o\u00f9 vous avez l&#039;opportunit\u00e9 de glisser face au Mont Blanc, le mythique !\" \/>\n<meta property=\"og:url\" content=\"https:\/\/oxyski.com\/fr\/ecole-de-ski-chamonix\/\" \/>\n<meta property=\"og:site_name\" content=\"Oxyski\" \/>\n<meta property=\"article:publisher\" content=\"https:\/\/www.facebook.com\/OxygeneSki\" \/>\n<meta property=\"article:modified_time\" content=\"2026-01-28T09:13:33+00:00\" \/>\n<meta name=\"twitter:card\" content=\"summary\" \/>\n<meta name=\"twitter:site\" content=\"@Oxygene_Ski\" \/>\n<meta name=\"twitter:label1\" content=\"Est. reading time\" \/>\n\t<meta name=\"twitter:data1\" content=\"2 minutes\" \/>\n<script type=\"application\/ld+json\" class=\"yoast-schema-graph\">{\"@context\":\"https:\/\/schema.org\",\"@graph\":[{\"@type\":\"WebSite\",\"@id\":\"https:\/\/oxyski.com\/#website\",\"url\":\"https:\/\/oxyski.com\/\",\"name\":\"Oxyski\",\"description\":\"\",\"potentialAction\":[{\"@type\":\"SearchAction\",\"target\":{\"@type\":\"EntryPoint\",\"urlTemplate\":\"https:\/\/oxyski.com\/?s={search_term_string}\"},\"query-input\":\"required name=search_term_string\"}],\"inLanguage\":\"fr\"},{\"@type\":\"WebPage\",\"@id\":\"https:\/\/oxyski.com\/fr\/ecole-de-ski-chamonix\/#webpage\",\"url\":\"https:\/\/oxyski.com\/fr\/ecole-de-ski-chamonix\/\",\"name\":\"Bienvenue \\u00e0 Chamonix | Oxyski \\u00c9cole de Ski & Snowboard\",\"isPartOf\":{\"@id\":\"https:\/\/oxyski.com\/#website\"},\"datePublished\":\"2025-11-25T14:04:32+00:00\",\"dateModified\":\"2026-01-28T09:13:33+00:00\",\"description\":\"Oxyski Chamonix, c'est l'\\u00e9cole 100% hors-piste o\\u00f9 vous avez l'opportunit\\u00e9 de glisser face au Mont Blanc, le mythique !\",\"breadcrumb\":{\"@id\":\"https:\/\/oxyski.com\/fr\/ecole-de-ski-chamonix\/#breadcrumb\"},\"inLanguage\":\"fr\",\"potentialAction\":[{\"@type\":\"ReadAction\",\"target\":[\"https:\/\/oxyski.com\/fr\/ecole-de-ski-chamonix\/\"]}]},{\"@type\":\"BreadcrumbList\",\"@id\":\"https:\/\/oxyski.com\/fr\/ecole-de-ski-chamonix\/#breadcrumb\",\"itemListElement\":[{\"@type\":\"ListItem\",\"position\":1,\"name\":\"Home\",\"item\":\"https:\/\/oxyski.com\/fr\/accueil\/\"},{\"@type\":\"ListItem\",\"position\":2,\"name\":\"Chamonix\"}]}]}<\/script>\n<!-- \/ Yoast SEO plugin. -->","yoast_head_json":{"title":"Bienvenue \u00e0 Chamonix | Oxyski \u00c9cole de Ski & Snowboard","description":"Oxyski Chamonix, c'est l'\u00e9cole 100% hors-piste o\u00f9 vous avez l'opportunit\u00e9 de glisser face au Mont Blanc, le mythique !","robots":{"index":"index","follow":"follow","max-snippet":"max-snippet:-1","max-image-preview":"max-image-preview:large","max-video-preview":"max-video-preview:-1"},"canonical":"https:\/\/oxyski.com\/fr\/ecole-de-ski-chamonix\/","og_locale":"fr_FR","og_type":"article","og_title":"Bienvenue \u00e0 Chamonix | Oxyski \u00c9cole de Ski & Snowboard","og_description":"Oxyski Chamonix, c'est l'\u00e9cole 100% hors-piste o\u00f9 vous avez l'opportunit\u00e9 de glisser face au Mont Blanc, le mythique !","og_url":"https:\/\/oxyski.com\/fr\/ecole-de-ski-chamonix\/","og_site_name":"Oxyski","article_publisher":"https:\/\/www.facebook.com\/OxygeneSki","article_modified_time":"2026-01-28T09:13:33+00:00","twitter_card":"summary","twitter_site":"@Oxygene_Ski","twitter_misc":{"Est. reading time":"2 minutes"},"schema":{"@context":"https:\/\/schema.org","@graph":[{"@type":"WebSite","@id":"https:\/\/oxyski.com\/#website","url":"https:\/\/oxyski.com\/","name":"Oxyski","description":"","potentialAction":[{"@type":"SearchAction","target":{"@type":"EntryPoint","urlTemplate":"https:\/\/oxyski.com\/?s={search_term_string}"},"query-input":"required name=search_term_string"}],"inLanguage":"fr"},{"@type":"WebPage","@id":"https:\/\/oxyski.com\/fr\/ecole-de-ski-chamonix\/#webpage","url":"https:\/\/oxyski.com\/fr\/ecole-de-ski-chamonix\/","name":"Bienvenue \u00e0 Chamonix | Oxyski \u00c9cole de Ski & Snowboard","isPartOf":{"@id":"https:\/\/oxyski.com\/#website"},"datePublished":"2025-11-25T14:04:32+00:00","dateModified":"2026-01-28T09:13:33+00:00","description":"Oxyski Chamonix, c'est l'\u00e9cole 100% hors-piste o\u00f9 vous avez l'opportunit\u00e9 de glisser face au Mont Blanc, le mythique !","breadcrumb":{"@id":"https:\/\/oxyski.com\/fr\/ecole-de-ski-chamonix\/#breadcrumb"},"inLanguage":"fr","potentialAction":[{"@type":"ReadAction","target":["https:\/\/oxyski.com\/fr\/ecole-de-ski-chamonix\/"]}]},{"@type":"BreadcrumbList","@id":"https:\/\/oxyski.com\/fr\/ecole-de-ski-chamonix\/#breadcrumb","itemListElement":[{"@type":"ListItem","position":1,"name":"Home","item":"https:\/\/oxyski.com\/fr\/accueil\/"},{"@type":"ListItem","position":2,"name":"Chamonix"}]}]}},"_links":{"self":[{"href":"https:\/\/oxyski.com\/fr\/wp-json\/wp\/v2\/pages\/232906"}],"collection":[{"href":"https:\/\/oxyski.com\/fr\/wp-json\/wp\/v2\/pages"}],"about":[{"href":"https:\/\/oxyski.com\/fr\/wp-json\/wp\/v2\/types\/page"}],"author":[{"embeddable":true,"href":"https:\/\/oxyski.com\/fr\/wp-json\/wp\/v2\/users\/6243"}],"replies":[{"embeddable":true,"href":"https:\/\/oxyski.com\/fr\/wp-json\/wp\/v2\/comments?post=232906"}],"version-history":[{"count":23,"href":"https:\/\/oxyski.com\/fr\/wp-json\/wp\/v2\/pages\/232906\/revisions"}],"predecessor-version":[{"id":233920,"href":"https:\/\/oxyski.com\/fr\/wp-json\/wp\/v2\/pages\/232906\/revisions\/233920"}],"wp:attachment":[{"href":"https:\/\/oxyski.com\/fr\/wp-json\/wp\/v2\/media?parent=232906"}],"curies":[{"name":"wp","href":"https:\/\/api.w.org\/{rel}","templated":true}]}}