{"id":232902,"date":"2025-11-25T14:49:45","date_gmt":"2025-11-25T13:49:45","guid":{"rendered":"https:\/\/oxyski.com\/stations-de-ski\/"},"modified":"2026-01-28T08:49:51","modified_gmt":"2026-01-28T07:49:51","slug":"stations-de-ski","status":"publish","type":"page","link":"https:\/\/oxyski.com\/fr\/stations-de-ski\/","title":{"rendered":"Stations de ski"},"content":{"rendered":"<p>[vc_row css=&#8221;.vc_custom_1757174841531{margin-top: 50px !important;margin-right: 5% !important;margin-left: 5% !important;}&#8221;][vc_column width=&#8221;1\/2&#8243; css=&#8221;.vc_custom_1757174855371{margin-top: 40px !important;}&#8221;][vc_column_text]<\/p>\n<h1 style=\"text-align: left;\"><span style=\"color: #00adef;\">D\u00c9COUVREZ TOUTES NOS STATIONS<\/span><\/h1>\n<p>[\/vc_column_text][vc_column_text css=&#8221;.vc_custom_1763992300165{margin-right: 30px !important;}&#8221;]<\/p>\n<p data-start=\"117\" data-end=\"440\">Oxyski et ses \u00e9coles de ski partenaires proposent des cours de ski et de snowboard dans 16 stations des Alpes fran\u00e7aises, pour tous les \u00e2ges et niveaux. Nos cours de ski et snowboard collectifs permettent de progresser en groupe, tandis que nos cours priv\u00e9s offrent une attention personnalis\u00e9e. Nous proposons \u00e9galement des cours de handiski pour tous.<\/p>\n<p data-start=\"442\" data-end=\"609\">En plus des cours de ski, Oxyski propose de nombreuses activit\u00e9s outdoor : Moonbikes, Super Luge Derby, raquettes, VTT sur neige, parapente, et bien plus encore.<\/p>\n<p data-start=\"611\" data-end=\"866\">D\u00e9couvrez toutes nos stations et vivez une exp\u00e9rience unique avec Oxyski. Que vous soyez d\u00e9butant ou expert, enfant ou adulte, nous avons quelque chose pour chacun. Rejoignez-nous pour des moments de partage et de plaisir sur les plus belles pistes.<\/p>\n<p>[\/vc_column_text][\/vc_column][vc_column width=&#8221;1\/2&#8243; el_class=&#8221;image-column-remove-padding image-headband&#8221;][vc_single_image image=&#8221;232396&#8243; img_size=&#8221;full&#8221; el_class=&#8221;image-headband-frontpage&#8221;][\/vc_column][\/vc_row][vc_row][vc_column][vc_empty_space height=&#8221;75px&#8221;][\/vc_column][\/vc_row][vc_row css=&#8221;.vc_custom_1723112822449{margin-right: 5% !important;margin-left: 5% !important;}&#8221;][vc_column][vc_row_inner gap=&#8221;15&#8243;][vc_column_inner width=&#8221;1\/3&#8243;][vc_single_image image=&#8221;232414&#8243; img_size=&#8221;700&#215;400&#8243; onclick=&#8221;custom_link&#8221; img_link_target=&#8221;_blank&#8221; css=&#8221;.vc_custom_1764078558920{background-position: center !important;background-repeat: no-repeat !important;background-size: cover !important;}&#8221;][vc_column_text]<\/p>\n<h3><span style=\"color: #00adef;\">CHAMONIX<\/span><\/h3>\n<p>[\/vc_column_text][vc_column_text]<\/p>\n<p style=\"text-align: left;\">Ouverture le 14 d\u00e9cembre 2025.<br \/>\nNous proposons une s\u00e9lection fantastique de sorties hors-piste en ski et snowboard avec un moniteur Oxyg\u00e8ne.<br \/>\nVenez d\u00e9couvrir la Vall\u00e9e de Chamonix !<\/p>\n<p>[\/vc_column_text][vc_single_image image=&#8221;232447&#8243; img_size=&#8221;90X90&#8243;][vc_btn title=&#8221;Visiter la station&#8221; style=&#8221;outline&#8221; color=&#8221;sky&#8221; align=&#8221;left&#8221; link=&#8221;url:https%3A%2F%2Foxyski.com%2Ffr%2Fecole-de-ski-chamonix%2F|title:Oxyski%20Chamonix%20%C3%A9cole%20de%20ski%20hors-piste|&#8221;][\/vc_column_inner][vc_column_inner width=&#8221;1\/3&#8243;][vc_single_image image=&#8221;232410&#8243; img_size=&#8221;700&#215;400&#8243; onclick=&#8221;custom_link&#8221; img_link_target=&#8221;_blank&#8221; css=&#8221;.vc_custom_1764078552376{background-position: center !important;background-repeat: no-repeat !important;background-size: cover !important;}&#8221;][vc_column_text]<\/p>\n<h3><span style=\"color: #00adef;\">LE GRAND-BORNAND<\/span><\/h3>\n<p>[\/vc_column_text][vc_column_text]<\/p>\n<p style=\"text-align: left;\">Ouverture le 14 d\u00e9cembre 2025.<br \/>\nNous proposons des cours collectifs, des cours hors-piste, des cours priv\u00e9s, du snowboard, de l\u2019handiski et bien d\u2019autres activit\u00e9s.<br \/>\nVenez d\u00e9couvrir notre station du Grand-Bornand<\/p>\n<p>[\/vc_column_text][vc_single_image image=&#8221;233722&#8243; img_size=&#8221;100X100&#8243;][vc_btn title=&#8221;Visiter la station&#8221; style=&#8221;outline&#8221; color=&#8221;sky&#8221; align=&#8221;left&#8221; link=&#8221;url:https%3A%2F%2Foxyski.com%2Ffr%2Fecole-de-ski-grand-bornand%2F|title:Oxyski%20Grand%20Bornand%20%C3%A9cole%20de%20ski%20et%20snowboard|&#8221;][\/vc_column_inner][vc_column_inner width=&#8221;1\/3&#8243;][vc_single_image image=&#8221;232418&#8243; img_size=&#8221;700&#215;400&#8243; onclick=&#8221;custom_link&#8221; img_link_target=&#8221;_blank&#8221; css=&#8221;.vc_custom_1764078545475{background-position: center !important;background-repeat: no-repeat !important;background-size: cover !important;}&#8221;][vc_column_text]<\/p>\n<h3><span style=\"color: #00adef;\">MEG\u00c8VE<\/span><\/h3>\n<p>[\/vc_column_text][vc_column_text]<\/p>\n<div class=\"wpb_text_column wpb_content_element \">\n<div class=\"wpb_wrapper\">\n<p>Ouverture le 14 d\u00e9cembre 2025.<br \/>\nNous proposons des cours collectifs enfants\/ ados, des cours hors piste, des cours priv\u00e9s, du snowboard et bien d\u2019autres activit\u00e9s.<br \/>\nVenez d\u00e9couvrir notre station de Meg\u00e8ve !<\/p>\n<\/div>\n<\/div>\n<p>[\/vc_column_text][vc_single_image image=&#8221;232451&#8243; img_size=&#8221;90X90&#8243;][vc_btn title=&#8221;Visiter la station&#8221; style=&#8221;outline&#8221; color=&#8221;sky&#8221; align=&#8221;left&#8221; link=&#8221;url:https%3A%2F%2Foxyski.com%2Ffr%2Fecole-de-ski-megeve%2F|title:Oxyski%20Meg%C3%A8ve%20%C3%A9cole%20de%20ski%20et%20snowboard|&#8221;][\/vc_column_inner][\/vc_row_inner][vc_empty_space height=&#8221;100px&#8221;][\/vc_column][\/vc_row][vc_row full_width=&#8221;stretch_row_content&#8221; css=&#8221;.vc_custom_1504801911540{margin-bottom: 100px !important;}&#8221;][vc_column css=&#8221;.vc_custom_1477064948982{padding-right: 5% !important;padding-left: 5% !important;background-color: #00adef !important;}&#8221;][vc_empty_space height=&#8221;40px&#8221;][vc_custom_heading text=&#8221;OXYSKI EST FIER DE S&#8217;ASSOCIER \u00c0 D&#8217;AUTRES \u00c9COLES DE SKI ET DE SNOWBOARD DANS CES STATIONS.&#8221; font_container=&#8221;tag:h2|text_align:center|color:%23ffffff&#8221; use_theme_fonts=&#8221;yes&#8221; css_animation=&#8221;none&#8221; css=&#8221;.vc_custom_1763992389735{padding-right: 4% !important;padding-left: 4% !important;}&#8221;][vc_empty_space height=&#8221;25px&#8221;][vc_empty_space height=&#8221;40px&#8221;][\/vc_column][\/vc_row][vc_row full_width=&#8221;stretch_row_content&#8221; content_placement=&#8221;middle&#8221;][vc_column el_class=&#8221;resort-selector&#8221;][vc_raw_html]PGEgdGl0bGU9Ik94eWfDqG5lIFNraSBTY2hvb2wgaW4gQmVsbGUgUGxhZ25lIiBocmVmPSJodHRwczovL3d3dy5veHlnZW5lLnNraS9iZWxsZS1wbGFnbmUtc2tpLXNjaG9vbC8iPg0KPGltZyBzdHlsZT0ibWF4LWhlaWdodDogMTIwcHg7IiBzcmM9Imh0dHBzOi8vb3h5Z2VuZS5za2kvd3AtY29udGVudC91cGxvYWRzLzIwMjQvMDcvbG9nby1iZWxsZXBsYWduZS0xLnBuZyIgYWx0PSJMb2dvIEJlbGxlIFBsYWduZSIgLz48L2E+DQoNCkJlbGxlIFBsYWduZQ0KDQo8YSB0aXRsZT0iT3h5Z8OobmUgU2tpIFNjaG9vbCBpbiBDb3VyY2hldmVsIiBocmVmPSJodHRwczovL3d3dy5veHlnZW5lLnNraS9jb3VyY2hldmVsLXNraS1zY2hvb2wvIj4NCjxpbWcgc3JjPSJodHRwczovL294eWdlbmUuc2tpL3dwLWNvbnRlbnQvdXBsb2Fkcy8yMDI0LzA3L2xvZ28tY291cmNoZXZlbC5wbmciIGFsdD0iTG9nbyBDb3VyY2hldmVsIiAvPjwvYT4NCg0KQ291cmNoZXZlbA0KDQo8YSB0aXRsZT0iT3h5Z8OobmUgU2tpIFNjaG9vbCBpbiBMYSBQbGFnbmUiIGhyZWY9Imh0dHBzOi8vd3d3Lm94eWdlbmUuc2tpL2xhLXBsYWduZS1za2ktc2Nob29sLyI+DQo8aW1nIHN0eWxlPSJtYXgtaGVpZ2h0OiAxMjBweDsiIHNyYz0iaHR0cHM6Ly9veHlnZW5lLnNraS93cC1jb250ZW50L3VwbG9hZHMvMjAyNC8wNy9sb2dvLWxhcGxhZ25lLnBuZyIgYWx0PSJMb2dvIExhIFBsYWduZSIgLz48L2E+DQoNCkxhIFBsYWduZQ0KDQo8YSB0aXRsZT0iT3h5Z8OobmUgRWNvbGUgZGUgU2tpIMOgIGxhIFJvc2nDqHJlIiBocmVmPSJodHRwczovL3d3dy5veHlnZW5lLnNraS9sYS1yb3NpZXJlLXNraS1zY2hvb2wvIj4NCjxpbWcgc3R5bGU9Im1heC13aWR0aDogMTE1cHg7IiBzcmM9Imh0dHBzOi8vb3h5Z2VuZS5za2kvd3AtY29udGVudC91cGxvYWRzLzIwMjQvMDcvbG9nby1sYXJvc2llcmUucG5nIiBhbHQ9IkxvZ28gTGEgUm9zacOocmUiIC8+PC9hPg0KDQpMYSBSb3Npw6hyZQ0KDQo8YSB0aXRsZT0iT3h5Z8OobmUgU2tpIFNjaG9vbCBpbiBMYSBUYW5pYSIgaHJlZj0iaHR0cHM6Ly93d3cub3h5Z2VuZS5za2kvbGEtdGFuaWEtc2tpLXNjaG9vbC8iPg0KPGltZyBzcmM9Imh0dHBzOi8vb3h5Z2VuZS5za2kvd3AtY29udGVudC91cGxvYWRzLzIwMjQvMDcvbG9nby1sYXRhbmlhLnBuZyIgYWx0PSJMb2dvIExhIFRhbmlhIiAvPjwvYT4NCg0KTGEgVGFuaWENCg0KPGEgdGl0bGU9Ik94eWfDqG5lIFNraSBTY2hvb2wgaW4gTGVzIE1lbnVpcmVzIiBocmVmPSJodHRwczovL3d3dy5veHlnZW5lLnNraS9sZXMtbWVudWlyZXMtc2tpLXNjaG9vbC8iPg0KPGltZyBzcmM9Imh0dHBzOi8vb3h5Z2VuZS5za2kvd3AtY29udGVudC91cGxvYWRzLzIwMjQvMDcvbG9nby1sZXNtZW51aXJlcy5wbmciIGFsdD0iTG9nbyBMZXMgTWVudWlyZXMiIC8+PC9hPg0KDQpMZXMgTWVudWlyZXMNCg0KPGEgdGl0bGU9Ik94eWfDqG5lIFNraSBTY2hvb2wgaW4gTcOpcmliZWwiIGhyZWY9Imh0dHBzOi8vd3d3Lm94eWdlbmUuc2tpL21lcmliZWwtc2tpLXNjaG9vbC8iPg0KPGltZyBzcmM9Imh0dHBzOi8vb3h5Z2VuZS5za2kvd3AtY29udGVudC91cGxvYWRzLzIwMjQvMDcvbG9nby1tZXJpYmVsLnBuZyIgYWx0PSJMb2dvIE3DqXJpYmVsIiAvPjwvYT4NCg0KTcOpcmliZWwNCg0KPGEgdGl0bGU9Ik94eWfDqG5lIFNraSBTY2hvb2wgaW4gU2FpbnQgTWFydGluIGRlIEJlbGxldmlsbGUiIGhyZWY9Imh0dHBzOi8vd3d3Lm94eWdlbmUuc2tpL3N0LW1hcnRpbi1kZS1iZWxsZXZpbGxlLXNraS1zY2hvb2wvIj4NCjxpbWcgc3JjPSJodHRwczovL294eWdlbmUuc2tpL3dwLWNvbnRlbnQvdXBsb2Fkcy8yMDI0LzA3L2xvZ28tc3RtYXJ0aW5kZWJlbGxldmlsbGUucG5nIiBhbHQ9IkxvZ28gU2FpbnQgTWFydGluIGRlIEJlbGxldmlsbGUiIC8+PC9hPg0KDQpTdCBNYXJ0aW4gZGUgQmVsbGV2aWxsZQ0KDQo8YSB0aXRsZT0iT3h5Z8OobmUgU2tpIFNjaG9vbCBpbiBUaWduZXMiIGhyZWY9Imh0dHBzOi8vd3d3Lm94eWdlbmUuc2tpL3RpZ25lcy1za2ktc2Nob29sLyI+DQo8aW1nIHNyYz0iaHR0cHM6Ly9veHlnZW5lLnNraS93cC1jb250ZW50L3VwbG9hZHMvMjAyNC8wNy9sb2dvLXRpZ25lcy5wbmciIGFsdD0iTG9nbyBUaWduZXMiIC8+PC9hPg0KDQpUaWduZXMNCg0KPGEgdGl0bGU9Ik94eWdlbmUgU2tpIFNjaG9vbCBpbiBTZXJyZSBDaGV2YWxpZXIiIGhyZWY9Imh0dHBzOi8vd3d3Lm94eWdlbmUuc2tpL3NlcnJlLWNoZXZhbGllci1za2ktc2Nob29sLyI+DQo8aW1nIHN0eWxlPSJtYXgtaGVpZ2h0OiAxMjBweDsiIHNyYz0iaHR0cHM6Ly9veHlnZW5lLnNraS93cC1jb250ZW50L3VwbG9hZHMvMjAyNC8wNy9sb2dvLXNlcnJlY2hldmFsaWVyLTEwMHgxMDAucG5nIiBhbHQ9IkxvZ28gU2VycmUgQ2hldmFsaWVyIiAvPjwvYT4NCg0KU2VycmUgQ2hldmFsaWVyDQoNCjxhIHRpdGxlPSJPeHlnw6huZSBTa2kgU2Nob29sIGluIFViYXllIFZhbGxleSIgaHJlZj0iaHR0cHM6Ly93d3cub3h5Z2VuZS5za2kvdWJheWUtc2tpLXNjaG9vbC8iPg0KPGltZyBzcmM9Imh0dHBzOi8vb3h5Z2VuZS5za2kvd3AtY29udGVudC91cGxvYWRzLzIwMjQvMDcvbG9nby12YWxsZWVkdWJheWUtMTAweDEwMC5wbmciIGFsdD0iTG9nbyBVYmF5ZSIgLz48L2E+DQoNClViYXllIFZhbGxleQ0KDQo8YSB0aXRsZT0iT3h5Z8OobmUgU2tpIFNjaG9vbCBpbiBWYWxkJ0lzw6hyZSIgaHJlZj0iaHR0cHM6Ly93d3cub3h5Z2VuZS5za2kvdmFsLWQtaXNlcmUtc2tpLXNjaG9vbC8iPg0KPGltZyBzdHlsZT0ibWF4LXdpZHRoOiAxMTVweDsiIHNyYz0iaHR0cHM6Ly9veHlnZW5lLnNraS93cC1jb250ZW50L3VwbG9hZHMvMjAyNC8wNy9sb2dvLXZhbGRpc2VyZS0xMDB4MTAwLnBuZyIgYWx0PSJMb2dvIFZhbCBkJ0lzw6hyZSIgLz48L2E+DQoNClZhbCBkJ0lzw6hyZQ0KDQo8YSB0aXRsZT0iT3h5Z8OobmUgU2tpIFNjaG9vbCBpbiBWYWwgVGhvcmVucyIgaHJlZj0iaHR0cHM6Ly93d3cub3h5Z2VuZS5za2kvdmFsLXRob3JlbnMtc2tpLXNjaG9vbC8iPg0KPGltZyBzcmM9Imh0dHBzOi8vd3d3Lm94eWdlbmUuc2tpL3dwLWNvbnRlbnQvdXBsb2Fkcy8yMDE3LzA2L3ZhbC10aG9yZW5zLWItMS0yMDB4MTUwLnBuZyIgYWx0PSJMb2dvIFZhbCBUaG9yZW5zIiAvPjwvYT4NCg0KVmFsIFRob3JlbnMNCg0KJm5ic3A7[\/vc_raw_html][\/vc_column][\/vc_row]<\/p>\n","protected":false},"excerpt":{"rendered":"<p>[vc_row css=&#8221;.vc_custom_1757174841531{margin-top: 50px !important;margin-right: 5% !important;margin-left: 5% !important;}&#8221;][vc_column width=&#8221;1\/2&#8243; css=&#8221;.vc_custom_1757174855371{margin-top: 40px !important;}&#8221;][vc_column_text] D\u00c9COUVREZ TOUTES NOS STATIONS [\/vc_column_text][vc_column_text css=&#8221;.vc_custom_1763992300165{margin-right: 30px !important;}&#8221;] Oxyski et ses \u00e9coles de ski partenaires proposent des cours de ski et de snowboard dans 16 stations des Alpes fran\u00e7aises, pour tous les \u00e2ges et niveaux. Nos cours de ski et snowboard collectifs permettent [&hellip;]<\/p>\n","protected":false},"author":6243,"featured_media":0,"parent":0,"menu_order":1,"comment_status":"closed","ping_status":"closed","template":"page-full-width.php","meta":[],"yoast_head":"<!-- This site is optimized with the Yoast SEO plugin v17.6 - https:\/\/yoast.com\/wordpress\/plugins\/seo\/ -->\n<title>Toutes nos stations | Oxyski \u00c9cole de Ski &amp; Snowboard<\/title>\n<meta name=\"description\" content=\"D\u00e9couvrez toutes nos stations de ski ! L&#039;\u00e9quipe d&#039;Oxyski est disponible toute l\u2019ann\u00e9e et nous serons ravis de mettre notre expertise \u00e0 votre disposition !\" \/>\n<meta name=\"robots\" content=\"index, follow, max-snippet:-1, max-image-preview:large, max-video-preview:-1\" \/>\n<link rel=\"canonical\" href=\"https:\/\/oxyski.com\/fr\/stations-de-ski\/\" \/>\n<meta property=\"og:locale\" content=\"fr_FR\" \/>\n<meta property=\"og:type\" content=\"article\" \/>\n<meta property=\"og:title\" content=\"Toutes nos stations | Oxyski \u00c9cole de Ski &amp; Snowboard\" \/>\n<meta property=\"og:description\" content=\"D\u00e9couvrez toutes nos stations de ski ! L&#039;\u00e9quipe d&#039;Oxyski est disponible toute l\u2019ann\u00e9e et nous serons ravis de mettre notre expertise \u00e0 votre disposition !\" \/>\n<meta property=\"og:url\" content=\"https:\/\/oxyski.com\/fr\/stations-de-ski\/\" \/>\n<meta property=\"og:site_name\" content=\"Oxyski\" \/>\n<meta property=\"article:publisher\" content=\"https:\/\/www.facebook.com\/OxygeneSki\" \/>\n<meta property=\"article:modified_time\" content=\"2026-01-28T07:49:51+00:00\" \/>\n<meta name=\"twitter:card\" content=\"summary\" \/>\n<meta name=\"twitter:site\" content=\"@Oxygene_Ski\" \/>\n<meta name=\"twitter:label1\" content=\"Est. reading time\" \/>\n\t<meta name=\"twitter:data1\" content=\"6 minutes\" \/>\n<script type=\"application\/ld+json\" class=\"yoast-schema-graph\">{\"@context\":\"https:\/\/schema.org\",\"@graph\":[{\"@type\":\"WebSite\",\"@id\":\"https:\/\/oxyski.com\/#website\",\"url\":\"https:\/\/oxyski.com\/\",\"name\":\"Oxyski\",\"description\":\"\",\"potentialAction\":[{\"@type\":\"SearchAction\",\"target\":{\"@type\":\"EntryPoint\",\"urlTemplate\":\"https:\/\/oxyski.com\/?s={search_term_string}\"},\"query-input\":\"required name=search_term_string\"}],\"inLanguage\":\"fr\"},{\"@type\":\"WebPage\",\"@id\":\"https:\/\/oxyski.com\/fr\/stations-de-ski\/#webpage\",\"url\":\"https:\/\/oxyski.com\/fr\/stations-de-ski\/\",\"name\":\"Toutes nos stations | Oxyski \\u00c9cole de Ski & Snowboard\",\"isPartOf\":{\"@id\":\"https:\/\/oxyski.com\/#website\"},\"datePublished\":\"2025-11-25T13:49:45+00:00\",\"dateModified\":\"2026-01-28T07:49:51+00:00\",\"description\":\"D\\u00e9couvrez toutes nos stations de ski ! L'\\u00e9quipe d'Oxyski est disponible toute l\\u2019ann\\u00e9e et nous serons ravis de mettre notre expertise \\u00e0 votre disposition !\",\"breadcrumb\":{\"@id\":\"https:\/\/oxyski.com\/fr\/stations-de-ski\/#breadcrumb\"},\"inLanguage\":\"fr\",\"potentialAction\":[{\"@type\":\"ReadAction\",\"target\":[\"https:\/\/oxyski.com\/fr\/stations-de-ski\/\"]}]},{\"@type\":\"BreadcrumbList\",\"@id\":\"https:\/\/oxyski.com\/fr\/stations-de-ski\/#breadcrumb\",\"itemListElement\":[{\"@type\":\"ListItem\",\"position\":1,\"name\":\"Home\",\"item\":\"https:\/\/oxyski.com\/fr\/accueil\/\"},{\"@type\":\"ListItem\",\"position\":2,\"name\":\"Stations de ski\"}]}]}<\/script>\n<!-- \/ Yoast SEO plugin. -->","yoast_head_json":{"title":"Toutes nos stations | Oxyski \u00c9cole de Ski & Snowboard","description":"D\u00e9couvrez toutes nos stations de ski ! L'\u00e9quipe d'Oxyski est disponible toute l\u2019ann\u00e9e et nous serons ravis de mettre notre expertise \u00e0 votre disposition !","robots":{"index":"index","follow":"follow","max-snippet":"max-snippet:-1","max-image-preview":"max-image-preview:large","max-video-preview":"max-video-preview:-1"},"canonical":"https:\/\/oxyski.com\/fr\/stations-de-ski\/","og_locale":"fr_FR","og_type":"article","og_title":"Toutes nos stations | Oxyski \u00c9cole de Ski & Snowboard","og_description":"D\u00e9couvrez toutes nos stations de ski ! L'\u00e9quipe d'Oxyski est disponible toute l\u2019ann\u00e9e et nous serons ravis de mettre notre expertise \u00e0 votre disposition !","og_url":"https:\/\/oxyski.com\/fr\/stations-de-ski\/","og_site_name":"Oxyski","article_publisher":"https:\/\/www.facebook.com\/OxygeneSki","article_modified_time":"2026-01-28T07:49:51+00:00","twitter_card":"summary","twitter_site":"@Oxygene_Ski","twitter_misc":{"Est. reading time":"6 minutes"},"schema":{"@context":"https:\/\/schema.org","@graph":[{"@type":"WebSite","@id":"https:\/\/oxyski.com\/#website","url":"https:\/\/oxyski.com\/","name":"Oxyski","description":"","potentialAction":[{"@type":"SearchAction","target":{"@type":"EntryPoint","urlTemplate":"https:\/\/oxyski.com\/?s={search_term_string}"},"query-input":"required name=search_term_string"}],"inLanguage":"fr"},{"@type":"WebPage","@id":"https:\/\/oxyski.com\/fr\/stations-de-ski\/#webpage","url":"https:\/\/oxyski.com\/fr\/stations-de-ski\/","name":"Toutes nos stations | Oxyski \u00c9cole de Ski & Snowboard","isPartOf":{"@id":"https:\/\/oxyski.com\/#website"},"datePublished":"2025-11-25T13:49:45+00:00","dateModified":"2026-01-28T07:49:51+00:00","description":"D\u00e9couvrez toutes nos stations de ski ! L'\u00e9quipe d'Oxyski est disponible toute l\u2019ann\u00e9e et nous serons ravis de mettre notre expertise \u00e0 votre disposition !","breadcrumb":{"@id":"https:\/\/oxyski.com\/fr\/stations-de-ski\/#breadcrumb"},"inLanguage":"fr","potentialAction":[{"@type":"ReadAction","target":["https:\/\/oxyski.com\/fr\/stations-de-ski\/"]}]},{"@type":"BreadcrumbList","@id":"https:\/\/oxyski.com\/fr\/stations-de-ski\/#breadcrumb","itemListElement":[{"@type":"ListItem","position":1,"name":"Home","item":"https:\/\/oxyski.com\/fr\/accueil\/"},{"@type":"ListItem","position":2,"name":"Stations de ski"}]}]}},"_links":{"self":[{"href":"https:\/\/oxyski.com\/fr\/wp-json\/wp\/v2\/pages\/232902"}],"collection":[{"href":"https:\/\/oxyski.com\/fr\/wp-json\/wp\/v2\/pages"}],"about":[{"href":"https:\/\/oxyski.com\/fr\/wp-json\/wp\/v2\/types\/page"}],"author":[{"embeddable":true,"href":"https:\/\/oxyski.com\/fr\/wp-json\/wp\/v2\/users\/6243"}],"replies":[{"embeddable":true,"href":"https:\/\/oxyski.com\/fr\/wp-json\/wp\/v2\/comments?post=232902"}],"version-history":[{"count":34,"href":"https:\/\/oxyski.com\/fr\/wp-json\/wp\/v2\/pages\/232902\/revisions"}],"predecessor-version":[{"id":233891,"href":"https:\/\/oxyski.com\/fr\/wp-json\/wp\/v2\/pages\/232902\/revisions\/233891"}],"wp:attachment":[{"href":"https:\/\/oxyski.com\/fr\/wp-json\/wp\/v2\/media?parent=232902"}],"curies":[{"name":"wp","href":"https:\/\/api.w.org\/{rel}","templated":true}]}}