{"id":232879,"date":"2025-11-25T12:52:26","date_gmt":"2025-11-25T11:52:26","guid":{"rendered":"https:\/\/oxyski.com\/accueil\/"},"modified":"2026-01-27T13:52:58","modified_gmt":"2026-01-27T12:52:58","slug":"accueil","status":"publish","type":"page","link":"https:\/\/oxyski.com\/fr\/","title":{"rendered":"Accueil"},"content":{"rendered":"<p>[vc_row][vc_column][vc_single_image image=&#8221;232416&#8243; img_size=&#8221;2000&#215;600&#8243; alignment=&#8221;center&#8221; el_class=&#8221;image-headband-frontpage-main&#8221;][vc_empty_space height=&#8221;20px&#8221;][\/vc_column][\/vc_row][vc_row css=&#8221;.vc_custom_1764340097337{margin-right: 5% !important;margin-left: 5% !important;}&#8221;][vc_column width=&#8221;1\/2&#8243; css=&#8221;.vc_custom_1757090052099{margin-top: 40px !important;}&#8221;][vc_column_text]<\/p>\n<h1 style=\"text-align: left;\"><span style=\"color: #00adef;\">\u00c9COLE DE SKI &amp; SNOWBOARD OXYSKI : EXPERTS EN SPORTS D\u2019HIVER !\u00a0<\/span><\/h1>\n<div id=\"gtx-trans\" style=\"position: absolute; left: -56px; top: 113.875px;\">\n<div class=\"gtx-trans-icon\"><\/div>\n<\/div>\n<p>&nbsp;<br \/>\n[\/vc_column_text][vc_column_text css=&#8221;.vc_custom_1769500301289{margin-right: 10% !important;}&#8221;]Nous sommes Oxyski, l\u2019\u00e9cole de ski et snowboard conviviale et familiale de r\u00e9f\u00e9rence au Grand-Bornand, \u00e0 Chamonix et \u00e0 Meg\u00e8ve. Soucieuse de fournir un accompagnement de qualit\u00e9, nous proposons des cours de ski et de snowboard pour adultes et enfants, ainsi que des activit\u00e9s neige innovants et exclusifs. Oxyski est l\u2019\u00e9cole de ski id\u00e9ale pour vous et votre famille !<br \/>\n[\/vc_column_text][vc_column_text]<\/p>\n<h3><span style=\"color: #00adef;\"><strong>LE SKI, C\u2019EST NOTRE M\u00c9TIER.<\/strong><\/span><\/h3>\n<p>&nbsp;<br \/>\n[\/vc_column_text][\/vc_column][vc_column width=&#8221;1\/2&#8243; css=&#8221;.vc_custom_1757170620297{background-position: center !important;background-repeat: no-repeat !important;background-size: cover !important;}&#8221; el_class=&#8221;image-column-remove-padding image-headband&#8221;][vc_single_image image=&#8221;233526&#8243; img_size=&#8221;full&#8221; el_class=&#8221;image-headband-frontpage-main&#8221;][\/vc_column][\/vc_row][vc_row css=&#8221;.vc_custom_1757090067608{margin-top: 50px !important;margin-bottom: 50px !important;padding-top: 2% !important;padding-bottom: 2% !important;background-color: #00adef !important;}&#8221;][vc_column][vc_column_text]<\/p>\n<h2 style=\"text-align: center;\"><span style=\"color: #ffffff;\">UNE NOUVELLE AVENTURE VOUS ATTEND !<\/span><\/h2>\n<p>&nbsp;<br \/>\n[\/vc_column_text][\/vc_column][\/vc_row][vc_row css=&#8221;.vc_custom_1723109783951{margin-right: 4% !important;margin-left: 4% !important;}&#8221;][vc_column][vc_row_inner][vc_column_inner width=&#8221;1\/4&#8243;][vc_single_image image=&#8221;52750&#8243; img_size=&#8221;700&#215;400&#8243; css=&#8221;.vc_custom_1763990406627{background-position: center !important;background-repeat: no-repeat !important;background-size: cover !important;}&#8221;][vc_column_text]<\/p>\n<h4><span style=\"color: #00adef;\">Un service sur mesure<\/span><\/h4>\n<p>Un service personnalis\u00e9, adapt\u00e9 \u00e0 vos envies. Nous vous accompagnons efficacement du premier contact jusqu\u2019\u00e0 la fin de votre s\u00e9jour.[\/vc_column_text][\/vc_column_inner][vc_column_inner width=&#8221;1\/4&#8243;][vc_single_image image=&#8221;232797&#8243; img_size=&#8221;700&#215;400&#8243; css=&#8221;.vc_custom_1763990499600{background-position: center !important;background-repeat: no-repeat !important;background-size: cover !important;}&#8221;][vc_column_text]<\/p>\n<h4><span style=\"color: #00adef;\">\u00c0 votre \u00e9coute toute l\u2019ann\u00e9e<\/span><\/h4>\n<p>Notre \u00e9quipe est disponible \u00e0 tout moment pour vous conseiller dans l\u2019organisation de votre s\u00e9jour.[\/vc_column_text][\/vc_column_inner][vc_column_inner width=&#8221;1\/4&#8243;][vc_single_image image=&#8221;232392&#8243; img_size=&#8221;700&#215;400&#8243; css=&#8221;.vc_custom_1763990523489{background-position: center !important;background-repeat: no-repeat !important;background-size: cover !important;}&#8221;][vc_column_text]<\/p>\n<h4><span style=\"color: #00adef;\">Des moniteurs passionn\u00e9s<\/span><\/h4>\n<p>P\u00e9dagogues et attentionn\u00e9s, nos moniteurs sont recrut\u00e9s selon les crit\u00e8res les plus \u00e9lev\u00e9s afin de vous assurer un suivi adapt\u00e9 \u00e0 votre niveau.[\/vc_column_text][\/vc_column_inner][vc_column_inner width=&#8221;1\/4&#8243;][vc_single_image image=&#8221;225785&#8243; img_size=&#8221;700&#215;400&#8243; css=&#8221;.vc_custom_1763990587026{background-position: center !important;background-repeat: no-repeat !important;background-size: cover !important;}&#8221;][vc_column_text]<\/p>\n<h4><span style=\"color: #00adef;\">Un enseignement de qualit\u00e9<\/span><\/h4>\n<p>Depuis toujours, nous d\u00e9veloppons une expertise et un savoir-faire in\u00e9gal\u00e9s dans l\u2019enseignement des sports de glisse. Rejoignez-nous et prenez du plaisir \u00e0 apprendre \u00e0 skier.[\/vc_column_text][\/vc_column_inner][\/vc_row_inner][\/vc_column][\/vc_row][vc_row css=&#8221;.vc_custom_1757090081725{margin-top: 100px !important;margin-right: 5% !important;margin-left: 5% !important;}&#8221;][vc_column][vc_column_text]<\/p>\n<h3 style=\"text-align: left;\"><span style=\"color: #00adef;\">CHOISISSEZ VOTRE STATION ET R\u00c9SERVEZ EN LIGNE<\/span><\/h3>\n<p>[\/vc_column_text][vc_row_inner][vc_column_inner width=&#8221;1\/3&#8243;][vc_single_image image=&#8221;232447&#8243; img_size=&#8221;100X100&#8243; alignment=&#8221;center&#8221;][vc_btn title=&#8221;Chamonix&#8221; style=&#8221;outline&#8221; color=&#8221;sky&#8221; size=&#8221;sm&#8221; align=&#8221;center&#8221; link=&#8221;url:https%3A%2F%2Foxyski.com%2Ffr%2Fecole-de-ski-chamonix%2F|title:Oxyski%20Chamonix%20%C3%A9cole%20de%20ski%20et%20snowboard|&#8221;][\/vc_column_inner][vc_column_inner width=&#8221;1\/3&#8243;][vc_single_image image=&#8221;233722&#8243; img_size=&#8221;120&#215;120&#8243; alignment=&#8221;center&#8221;][vc_btn title=&#8221;Le Grand-Bornand&#8221; style=&#8221;outline&#8221; color=&#8221;sky&#8221; size=&#8221;sm&#8221; align=&#8221;center&#8221; link=&#8221;url:https%3A%2F%2Foxyski.com%2Ffr%2Fecole-de-ski-grand-bornand%2F|title:Oxyski%20Grand%20Bornand%20%C3%A9cole%20de%20ski%20et%20snowboard|&#8221;][\/vc_column_inner][vc_column_inner width=&#8221;1\/3&#8243;][vc_single_image image=&#8221;232451&#8243; img_size=&#8221;100&#215;100&#8243; alignment=&#8221;center&#8221;][vc_btn title=&#8221;Meg\u00e8ve&#8221; style=&#8221;outline&#8221; color=&#8221;sky&#8221; size=&#8221;sm&#8221; align=&#8221;center&#8221; link=&#8221;url:https%3A%2F%2Foxyski.com%2Ffr%2Fecole-de-ski-megeve%2F|title:Oxyski%20Meg%C3%A8ve%20%C3%A9cole%20de%20ski%20et%20snowboard|&#8221;][\/vc_column_inner][\/vc_row_inner][\/vc_column][\/vc_row][vc_row css=&#8221;.vc_custom_1757090090599{margin-top: 20px !important;margin-right: 5% !important;margin-left: 5% !important;}&#8221;][vc_column][vc_empty_space height=&#8221;25px&#8221;][\/vc_column][\/vc_row][vc_row full_width=&#8221;stretch_row_content&#8221; css=&#8221;.vc_custom_1504801911540{margin-bottom: 100px !important;}&#8221;][vc_column css=&#8221;.vc_custom_1477064948982{padding-right: 5% !important;padding-left: 5% !important;background-color: #00adef !important;}&#8221;][vc_empty_space height=&#8221;40px&#8221;][vc_custom_heading text=&#8221;OXYSKI EST FIER DE S\u2019ASSOCIER \u00c0 D\u2019AUTRES \u00c9COLES DE SKI ET SNOWBOARD DANS CES STATIONS.&#8221; font_container=&#8221;tag:h2|text_align:center|color:%23ffffff&#8221; use_theme_fonts=&#8221;yes&#8221; css_animation=&#8221;none&#8221; css=&#8221;.vc_custom_1763991387910{padding-right: 4% !important;padding-left: 4% !important;}&#8221;][vc_empty_space height=&#8221;25px&#8221;][vc_empty_space height=&#8221;40px&#8221;][\/vc_column][\/vc_row][vc_row full_width=&#8221;stretch_row_content&#8221; content_placement=&#8221;middle&#8221;][vc_column el_class=&#8221;resort-selector&#8221;][vc_raw_html]PGEgdGl0bGU9Ik94eWfDqG5lIFNraSBTY2hvb2wgaW4gQmVsbGUgUGxhZ25lIiBocmVmPSJodHRwczovL3d3dy5veHlnZW5lLnNraS9iZWxsZS1wbGFnbmUtc2tpLXNjaG9vbC8iPg0KPGltZyBzdHlsZT0ibWF4LWhlaWdodDogMTIwcHg7IiBzcmM9Imh0dHBzOi8vb3h5Z2VuZS5za2kvd3AtY29udGVudC91cGxvYWRzLzIwMjQvMDcvbG9nby1iZWxsZXBsYWduZS0xLnBuZyIgYWx0PSJMb2dvIEJlbGxlIFBsYWduZSIgLz48L2E+DQoNCkJlbGxlIFBsYWduZQ0KDQo8YSB0aXRsZT0iT3h5Z8OobmUgU2tpIFNjaG9vbCBpbiBDb3VyY2hldmVsIiBocmVmPSJodHRwczovL3d3dy5veHlnZW5lLnNraS9jb3VyY2hldmVsLXNraS1zY2hvb2wvIj4NCjxpbWcgc3JjPSJodHRwczovL294eWdlbmUuc2tpL3dwLWNvbnRlbnQvdXBsb2Fkcy8yMDI0LzA3L2xvZ28tY291cmNoZXZlbC5wbmciIGFsdD0iTG9nbyBDb3VyY2hldmVsIiAvPjwvYT4NCg0KQ291cmNoZXZlbA0KDQo8YSB0aXRsZT0iT3h5Z8OobmUgU2tpIFNjaG9vbCBpbiBMYSBQbGFnbmUiIGhyZWY9Imh0dHBzOi8vd3d3Lm94eWdlbmUuc2tpL2xhLXBsYWduZS1za2ktc2Nob29sLyI+DQo8aW1nIHN0eWxlPSJtYXgtaGVpZ2h0OiAxMjBweDsiIHNyYz0iaHR0cHM6Ly9veHlnZW5lLnNraS93cC1jb250ZW50L3VwbG9hZHMvMjAyNC8wNy9sb2dvLWxhcGxhZ25lLnBuZyIgYWx0PSJMb2dvIExhIFBsYWduZSIgLz48L2E+DQoNCkxhIFBsYWduZQ0KDQo8YSB0aXRsZT0iT3h5Z8OobmUgRWNvbGUgZGUgU2tpIMOgIGxhIFJvc2nDqHJlIiBocmVmPSJodHRwczovL3d3dy5veHlnZW5lLnNraS9sYS1yb3NpZXJlLXNraS1zY2hvb2wvIj4NCjxpbWcgc3R5bGU9Im1heC13aWR0aDogMTE1cHg7IiBzcmM9Imh0dHBzOi8vb3h5Z2VuZS5za2kvd3AtY29udGVudC91cGxvYWRzLzIwMjQvMDcvbG9nby1sYXJvc2llcmUucG5nIiBhbHQ9IkxvZ28gTGEgUm9zacOocmUiIC8+PC9hPg0KDQpMYSBSb3Npw6hyZQ0KDQo8YSB0aXRsZT0iT3h5Z8OobmUgU2tpIFNjaG9vbCBpbiBMYSBUYW5pYSIgaHJlZj0iaHR0cHM6Ly93d3cub3h5Z2VuZS5za2kvbGEtdGFuaWEtc2tpLXNjaG9vbC8iPg0KPGltZyBzcmM9Imh0dHBzOi8vb3h5Z2VuZS5za2kvd3AtY29udGVudC91cGxvYWRzLzIwMjQvMDcvbG9nby1sYXRhbmlhLnBuZyIgYWx0PSJMb2dvIExhIFRhbmlhIiAvPjwvYT4NCg0KTGEgVGFuaWENCg0KPGEgdGl0bGU9Ik94eWfDqG5lIFNraSBTY2hvb2wgaW4gTGVzIE1lbnVpcmVzIiBocmVmPSJodHRwczovL3d3dy5veHlnZW5lLnNraS9sZXMtbWVudWlyZXMtc2tpLXNjaG9vbC8iPg0KPGltZyBzcmM9Imh0dHBzOi8vb3h5Z2VuZS5za2kvd3AtY29udGVudC91cGxvYWRzLzIwMjQvMDcvbG9nby1sZXNtZW51aXJlcy5wbmciIGFsdD0iTG9nbyBMZXMgTWVudWlyZXMiIC8+PC9hPg0KDQpMZXMgTWVudWlyZXMNCg0KPGEgdGl0bGU9Ik94eWfDqG5lIFNraSBTY2hvb2wgaW4gTcOpcmliZWwiIGhyZWY9Imh0dHBzOi8vd3d3Lm94eWdlbmUuc2tpL21lcmliZWwtc2tpLXNjaG9vbC8iPg0KPGltZyBzcmM9Imh0dHBzOi8vb3h5Z2VuZS5za2kvd3AtY29udGVudC91cGxvYWRzLzIwMjQvMDcvbG9nby1tZXJpYmVsLnBuZyIgYWx0PSJMb2dvIE3DqXJpYmVsIiAvPjwvYT4NCg0KTcOpcmliZWwNCg0KPGEgdGl0bGU9Ik94eWfDqG5lIFNraSBTY2hvb2wgaW4gU2FpbnQgTWFydGluIGRlIEJlbGxldmlsbGUiIGhyZWY9Imh0dHBzOi8vd3d3Lm94eWdlbmUuc2tpL3N0LW1hcnRpbi1kZS1iZWxsZXZpbGxlLXNraS1zY2hvb2wvIj4NCjxpbWcgc3JjPSJodHRwczovL294eWdlbmUuc2tpL3dwLWNvbnRlbnQvdXBsb2Fkcy8yMDI0LzA3L2xvZ28tc3RtYXJ0aW5kZWJlbGxldmlsbGUucG5nIiBhbHQ9IkxvZ28gU2FpbnQgTWFydGluIGRlIEJlbGxldmlsbGUiIC8+PC9hPg0KDQpTdCBNYXJ0aW4gZGUgQmVsbGV2aWxsZQ0KDQo8YSB0aXRsZT0iT3h5Z8OobmUgU2tpIFNjaG9vbCBpbiBUaWduZXMiIGhyZWY9Imh0dHBzOi8vd3d3Lm94eWdlbmUuc2tpL3RpZ25lcy1za2ktc2Nob29sLyI+DQo8aW1nIHNyYz0iaHR0cHM6Ly9veHlnZW5lLnNraS93cC1jb250ZW50L3VwbG9hZHMvMjAyNC8wNy9sb2dvLXRpZ25lcy5wbmciIGFsdD0iTG9nbyBUaWduZXMiIC8+PC9hPg0KDQpUaWduZXMNCg0KPGEgdGl0bGU9Ik94eWdlbmUgU2tpIFNjaG9vbCBpbiBTZXJyZSBDaGV2YWxpZXIiIGhyZWY9Imh0dHBzOi8vd3d3Lm94eWdlbmUuc2tpL3NlcnJlLWNoZXZhbGllci1za2ktc2Nob29sLyI+DQo8aW1nIHN0eWxlPSJtYXgtaGVpZ2h0OiAxMjBweDsiIHNyYz0iaHR0cHM6Ly9veHlnZW5lLnNraS93cC1jb250ZW50L3VwbG9hZHMvMjAyNC8wNy9sb2dvLXNlcnJlY2hldmFsaWVyLTEwMHgxMDAucG5nIiBhbHQ9IkxvZ28gU2VycmUgQ2hldmFsaWVyIiAvPjwvYT4NCg0KU2VycmUgQ2hldmFsaWVyDQoNCjxhIHRpdGxlPSJPeHlnw6huZSBTa2kgU2Nob29sIGluIFViYXllIFZhbGxleSIgaHJlZj0iaHR0cHM6Ly93d3cub3h5Z2VuZS5za2kvdWJheWUtc2tpLXNjaG9vbC8iPg0KPGltZyBzcmM9Imh0dHBzOi8vb3h5Z2VuZS5za2kvd3AtY29udGVudC91cGxvYWRzLzIwMjQvMDcvbG9nby12YWxsZWVkdWJheWUtMTAweDEwMC5wbmciIGFsdD0iTG9nbyBVYmF5ZSIgLz48L2E+DQoNClViYXllIFZhbGxleQ0KDQo8YSB0aXRsZT0iT3h5Z8OobmUgU2tpIFNjaG9vbCBpbiBWYWxkJ0lzw6hyZSIgaHJlZj0iaHR0cHM6Ly93d3cub3h5Z2VuZS5za2kvdmFsLWQtaXNlcmUtc2tpLXNjaG9vbC8iPg0KPGltZyBzdHlsZT0ibWF4LXdpZHRoOiAxMTVweDsiIHNyYz0iaHR0cHM6Ly9veHlnZW5lLnNraS93cC1jb250ZW50L3VwbG9hZHMvMjAyNC8wNy9sb2dvLXZhbGRpc2VyZS0xMDB4MTAwLnBuZyIgYWx0PSJMb2dvIFZhbCBkJ0lzw6hyZSIgLz48L2E+DQoNClZhbCBkJ0lzw6hyZQ0KDQo8YSB0aXRsZT0iT3h5Z8OobmUgU2tpIFNjaG9vbCBpbiBWYWwgVGhvcmVucyIgaHJlZj0iaHR0cHM6Ly93d3cub3h5Z2VuZS5za2kvdmFsLXRob3JlbnMtc2tpLXNjaG9vbC8iPg0KPGltZyBzcmM9Imh0dHBzOi8vd3d3Lm94eWdlbmUuc2tpL3dwLWNvbnRlbnQvdXBsb2Fkcy8yMDE3LzA2L3ZhbC10aG9yZW5zLWItMS0yMDB4MTUwLnBuZyIgYWx0PSJMb2dvIFZhbCBUaG9yZW5zIiAvPjwvYT4NCg0KVmFsIFRob3JlbnMNCg0KJm5ic3A7[\/vc_raw_html][\/vc_column][\/vc_row]<\/p>\n","protected":false},"excerpt":{"rendered":"<p>[vc_row][vc_column][vc_single_image image=&#8221;232416&#8243; img_size=&#8221;2000&#215;600&#8243; alignment=&#8221;center&#8221; el_class=&#8221;image-headband-frontpage-main&#8221;][vc_empty_space height=&#8221;20px&#8221;][\/vc_column][\/vc_row][vc_row css=&#8221;.vc_custom_1764340097337{margin-right: 5% !important;margin-left: 5% !important;}&#8221;][vc_column width=&#8221;1\/2&#8243; css=&#8221;.vc_custom_1757090052099{margin-top: 40px !important;}&#8221;][vc_column_text] \u00c9COLE DE SKI &amp; SNOWBOARD OXYSKI : EXPERTS EN SPORTS D\u2019HIVER !\u00a0 &nbsp; [\/vc_column_text][vc_column_text css=&#8221;.vc_custom_1769500301289{margin-right: 10% !important;}&#8221;]Nous sommes Oxyski, l\u2019\u00e9cole de ski et snowboard conviviale et familiale de r\u00e9f\u00e9rence au Grand-Bornand, \u00e0 Chamonix et \u00e0 Meg\u00e8ve. Soucieuse de fournir un [&hellip;]<\/p>\n","protected":false},"author":6243,"featured_media":0,"parent":0,"menu_order":0,"comment_status":"closed","ping_status":"closed","template":"page-full-width.php","meta":[],"yoast_head":"<!-- This site is optimized with the Yoast SEO plugin v17.6 - https:\/\/yoast.com\/wordpress\/plugins\/seo\/ -->\n<title>Bienvenue chez Oxyski \u00c9cole de ski &amp; snowboard<\/title>\n<meta name=\"description\" content=\"Bienvenue \u00e0 l&#039;\u00e9cole de ski et snowboard Oxyski ! Nous sommes une \u00e9cole de ski fran\u00e7aise pr\u00e9sente dans les Alpes fran\u00e7aises.\" \/>\n<meta name=\"robots\" content=\"index, follow, max-snippet:-1, max-image-preview:large, max-video-preview:-1\" \/>\n<link rel=\"canonical\" href=\"https:\/\/oxyski.com\/fr\/accueil\/\" \/>\n<meta property=\"og:locale\" content=\"fr_FR\" \/>\n<meta property=\"og:type\" content=\"article\" \/>\n<meta property=\"og:title\" content=\"Bienvenue chez Oxyski \u00c9cole de ski &amp; snowboard\" \/>\n<meta property=\"og:description\" content=\"Bienvenue \u00e0 l&#039;\u00e9cole de ski et snowboard Oxyski ! Nous sommes une \u00e9cole de ski fran\u00e7aise pr\u00e9sente dans les Alpes fran\u00e7aises.\" \/>\n<meta property=\"og:url\" content=\"https:\/\/oxyski.com\/fr\/accueil\/\" \/>\n<meta property=\"og:site_name\" content=\"Oxyski\" \/>\n<meta property=\"article:publisher\" content=\"https:\/\/www.facebook.com\/OxygeneSki\" \/>\n<meta property=\"article:modified_time\" content=\"2026-01-27T12:52:58+00:00\" \/>\n<meta name=\"twitter:card\" content=\"summary\" \/>\n<meta name=\"twitter:site\" content=\"@Oxygene_Ski\" \/>\n<meta name=\"twitter:label1\" content=\"Est. reading time\" \/>\n\t<meta name=\"twitter:data1\" content=\"2 minutes\" \/>\n<script type=\"application\/ld+json\" class=\"yoast-schema-graph\">{\"@context\":\"https:\/\/schema.org\",\"@graph\":[{\"@type\":\"WebSite\",\"@id\":\"https:\/\/oxyski.com\/#website\",\"url\":\"https:\/\/oxyski.com\/\",\"name\":\"Oxyski\",\"description\":\"\",\"potentialAction\":[{\"@type\":\"SearchAction\",\"target\":{\"@type\":\"EntryPoint\",\"urlTemplate\":\"https:\/\/oxyski.com\/?s={search_term_string}\"},\"query-input\":\"required name=search_term_string\"}],\"inLanguage\":\"fr\"},{\"@type\":\"WebPage\",\"@id\":\"https:\/\/oxyski.com\/fr\/accueil\/#webpage\",\"url\":\"https:\/\/oxyski.com\/fr\/accueil\/\",\"name\":\"Bienvenue chez Oxyski \\u00c9cole de ski & snowboard\",\"isPartOf\":{\"@id\":\"https:\/\/oxyski.com\/#website\"},\"datePublished\":\"2025-11-25T11:52:26+00:00\",\"dateModified\":\"2026-01-27T12:52:58+00:00\",\"description\":\"Bienvenue \\u00e0 l'\\u00e9cole de ski et snowboard Oxyski ! Nous sommes une \\u00e9cole de ski fran\\u00e7aise pr\\u00e9sente dans les Alpes fran\\u00e7aises.\",\"breadcrumb\":{\"@id\":\"https:\/\/oxyski.com\/fr\/accueil\/#breadcrumb\"},\"inLanguage\":\"fr\",\"potentialAction\":[{\"@type\":\"ReadAction\",\"target\":[\"https:\/\/oxyski.com\/fr\/accueil\/\"]}]},{\"@type\":\"BreadcrumbList\",\"@id\":\"https:\/\/oxyski.com\/fr\/accueil\/#breadcrumb\",\"itemListElement\":[{\"@type\":\"ListItem\",\"position\":1,\"name\":\"Home\",\"item\":\"https:\/\/oxyski.com\/fr\/accueil\/\"},{\"@type\":\"ListItem\",\"position\":2,\"name\":\"Accueil\"}]}]}<\/script>\n<!-- \/ Yoast SEO plugin. -->","yoast_head_json":{"title":"Bienvenue chez Oxyski \u00c9cole de ski & snowboard","description":"Bienvenue \u00e0 l'\u00e9cole de ski et snowboard Oxyski ! Nous sommes une \u00e9cole de ski fran\u00e7aise pr\u00e9sente dans les Alpes fran\u00e7aises.","robots":{"index":"index","follow":"follow","max-snippet":"max-snippet:-1","max-image-preview":"max-image-preview:large","max-video-preview":"max-video-preview:-1"},"canonical":"https:\/\/oxyski.com\/fr\/accueil\/","og_locale":"fr_FR","og_type":"article","og_title":"Bienvenue chez Oxyski \u00c9cole de ski & snowboard","og_description":"Bienvenue \u00e0 l'\u00e9cole de ski et snowboard Oxyski ! Nous sommes une \u00e9cole de ski fran\u00e7aise pr\u00e9sente dans les Alpes fran\u00e7aises.","og_url":"https:\/\/oxyski.com\/fr\/accueil\/","og_site_name":"Oxyski","article_publisher":"https:\/\/www.facebook.com\/OxygeneSki","article_modified_time":"2026-01-27T12:52:58+00:00","twitter_card":"summary","twitter_site":"@Oxygene_Ski","twitter_misc":{"Est. reading time":"2 minutes"},"schema":{"@context":"https:\/\/schema.org","@graph":[{"@type":"WebSite","@id":"https:\/\/oxyski.com\/#website","url":"https:\/\/oxyski.com\/","name":"Oxyski","description":"","potentialAction":[{"@type":"SearchAction","target":{"@type":"EntryPoint","urlTemplate":"https:\/\/oxyski.com\/?s={search_term_string}"},"query-input":"required name=search_term_string"}],"inLanguage":"fr"},{"@type":"WebPage","@id":"https:\/\/oxyski.com\/fr\/accueil\/#webpage","url":"https:\/\/oxyski.com\/fr\/accueil\/","name":"Bienvenue chez Oxyski \u00c9cole de ski & snowboard","isPartOf":{"@id":"https:\/\/oxyski.com\/#website"},"datePublished":"2025-11-25T11:52:26+00:00","dateModified":"2026-01-27T12:52:58+00:00","description":"Bienvenue \u00e0 l'\u00e9cole de ski et snowboard Oxyski ! Nous sommes une \u00e9cole de ski fran\u00e7aise pr\u00e9sente dans les Alpes fran\u00e7aises.","breadcrumb":{"@id":"https:\/\/oxyski.com\/fr\/accueil\/#breadcrumb"},"inLanguage":"fr","potentialAction":[{"@type":"ReadAction","target":["https:\/\/oxyski.com\/fr\/accueil\/"]}]},{"@type":"BreadcrumbList","@id":"https:\/\/oxyski.com\/fr\/accueil\/#breadcrumb","itemListElement":[{"@type":"ListItem","position":1,"name":"Home","item":"https:\/\/oxyski.com\/fr\/accueil\/"},{"@type":"ListItem","position":2,"name":"Accueil"}]}]}},"_links":{"self":[{"href":"https:\/\/oxyski.com\/fr\/wp-json\/wp\/v2\/pages\/232879"}],"collection":[{"href":"https:\/\/oxyski.com\/fr\/wp-json\/wp\/v2\/pages"}],"about":[{"href":"https:\/\/oxyski.com\/fr\/wp-json\/wp\/v2\/types\/page"}],"author":[{"embeddable":true,"href":"https:\/\/oxyski.com\/fr\/wp-json\/wp\/v2\/users\/6243"}],"replies":[{"embeddable":true,"href":"https:\/\/oxyski.com\/fr\/wp-json\/wp\/v2\/comments?post=232879"}],"version-history":[{"count":25,"href":"https:\/\/oxyski.com\/fr\/wp-json\/wp\/v2\/pages\/232879\/revisions"}],"predecessor-version":[{"id":233808,"href":"https:\/\/oxyski.com\/fr\/wp-json\/wp\/v2\/pages\/232879\/revisions\/233808"}],"wp:attachment":[{"href":"https:\/\/oxyski.com\/fr\/wp-json\/wp\/v2\/media?parent=232879"}],"curies":[{"name":"wp","href":"https:\/\/api.w.org\/{rel}","templated":true}]}}