{"id":232875,"date":"2025-11-25T12:51:34","date_gmt":"2025-11-25T11:51:34","guid":{"rendered":"https:\/\/oxyski.com\/contact\/"},"modified":"2026-01-28T08:47:29","modified_gmt":"2026-01-28T07:47:29","slug":"contact","status":"publish","type":"page","link":"https:\/\/oxyski.com\/fr\/contact\/","title":{"rendered":"Contact"},"content":{"rendered":"<p>[vc_row][vc_column][vc_single_image image=&#8221;233390&#8243; img_size=&#8221;2000&#215;600&#8243; alignment=&#8221;center&#8221; el_class=&#8221;image-headband-frontpage-main&#8221;][\/vc_column][\/vc_row][vc_row css=&#8221;.vc_custom_1489493682930{padding-top: 50px !important;padding-bottom: 50px !important;}&#8221;][vc_column][vc_column_text css_animation=&#8221;none&#8221;]<\/p>\n<h2 style=\"text-align: center;\"><span style=\"color: #00adef;\"><strong>CONTACTEZ-NOUS<\/strong><\/span><\/h2>\n<p>[\/vc_column_text][vc_column_text css=&#8221;.vc_custom_1763995927421{padding-top: 0px !important;padding-right: 10% !important;padding-bottom: 0px !important;padding-left: 10% !important;}&#8221;]<\/p>\n<p style=\"text-align: center;\">Besoin de plus d\u2019informations ? Contactez directement nos stations en utilisant les coordonn\u00e9es ci-dessous. Notre \u00e9quipe de r\u00e9servation est disponible toute l\u2019ann\u00e9e et se fera un plaisir de vous aider !<\/p>\n<p>[\/vc_column_text][vc_row_inner type=&#8221;boxed&#8221;][vc_column_inner width=&#8221;1\/3&#8243;][vc_single_image image=&#8221;232447&#8243; alignment=&#8221;center&#8221; css_animation=&#8221;none&#8221;][vc_column_text]<\/p>\n<h5 style=\"text-align: center;\">CHAMONIX<\/h5>\n<p>[\/vc_column_text][vc_column_text css=&#8221;.vc_custom_1764071044013{padding-top: 0px !important;padding-bottom: 0px !important;}&#8221;]<\/p>\n<p style=\"text-align: center;\">\u00c9cole de Ski et Snowboard Oxyski <strong>Chamonix<\/strong><br \/>\nPrieur\u00e9 ski shop \u2013 149 all\u00e9e recteur Payot<br \/>\n74400 Chamonix<\/p>\n<p>[\/vc_column_text][vc_btn title=&#8221;+33 (0)6 83 82 65 11&#8243; align=&#8221;center&#8221; i_icon_fontawesome=&#8221;fas fa-phone-alt&#8221; add_icon=&#8221;true&#8221; link=&#8221;url:tel%3A%20%2B33683826511|target:_blank|&#8221;][vc_btn title=&#8221;chamonix@oxyski.com&#8221; align=&#8221;center&#8221; i_icon_fontawesome=&#8221;fas fa-envelope&#8221; add_icon=&#8221;true&#8221; link=&#8221;url:mailto%3A%20chamonix%40oxyski.com|target:_blank|&#8221;][\/vc_column_inner][vc_column_inner width=&#8221;1\/3&#8243;][vc_single_image image=&#8221;233722&#8243; alignment=&#8221;center&#8221; css_animation=&#8221;none&#8221;][vc_column_text]<\/p>\n<h5 style=\"text-align: center;\">LE GRAND-BORNAND<\/h5>\n<p>[\/vc_column_text][vc_column_text css=&#8221;.vc_custom_1769585825671{padding-top: 0px !important;padding-bottom: 0px !important;}&#8221;]<\/p>\n<p style=\"text-align: center;\">\u00c9cole de Ski et Snowboard Oxyski <strong>Grand-Bornand<\/strong><br \/>\nR\u00e9sidence les Amborzales \u2013 7195 Route du Chinaillon<br \/>\n74450 Le Grand-Bornand<\/p>\n<p>[\/vc_column_text][vc_btn title=&#8221;+33 (0)4 80 80 60 50&#8243; align=&#8221;center&#8221; i_icon_fontawesome=&#8221;fas fa-phone-alt&#8221; add_icon=&#8221;true&#8221; link=&#8221;url:tel%3A%20%2B33480806050|target:_blank|&#8221;][vc_btn title=&#8221;grandbornand@oxyski.com&#8221; align=&#8221;center&#8221; i_icon_fontawesome=&#8221;fas fa-envelope&#8221; add_icon=&#8221;true&#8221; link=&#8221;url:mailto%3A%20grandbornand%40oxyski.com|target:_blank|&#8221;][\/vc_column_inner][vc_column_inner width=&#8221;1\/3&#8243;][vc_single_image image=&#8221;232451&#8243; alignment=&#8221;center&#8221; css_animation=&#8221;none&#8221;][vc_column_text]<\/p>\n<h5 style=\"text-align: center;\">MEG\u00c8VE<\/h5>\n<p>[\/vc_column_text][vc_column_text css=&#8221;.vc_custom_1764071057610{padding-top: 0px !important;padding-bottom: 0px !important;}&#8221;]<\/p>\n<p style=\"text-align: center;\">\u00c9cole de Ski et Snowboard Oxyski <strong>Meg\u00e8ve<\/strong><br \/>\n279 rue de la Poste<br \/>\n74120 Meg\u00e8ve<\/p>\n<p>[\/vc_column_text][vc_btn title=&#8221;+33 (0)4 50 58 78 88&#8243; align=&#8221;center&#8221; i_icon_fontawesome=&#8221;fas fa-phone-alt&#8221; add_icon=&#8221;true&#8221; link=&#8221;url:tel%3A%20%2B33450587888|target:_blank|&#8221;][vc_btn title=&#8221;+33 (0)6 70 61 30 04&#8243; align=&#8221;center&#8221; i_icon_fontawesome=&#8221;fab fa-whatsapp&#8221; add_icon=&#8221;true&#8221; link=&#8221;url:https%3A%2F%2Fwa.me%2F33612345678|target:_blank|&#8221;][vc_btn title=&#8221;megeve@oxyski.com&#8221; align=&#8221;center&#8221; i_icon_fontawesome=&#8221;fas fa-envelope&#8221; add_icon=&#8221;true&#8221; link=&#8221;url:mailto%3A%20megeve%40oxyski.com|target:_blank|&#8221;][\/vc_column_inner][\/vc_row_inner][\/vc_column][\/vc_row]<\/p>\n","protected":false},"excerpt":{"rendered":"<p>[vc_row][vc_column][vc_single_image image=&#8221;233390&#8243; img_size=&#8221;2000&#215;600&#8243; alignment=&#8221;center&#8221; el_class=&#8221;image-headband-frontpage-main&#8221;][\/vc_column][\/vc_row][vc_row css=&#8221;.vc_custom_1489493682930{padding-top: 50px !important;padding-bottom: 50px !important;}&#8221;][vc_column][vc_column_text css_animation=&#8221;none&#8221;] CONTACTEZ-NOUS [\/vc_column_text][vc_column_text css=&#8221;.vc_custom_1763995927421{padding-top: 0px !important;padding-right: 10% !important;padding-bottom: 0px !important;padding-left: 10% !important;}&#8221;] Besoin de plus d\u2019informations ? Contactez directement nos stations en utilisant les coordonn\u00e9es ci-dessous. Notre \u00e9quipe de r\u00e9servation est disponible toute l\u2019ann\u00e9e et se fera un plaisir de vous aider ! [\/vc_column_text][vc_row_inner type=&#8221;boxed&#8221;][vc_column_inner [&hellip;]<\/p>\n","protected":false},"author":6243,"featured_media":0,"parent":0,"menu_order":0,"comment_status":"closed","ping_status":"closed","template":"page-full-width.php","meta":[],"yoast_head":"<!-- This site is optimized with the Yoast SEO plugin v17.6 - https:\/\/yoast.com\/wordpress\/plugins\/seo\/ -->\n<title>Contactez-nous | \u00c9cole de Ski &amp; Snowboard Oxyski<\/title>\n<meta name=\"description\" content=\"Contactez directement l\u2019\u00e9cole de ski et snowboard Oxyski pour r\u00e9server vos cours de ski ou de snowboard en groupe ou priv\u00e9s cet hiver.\" \/>\n<meta name=\"robots\" content=\"index, follow, max-snippet:-1, max-image-preview:large, max-video-preview:-1\" \/>\n<link rel=\"canonical\" href=\"https:\/\/oxyski.com\/fr\/contact\/\" \/>\n<meta property=\"og:locale\" content=\"fr_FR\" \/>\n<meta property=\"og:type\" content=\"article\" \/>\n<meta property=\"og:title\" content=\"Contactez-nous | \u00c9cole de Ski &amp; Snowboard Oxyski\" \/>\n<meta property=\"og:description\" content=\"Contactez directement l\u2019\u00e9cole de ski et snowboard Oxyski pour r\u00e9server vos cours de ski ou de snowboard en groupe ou priv\u00e9s cet hiver.\" \/>\n<meta property=\"og:url\" content=\"https:\/\/oxyski.com\/fr\/contact\/\" \/>\n<meta property=\"og:site_name\" content=\"Oxyski\" \/>\n<meta property=\"article:publisher\" content=\"https:\/\/www.facebook.com\/OxygeneSki\" \/>\n<meta property=\"article:modified_time\" content=\"2026-01-28T07:47:29+00:00\" \/>\n<meta name=\"twitter:card\" content=\"summary\" \/>\n<meta name=\"twitter:site\" content=\"@Oxygene_Ski\" \/>\n<meta name=\"twitter:label1\" content=\"Est. reading time\" \/>\n\t<meta name=\"twitter:data1\" content=\"2 minutes\" \/>\n<script type=\"application\/ld+json\" class=\"yoast-schema-graph\">{\"@context\":\"https:\/\/schema.org\",\"@graph\":[{\"@type\":\"WebSite\",\"@id\":\"https:\/\/oxyski.com\/#website\",\"url\":\"https:\/\/oxyski.com\/\",\"name\":\"Oxyski\",\"description\":\"\",\"potentialAction\":[{\"@type\":\"SearchAction\",\"target\":{\"@type\":\"EntryPoint\",\"urlTemplate\":\"https:\/\/oxyski.com\/?s={search_term_string}\"},\"query-input\":\"required name=search_term_string\"}],\"inLanguage\":\"fr\"},{\"@type\":\"WebPage\",\"@id\":\"https:\/\/oxyski.com\/fr\/contact\/#webpage\",\"url\":\"https:\/\/oxyski.com\/fr\/contact\/\",\"name\":\"Contactez-nous | \\u00c9cole de Ski & Snowboard Oxyski\",\"isPartOf\":{\"@id\":\"https:\/\/oxyski.com\/#website\"},\"datePublished\":\"2025-11-25T11:51:34+00:00\",\"dateModified\":\"2026-01-28T07:47:29+00:00\",\"description\":\"Contactez directement l\\u2019\\u00e9cole de ski et snowboard Oxyski pour r\\u00e9server vos cours de ski ou de snowboard en groupe ou priv\\u00e9s cet hiver.\",\"breadcrumb\":{\"@id\":\"https:\/\/oxyski.com\/fr\/contact\/#breadcrumb\"},\"inLanguage\":\"fr\",\"potentialAction\":[{\"@type\":\"ReadAction\",\"target\":[\"https:\/\/oxyski.com\/fr\/contact\/\"]}]},{\"@type\":\"BreadcrumbList\",\"@id\":\"https:\/\/oxyski.com\/fr\/contact\/#breadcrumb\",\"itemListElement\":[{\"@type\":\"ListItem\",\"position\":1,\"name\":\"Home\",\"item\":\"https:\/\/oxyski.com\/fr\/accueil\/\"},{\"@type\":\"ListItem\",\"position\":2,\"name\":\"Contact\"}]}]}<\/script>\n<!-- \/ Yoast SEO plugin. -->","yoast_head_json":{"title":"Contactez-nous | \u00c9cole de Ski & Snowboard Oxyski","description":"Contactez directement l\u2019\u00e9cole de ski et snowboard Oxyski pour r\u00e9server vos cours de ski ou de snowboard en groupe ou priv\u00e9s cet hiver.","robots":{"index":"index","follow":"follow","max-snippet":"max-snippet:-1","max-image-preview":"max-image-preview:large","max-video-preview":"max-video-preview:-1"},"canonical":"https:\/\/oxyski.com\/fr\/contact\/","og_locale":"fr_FR","og_type":"article","og_title":"Contactez-nous | \u00c9cole de Ski & Snowboard Oxyski","og_description":"Contactez directement l\u2019\u00e9cole de ski et snowboard Oxyski pour r\u00e9server vos cours de ski ou de snowboard en groupe ou priv\u00e9s cet hiver.","og_url":"https:\/\/oxyski.com\/fr\/contact\/","og_site_name":"Oxyski","article_publisher":"https:\/\/www.facebook.com\/OxygeneSki","article_modified_time":"2026-01-28T07:47:29+00:00","twitter_card":"summary","twitter_site":"@Oxygene_Ski","twitter_misc":{"Est. reading time":"2 minutes"},"schema":{"@context":"https:\/\/schema.org","@graph":[{"@type":"WebSite","@id":"https:\/\/oxyski.com\/#website","url":"https:\/\/oxyski.com\/","name":"Oxyski","description":"","potentialAction":[{"@type":"SearchAction","target":{"@type":"EntryPoint","urlTemplate":"https:\/\/oxyski.com\/?s={search_term_string}"},"query-input":"required name=search_term_string"}],"inLanguage":"fr"},{"@type":"WebPage","@id":"https:\/\/oxyski.com\/fr\/contact\/#webpage","url":"https:\/\/oxyski.com\/fr\/contact\/","name":"Contactez-nous | \u00c9cole de Ski & Snowboard Oxyski","isPartOf":{"@id":"https:\/\/oxyski.com\/#website"},"datePublished":"2025-11-25T11:51:34+00:00","dateModified":"2026-01-28T07:47:29+00:00","description":"Contactez directement l\u2019\u00e9cole de ski et snowboard Oxyski pour r\u00e9server vos cours de ski ou de snowboard en groupe ou priv\u00e9s cet hiver.","breadcrumb":{"@id":"https:\/\/oxyski.com\/fr\/contact\/#breadcrumb"},"inLanguage":"fr","potentialAction":[{"@type":"ReadAction","target":["https:\/\/oxyski.com\/fr\/contact\/"]}]},{"@type":"BreadcrumbList","@id":"https:\/\/oxyski.com\/fr\/contact\/#breadcrumb","itemListElement":[{"@type":"ListItem","position":1,"name":"Home","item":"https:\/\/oxyski.com\/fr\/accueil\/"},{"@type":"ListItem","position":2,"name":"Contact"}]}]}},"_links":{"self":[{"href":"https:\/\/oxyski.com\/fr\/wp-json\/wp\/v2\/pages\/232875"}],"collection":[{"href":"https:\/\/oxyski.com\/fr\/wp-json\/wp\/v2\/pages"}],"about":[{"href":"https:\/\/oxyski.com\/fr\/wp-json\/wp\/v2\/types\/page"}],"author":[{"embeddable":true,"href":"https:\/\/oxyski.com\/fr\/wp-json\/wp\/v2\/users\/6243"}],"replies":[{"embeddable":true,"href":"https:\/\/oxyski.com\/fr\/wp-json\/wp\/v2\/comments?post=232875"}],"version-history":[{"count":35,"href":"https:\/\/oxyski.com\/fr\/wp-json\/wp\/v2\/pages\/232875\/revisions"}],"predecessor-version":[{"id":233882,"href":"https:\/\/oxyski.com\/fr\/wp-json\/wp\/v2\/pages\/232875\/revisions\/233882"}],"wp:attachment":[{"href":"https:\/\/oxyski.com\/fr\/wp-json\/wp\/v2\/media?parent=232875"}],"curies":[{"name":"wp","href":"https:\/\/api.w.org\/{rel}","templated":true}]}}