{"id":12480,"date":"2017-08-22T10:48:44","date_gmt":"2017-08-22T08:48:44","guid":{"rendered":"https:\/\/oxyski.com\/?page_id=12480\/"},"modified":"2025-12-15T14:48:45","modified_gmt":"2025-12-15T13:48:45","slug":"mentions-legales","status":"publish","type":"page","link":"https:\/\/oxyski.com\/fr\/mentions-legales\/","title":{"rendered":"Mentions l\u00e9gales"},"content":{"rendered":"<p>[vc_row css=&#8221;.vc_custom_1492009147133{padding-top: 50px !important;padding-bottom: 20px !important;}&#8221;][vc_column][vc_column_text css_animation=&#8221;none&#8221;]<\/p>\n<h2 style=\"text-align: center;\"><span style=\"color: #00adef;\"><strong>MENTIONS LEGALES.<\/strong><\/span><\/h2>\n<p>[\/vc_column_text][vc_empty_space height=&#8221;20px&#8221;][vc_column_text css=&#8221;.vc_custom_1765806523831{padding-top: 0px !important;padding-right: 10% !important;padding-bottom: 0px !important;padding-left: 10% !important;}&#8221;]<\/p>\n<h3>H\u00c9BERGEMENT DU SITE<\/h3>\n<p>LPL Hosting<br \/>\n9 rue de Cond\u00e9<br \/>\n33000 Bordeaux<br \/>\n05 35 54 48 27<br \/>\n<a href=\"https:\/\/www.lpl-hosting.com\/\" target=\"_blank\" rel=\"noopener noreferrer\">www.lpl-hosting.com<\/a><\/p>\n<h3>RENSEIGNEMENTS JURIDIQUES<\/h3>\n<p>OXYPAR<br \/>\n105 rue du 8 mai 1945<br \/>\n73600 Mo\u00fbtiers[\/vc_column_text][\/vc_column][\/vc_row][vc_row full_width=&#8221;stretch_row_content&#8221;][vc_column css=&#8221;.vc_custom_1479408428245{background-color: #00adef !important;}&#8221;][vc_empty_space height=&#8221;40px&#8221;][vc_custom_heading text=&#8221;VOUS AVEZ UNE QUESTION ?&#8221; font_container=&#8221;tag:h2|text_align:center|color:%23ffffff&#8221; use_theme_fonts=&#8221;yes&#8221; css_animation=&#8221;none&#8221; css=&#8221;.vc_custom_1503409861162{padding-right: 4% !important;padding-left: 4% !important;}&#8221; link=&#8221;url:https%3A%2F%2Foxyski.com%2Fcontact%2F|title:Contact%20us||&#8221;][vc_empty_space height=&#8221;25px&#8221;][vc_btn title=&#8221;Contactez-nous&#8221; style=&#8221;outline-custom&#8221; outline_custom_color=&#8221;#ffffff&#8221; outline_custom_hover_background=&#8221;#ffffff&#8221; outline_custom_hover_text=&#8221;#00adef&#8221; shape=&#8221;square&#8221; size=&#8221;lg&#8221; align=&#8221;center&#8221; css=&#8221;.vc_custom_1765449026308{background-color: #00adef !important;}&#8221; link=&#8221;url:https%3A%2F%2Foxyski.com%2Ffr%2Fcontact%2F|title:Contactez-nous&#8221;][vc_empty_space height=&#8221;40px&#8221;][\/vc_column][\/vc_row]<\/p>\n","protected":false},"excerpt":{"rendered":"<p>[vc_row css=&#8221;.vc_custom_1492009147133{padding-top: 50px !important;padding-bottom: 20px !important;}&#8221;][vc_column][vc_column_text css_animation=&#8221;none&#8221;] MENTIONS LEGALES. [\/vc_column_text][vc_empty_space height=&#8221;20px&#8221;][vc_column_text css=&#8221;.vc_custom_1765806523831{padding-top: 0px !important;padding-right: 10% !important;padding-bottom: 0px !important;padding-left: 10% !important;}&#8221;] H\u00c9BERGEMENT DU SITE LPL Hosting 9 rue de Cond\u00e9 33000 Bordeaux 05 35 54 48 27 www.lpl-hosting.com RENSEIGNEMENTS JURIDIQUES OXYPAR 105 rue du 8 mai 1945 73600 Mo\u00fbtiers[\/vc_column_text][\/vc_column][\/vc_row][vc_row full_width=&#8221;stretch_row_content&#8221;][vc_column css=&#8221;.vc_custom_1479408428245{background-color: #00adef !important;}&#8221;][vc_empty_space height=&#8221;40px&#8221;][vc_custom_heading text=&#8221;VOUS AVEZ [&hellip;]<\/p>\n","protected":false},"author":3,"featured_media":0,"parent":0,"menu_order":81,"comment_status":"closed","ping_status":"closed","template":"","meta":[],"yoast_head":"<!-- This site is optimized with the Yoast SEO plugin v17.6 - https:\/\/yoast.com\/wordpress\/plugins\/seo\/ -->\n<title>Mentions l\u00e9gales - Oxyski<\/title>\n<meta name=\"robots\" content=\"index, follow, max-snippet:-1, max-image-preview:large, max-video-preview:-1\" \/>\n<link rel=\"canonical\" href=\"https:\/\/oxyski.com\/fr\/mentions-legales\/\" \/>\n<meta property=\"og:locale\" content=\"fr_FR\" \/>\n<meta property=\"og:type\" content=\"article\" \/>\n<meta property=\"og:title\" content=\"Mentions l\u00e9gales - Oxyski\" \/>\n<meta property=\"og:description\" content=\"[vc_row css=&#8221;.vc_custom_1492009147133{padding-top: 50px !important;padding-bottom: 20px !important;}&#8221;][vc_column][vc_column_text css_animation=&#8221;none&#8221;] MENTIONS LEGALES. [\/vc_column_text][vc_empty_space height=&#8221;20px&#8221;][vc_column_text css=&#8221;.vc_custom_1765806523831{padding-top: 0px !important;padding-right: 10% !important;padding-bottom: 0px !important;padding-left: 10% !important;}&#8221;] H\u00c9BERGEMENT DU SITE LPL Hosting 9 rue de Cond\u00e9 33000 Bordeaux 05 35 54 48 27 www.lpl-hosting.com RENSEIGNEMENTS JURIDIQUES OXYPAR 105 rue du 8 mai 1945 73600 Mo\u00fbtiers[\/vc_column_text][\/vc_column][\/vc_row][vc_row full_width=&#8221;stretch_row_content&#8221;][vc_column css=&#8221;.vc_custom_1479408428245{background-color: #00adef !important;}&#8221;][vc_empty_space height=&#8221;40px&#8221;][vc_custom_heading text=&#8221;VOUS AVEZ [&hellip;]\" \/>\n<meta property=\"og:url\" content=\"https:\/\/oxyski.com\/fr\/mentions-legales\/\" \/>\n<meta property=\"og:site_name\" content=\"Oxyski\" \/>\n<meta property=\"article:publisher\" content=\"https:\/\/www.facebook.com\/OxygeneSki\" \/>\n<meta property=\"article:modified_time\" content=\"2025-12-15T13:48:45+00:00\" \/>\n<meta name=\"twitter:card\" content=\"summary\" \/>\n<meta name=\"twitter:site\" content=\"@Oxygene_Ski\" \/>\n<meta name=\"twitter:label1\" content=\"Est. reading time\" \/>\n\t<meta name=\"twitter:data1\" content=\"1 minute\" \/>\n<script type=\"application\/ld+json\" class=\"yoast-schema-graph\">{\"@context\":\"https:\/\/schema.org\",\"@graph\":[{\"@type\":\"WebSite\",\"@id\":\"https:\/\/oxyski.com\/#website\",\"url\":\"https:\/\/oxyski.com\/\",\"name\":\"Oxyski\",\"description\":\"\",\"potentialAction\":[{\"@type\":\"SearchAction\",\"target\":{\"@type\":\"EntryPoint\",\"urlTemplate\":\"https:\/\/oxyski.com\/?s={search_term_string}\"},\"query-input\":\"required name=search_term_string\"}],\"inLanguage\":\"fr\"},{\"@type\":\"WebPage\",\"@id\":\"https:\/\/oxyski.com\/fr\/mentions-legales\/#webpage\",\"url\":\"https:\/\/oxyski.com\/fr\/mentions-legales\/\",\"name\":\"Mentions l\\u00e9gales - Oxyski\",\"isPartOf\":{\"@id\":\"https:\/\/oxyski.com\/#website\"},\"datePublished\":\"2017-08-22T08:48:44+00:00\",\"dateModified\":\"2025-12-15T13:48:45+00:00\",\"breadcrumb\":{\"@id\":\"https:\/\/oxyski.com\/fr\/mentions-legales\/#breadcrumb\"},\"inLanguage\":\"fr\",\"potentialAction\":[{\"@type\":\"ReadAction\",\"target\":[\"https:\/\/oxyski.com\/fr\/mentions-legales\/\"]}]},{\"@type\":\"BreadcrumbList\",\"@id\":\"https:\/\/oxyski.com\/fr\/mentions-legales\/#breadcrumb\",\"itemListElement\":[{\"@type\":\"ListItem\",\"position\":1,\"name\":\"Home\",\"item\":\"https:\/\/oxyski.com\/fr\/accueil\/\"},{\"@type\":\"ListItem\",\"position\":2,\"name\":\"Mentions l\\u00e9gales\"}]}]}<\/script>\n<!-- \/ Yoast SEO plugin. -->","yoast_head_json":{"title":"Mentions l\u00e9gales - Oxyski","robots":{"index":"index","follow":"follow","max-snippet":"max-snippet:-1","max-image-preview":"max-image-preview:large","max-video-preview":"max-video-preview:-1"},"canonical":"https:\/\/oxyski.com\/fr\/mentions-legales\/","og_locale":"fr_FR","og_type":"article","og_title":"Mentions l\u00e9gales - Oxyski","og_description":"[vc_row css=&#8221;.vc_custom_1492009147133{padding-top: 50px !important;padding-bottom: 20px !important;}&#8221;][vc_column][vc_column_text css_animation=&#8221;none&#8221;] MENTIONS LEGALES. [\/vc_column_text][vc_empty_space height=&#8221;20px&#8221;][vc_column_text css=&#8221;.vc_custom_1765806523831{padding-top: 0px !important;padding-right: 10% !important;padding-bottom: 0px !important;padding-left: 10% !important;}&#8221;] H\u00c9BERGEMENT DU SITE LPL Hosting 9 rue de Cond\u00e9 33000 Bordeaux 05 35 54 48 27 www.lpl-hosting.com RENSEIGNEMENTS JURIDIQUES OXYPAR 105 rue du 8 mai 1945 73600 Mo\u00fbtiers[\/vc_column_text][\/vc_column][\/vc_row][vc_row full_width=&#8221;stretch_row_content&#8221;][vc_column css=&#8221;.vc_custom_1479408428245{background-color: #00adef !important;}&#8221;][vc_empty_space height=&#8221;40px&#8221;][vc_custom_heading text=&#8221;VOUS AVEZ [&hellip;]","og_url":"https:\/\/oxyski.com\/fr\/mentions-legales\/","og_site_name":"Oxyski","article_publisher":"https:\/\/www.facebook.com\/OxygeneSki","article_modified_time":"2025-12-15T13:48:45+00:00","twitter_card":"summary","twitter_site":"@Oxygene_Ski","twitter_misc":{"Est. reading time":"1 minute"},"schema":{"@context":"https:\/\/schema.org","@graph":[{"@type":"WebSite","@id":"https:\/\/oxyski.com\/#website","url":"https:\/\/oxyski.com\/","name":"Oxyski","description":"","potentialAction":[{"@type":"SearchAction","target":{"@type":"EntryPoint","urlTemplate":"https:\/\/oxyski.com\/?s={search_term_string}"},"query-input":"required name=search_term_string"}],"inLanguage":"fr"},{"@type":"WebPage","@id":"https:\/\/oxyski.com\/fr\/mentions-legales\/#webpage","url":"https:\/\/oxyski.com\/fr\/mentions-legales\/","name":"Mentions l\u00e9gales - Oxyski","isPartOf":{"@id":"https:\/\/oxyski.com\/#website"},"datePublished":"2017-08-22T08:48:44+00:00","dateModified":"2025-12-15T13:48:45+00:00","breadcrumb":{"@id":"https:\/\/oxyski.com\/fr\/mentions-legales\/#breadcrumb"},"inLanguage":"fr","potentialAction":[{"@type":"ReadAction","target":["https:\/\/oxyski.com\/fr\/mentions-legales\/"]}]},{"@type":"BreadcrumbList","@id":"https:\/\/oxyski.com\/fr\/mentions-legales\/#breadcrumb","itemListElement":[{"@type":"ListItem","position":1,"name":"Home","item":"https:\/\/oxyski.com\/fr\/accueil\/"},{"@type":"ListItem","position":2,"name":"Mentions l\u00e9gales"}]}]}},"_links":{"self":[{"href":"https:\/\/oxyski.com\/fr\/wp-json\/wp\/v2\/pages\/12480"}],"collection":[{"href":"https:\/\/oxyski.com\/fr\/wp-json\/wp\/v2\/pages"}],"about":[{"href":"https:\/\/oxyski.com\/fr\/wp-json\/wp\/v2\/types\/page"}],"author":[{"embeddable":true,"href":"https:\/\/oxyski.com\/fr\/wp-json\/wp\/v2\/users\/3"}],"replies":[{"embeddable":true,"href":"https:\/\/oxyski.com\/fr\/wp-json\/wp\/v2\/comments?post=12480"}],"version-history":[{"count":5,"href":"https:\/\/oxyski.com\/fr\/wp-json\/wp\/v2\/pages\/12480\/revisions"}],"predecessor-version":[{"id":233538,"href":"https:\/\/oxyski.com\/fr\/wp-json\/wp\/v2\/pages\/12480\/revisions\/233538"}],"wp:attachment":[{"href":"https:\/\/oxyski.com\/fr\/wp-json\/wp\/v2\/media?parent=12480"}],"curies":[{"name":"wp","href":"https:\/\/api.w.org\/{rel}","templated":true}]}}